{"id":18549,"date":"2020-11-15T20:11:09","date_gmt":"2020-11-15T19:11:09","guid":{"rendered":"http:\/\/cocobae.sk\/?page_id=18549"},"modified":"2020-12-22T11:01:35","modified_gmt":"2020-12-22T10:01:35","slug":"spravcovska-cinnost","status":"publish","type":"page","link":"https:\/\/www.ssdz.sk\/ssdz\/spravcovska-cinnost\/","title":{"rendered":"Spr\u00e1vcovsk\u00e1 \u010dinnos\u0165"},"content":{"rendered":"\t\t<div data-elementor-type=\"wp-page\" data-elementor-id=\"18549\" class=\"elementor elementor-18549\">\n\t\t\t\t\t\t<section class=\"elementor-section elementor-top-section elementor-element elementor-element-30dffad elementor-section-boxed elementor-section-height-default elementor-section-height-default\" data-id=\"30dffad\" data-element_type=\"section\">\n\t\t\t\t\t\t<div class=\"elementor-container elementor-column-gap-default\">\n\t\t\t\t\t<div class=\"elementor-column elementor-col-100 elementor-top-column elementor-element elementor-element-9a50dbd\" data-id=\"9a50dbd\" data-element_type=\"column\">\n\t\t\t<div class=\"elementor-widget-wrap elementor-element-populated\">\n\t\t\t\t\t\t<div class=\"elementor-element elementor-element-46fed7d elementor-widget elementor-widget-text-editor\" data-id=\"46fed7d\" data-element_type=\"widget\" data-widget_type=\"text-editor.default\">\n\t\t\t\t<div class=\"elementor-widget-container\">\n\t\t\t\t\t\t\t<p><strong>Spr\u00e1va nehnute\u013enost\u00ed<\/strong><br \/>prin\u00e1\u0161a so sebou mno\u017estvo technick\u00fdch, ekonomick\u00fdch, prev\u00e1dzkov\u00fdch a pr\u00e1vnych \u010dinnost\u00ed. Na ich zabezpe\u010denie je potrebn\u00e1 sk\u00fasenos\u0165, ktor\u00fa SSDZ, a.s. nadobudla dlhoro\u010dnou spr\u00e1vou vlastn\u00fdch objektov. Prioritn\u00fdm cie\u013eom je maxim\u00e1lna spokojnos\u0165 na\u0161ich klientov, ktor\u00fdmi s\u00fa najm\u00e4 zastupite\u013esk\u00e9 \u00farady a ich pracovn\u00edci.<\/p><p><strong>Ekonomick\u00e9 \u010dinnosti:<\/strong><\/p><ul><li>vedenie evidencie pr\u00edjmov a v\u00fddavkov domov<\/li><li>vykon\u00e1vanie v\u0161etk\u00fdch \u00fahrad s\u00favisiacich s prev\u00e1dzkou nehnute\u013enost\u00ed vr\u00e1tane verejn\u00fdch poplatkov<\/li><li>v\u00fdpo\u010det predpisov\u00fdch mesa\u010dn\u00fdch \u00fahrad za slu\u017eby spojen\u00e9 s u\u017e\u00edvan\u00edm priestorov<\/li><li>roz\u00fa\u010dtovanie jednotliv\u00fdch n\u00e1kladov na u\u017e\u00edvate\u013eov nehnute\u013enost\u00ed<\/li><li>cenov\u00e1, technick\u00e1 a vecn\u00e1 kontrola pr\u00e1c a ich faktur\u00e1cia<\/li><\/ul><p><strong>Technick\u00e9 procesy:<\/strong><\/p><ul><li>pravideln\u00e9 obhliadky nehnute\u013enost\u00ed<\/li><li>be\u017en\u00e9 opravy a \u00fadr\u017eba nehnute\u013enost\u00ed<\/li><li>odborn\u00e9 prehliadky vyhraden\u00fdch technick\u00fdch zariaden\u00ed<\/li><\/ul><p><strong>Prev\u00e1dzkov\u00e1 \u010dinnos\u0165:<\/strong><br \/>Zabezpe\u010dovanie zmluvn\u00fdch vz\u0165ahov s dod\u00e1vate\u013emi slu\u017eieb<\/p><ul><li>vykurovania nehnute\u013enost\u00ed<\/li><li>vodn\u00e9ho a sto\u010dn\u00e9ho<\/li><li>elektrickej energie<\/li><li>plynu<\/li><li>odvozu a likvid\u00e1cie odpadu<\/li><li>prev\u00e1dzky v\u00fd\u0165ahov<\/li><li>informa\u010dnej a str\u00e1\u017enej slu\u017eby<\/li><li>starostlivos\u0165 o zele\u0148<\/li><\/ul><p><strong>Zabezpe\u010denie:<\/strong><\/p><ul><li>upratovania domov<\/li><li>zriadenia k\u00e1blovej telev\u00edzie<\/li><li>zriadenia telekomunika\u010dn\u00fdch slu\u017eieb<\/li><li>zavedenie internetu, UPC, satelity<\/li><\/ul><h2>Kontakt<\/h2><p><strong>Oddelenie spr\u00e1vy bytov a nebytov\u00fdch priestorov<\/strong><br \/>tel.: +421 2 5920 5744<br \/>mobil: +421 918\u00a0423 233<br \/>fax: +421 2 5920 5752<br \/>e-mail:\u00a0<a href=\"mailto:hrenovcik@ssdz.sk\">hrenovcik@ssdz.sk<\/a><\/p>\t\t\t\t\t\t<\/div>\n\t\t\t\t<\/div>\n\t\t\t\t\t<\/div>\n\t\t<\/div>\n\t\t\t\t\t<\/div>\n\t\t<\/section>\n\t\t\t\t<\/div>\n\t\t","protected":false},"excerpt":{"rendered":"<p>Spr\u00e1va nehnute\u013enost\u00edprin\u00e1\u0161a so sebou mno\u017estvo technick\u00fdch, ekonomick\u00fdch, prev\u00e1dzkov\u00fdch a pr\u00e1vnych \u010dinnost\u00ed. Na ich zabezpe\u010denie je potrebn\u00e1 sk\u00fasenos\u0165, ktor\u00fa SSDZ, a.s. nadobudla dlhoro\u010dnou spr\u00e1vou vlastn\u00fdch objektov. Prioritn\u00fdm cie\u013eom je maxim\u00e1lna spokojnos\u0165 na\u0161ich klientov, ktor\u00fdmi s\u00fa najm\u00e4 zastupite\u013esk\u00e9 \u00farady a ich pracovn\u00edci. Ekonomick\u00e9 \u010dinnosti: vedenie evidencie pr\u00edjmov a v\u00fddavkov domov vykon\u00e1vanie v\u0161etk\u00fdch \u00fahrad s\u00favisiacich s prev\u00e1dzkou nehnute\u013enost\u00ed vr\u00e1tane verejn\u00fdch poplatkov v\u00fdpo\u010det predpisov\u00fdch mesa\u010dn\u00fdch \u00fahrad za slu\u017eby &#8230;<\/p>\n","protected":false},"author":1,"featured_media":18403,"parent":0,"menu_order":0,"comment_status":"closed","ping_status":"closed","template":"","meta":{"footnotes":""},"class_list":["post-18549","page","type-page","status-publish","has-post-thumbnail","hentry"],"yoast_head":"<!-- This site is optimized with the Yoast SEO plugin v23.5 - https:\/\/yoast.com\/wordpress\/plugins\/seo\/ -->\n<title>Spr\u00e1vcovsk\u00e1 \u010dinnos\u0165 - Spr\u00e1va slu\u017eieb diplomatick\u00e9mu zboru<\/title>\n<meta name=\"robots\" content=\"index, follow, max-snippet:-1, max-image-preview:large, max-video-preview:-1\" \/>\n<link rel=\"canonical\" href=\"https:\/\/www.ssdz.sk\/ssdz\/spravcovska-cinnost\/\" \/>\n<meta property=\"og:locale\" content=\"sk_SK\" \/>\n<meta property=\"og:type\" content=\"article\" \/>\n<meta property=\"og:title\" content=\"Spr\u00e1vcovsk\u00e1 \u010dinnos\u0165 - Spr\u00e1va slu\u017eieb diplomatick\u00e9mu zboru\" \/>\n<meta property=\"og:description\" content=\"Spr\u00e1va nehnute\u013enost\u00edprin\u00e1\u0161a so sebou mno\u017estvo technick\u00fdch, ekonomick\u00fdch, prev\u00e1dzkov\u00fdch a pr\u00e1vnych \u010dinnost\u00ed. Na ich zabezpe\u010denie je potrebn\u00e1 sk\u00fasenos\u0165, ktor\u00fa SSDZ, a.s. nadobudla dlhoro\u010dnou spr\u00e1vou vlastn\u00fdch objektov. Prioritn\u00fdm cie\u013eom je maxim\u00e1lna spokojnos\u0165 na\u0161ich klientov, ktor\u00fdmi s\u00fa najm\u00e4 zastupite\u013esk\u00e9 \u00farady a ich pracovn\u00edci. Ekonomick\u00e9 \u010dinnosti: vedenie evidencie pr\u00edjmov a v\u00fddavkov domov vykon\u00e1vanie v\u0161etk\u00fdch \u00fahrad s\u00favisiacich s prev\u00e1dzkou nehnute\u013enost\u00ed vr\u00e1tane verejn\u00fdch poplatkov v\u00fdpo\u010det predpisov\u00fdch mesa\u010dn\u00fdch \u00fahrad za slu\u017eby ...\" \/>\n<meta property=\"og:url\" content=\"https:\/\/www.ssdz.sk\/ssdz\/spravcovska-cinnost\/\" \/>\n<meta property=\"og:site_name\" content=\"Spr\u00e1va slu\u017eieb diplomatick\u00e9mu zboru\" \/>\n<meta property=\"article:modified_time\" content=\"2020-12-22T10:01:35+00:00\" \/>\n<meta property=\"og:image\" content=\"https:\/\/www.ssdz.sk\/ssdz\/wp-content\/uploads\/2020\/11\/Kutscherfeldov-palac_1.jpg\" \/>\n\t<meta property=\"og:image:width\" content=\"800\" \/>\n\t<meta property=\"og:image:height\" content=\"533\" \/>\n\t<meta property=\"og:image:type\" content=\"image\/jpeg\" \/>\n<meta name=\"twitter:card\" content=\"summary_large_image\" \/>\n<meta name=\"twitter:label1\" content=\"Predpokladan\u00fd \u010das \u010d\u00edtania\" \/>\n\t<meta name=\"twitter:data1\" content=\"1 min\u00fata\" \/>\n<script type=\"application\/ld+json\" class=\"yoast-schema-graph\">{\"@context\":\"https:\/\/schema.org\",\"@graph\":[{\"@type\":\"WebPage\",\"@id\":\"https:\/\/www.ssdz.sk\/ssdz\/spravcovska-cinnost\/\",\"url\":\"https:\/\/www.ssdz.sk\/ssdz\/spravcovska-cinnost\/\",\"name\":\"Spr\u00e1vcovsk\u00e1 \u010dinnos\u0165 - Spr\u00e1va slu\u017eieb diplomatick\u00e9mu zboru\",\"isPartOf\":{\"@id\":\"https:\/\/www.ssdz.sk\/ssdz\/#website\"},\"primaryImageOfPage\":{\"@id\":\"https:\/\/www.ssdz.sk\/ssdz\/spravcovska-cinnost\/#primaryimage\"},\"image\":{\"@id\":\"https:\/\/www.ssdz.sk\/ssdz\/spravcovska-cinnost\/#primaryimage\"},\"thumbnailUrl\":\"https:\/\/www.ssdz.sk\/ssdz\/wp-content\/uploads\/2020\/11\/Kutscherfeldov-palac_1.jpg\",\"datePublished\":\"2020-11-15T19:11:09+00:00\",\"dateModified\":\"2020-12-22T10:01:35+00:00\",\"breadcrumb\":{\"@id\":\"https:\/\/www.ssdz.sk\/ssdz\/spravcovska-cinnost\/#breadcrumb\"},\"inLanguage\":\"sk-SK\",\"potentialAction\":[{\"@type\":\"ReadAction\",\"target\":[\"https:\/\/www.ssdz.sk\/ssdz\/spravcovska-cinnost\/\"]}]},{\"@type\":\"ImageObject\",\"inLanguage\":\"sk-SK\",\"@id\":\"https:\/\/www.ssdz.sk\/ssdz\/spravcovska-cinnost\/#primaryimage\",\"url\":\"https:\/\/www.ssdz.sk\/ssdz\/wp-content\/uploads\/2020\/11\/Kutscherfeldov-palac_1.jpg\",\"contentUrl\":\"https:\/\/www.ssdz.sk\/ssdz\/wp-content\/uploads\/2020\/11\/Kutscherfeldov-palac_1.jpg\",\"width\":800,\"height\":533},{\"@type\":\"BreadcrumbList\",\"@id\":\"https:\/\/www.ssdz.sk\/ssdz\/spravcovska-cinnost\/#breadcrumb\",\"itemListElement\":[{\"@type\":\"ListItem\",\"position\":1,\"name\":\"Domovsk\u00e1 str\u00e1nka\",\"item\":\"https:\/\/www.ssdz.sk\/ssdz\/\"},{\"@type\":\"ListItem\",\"position\":2,\"name\":\"Spr\u00e1vcovsk\u00e1 \u010dinnos\u0165\"}]},{\"@type\":\"WebSite\",\"@id\":\"https:\/\/www.ssdz.sk\/ssdz\/#website\",\"url\":\"https:\/\/www.ssdz.sk\/ssdz\/\",\"name\":\"Spr\u00e1va slu\u017eieb diplomatick\u00e9mu zboru\",\"description\":\"\",\"potentialAction\":[{\"@type\":\"SearchAction\",\"target\":{\"@type\":\"EntryPoint\",\"urlTemplate\":\"https:\/\/www.ssdz.sk\/ssdz\/?s={search_term_string}\"},\"query-input\":{\"@type\":\"PropertyValueSpecification\",\"valueRequired\":true,\"valueName\":\"search_term_string\"}}],\"inLanguage\":\"sk-SK\"}]}<\/script>\n<!-- \/ Yoast SEO plugin. -->","yoast_head_json":{"title":"Spr\u00e1vcovsk\u00e1 \u010dinnos\u0165 - Spr\u00e1va slu\u017eieb diplomatick\u00e9mu zboru","robots":{"index":"index","follow":"follow","max-snippet":"max-snippet:-1","max-image-preview":"max-image-preview:large","max-video-preview":"max-video-preview:-1"},"canonical":"https:\/\/www.ssdz.sk\/ssdz\/spravcovska-cinnost\/","og_locale":"sk_SK","og_type":"article","og_title":"Spr\u00e1vcovsk\u00e1 \u010dinnos\u0165 - Spr\u00e1va slu\u017eieb diplomatick\u00e9mu zboru","og_description":"Spr\u00e1va nehnute\u013enost\u00edprin\u00e1\u0161a so sebou mno\u017estvo technick\u00fdch, ekonomick\u00fdch, prev\u00e1dzkov\u00fdch a pr\u00e1vnych \u010dinnost\u00ed. Na ich zabezpe\u010denie je potrebn\u00e1 sk\u00fasenos\u0165, ktor\u00fa SSDZ, a.s. nadobudla dlhoro\u010dnou spr\u00e1vou vlastn\u00fdch objektov. Prioritn\u00fdm cie\u013eom je maxim\u00e1lna spokojnos\u0165 na\u0161ich klientov, ktor\u00fdmi s\u00fa najm\u00e4 zastupite\u013esk\u00e9 \u00farady a ich pracovn\u00edci. Ekonomick\u00e9 \u010dinnosti: vedenie evidencie pr\u00edjmov a v\u00fddavkov domov vykon\u00e1vanie v\u0161etk\u00fdch \u00fahrad s\u00favisiacich s prev\u00e1dzkou nehnute\u013enost\u00ed vr\u00e1tane verejn\u00fdch poplatkov v\u00fdpo\u010det predpisov\u00fdch mesa\u010dn\u00fdch \u00fahrad za slu\u017eby ...","og_url":"https:\/\/www.ssdz.sk\/ssdz\/spravcovska-cinnost\/","og_site_name":"Spr\u00e1va slu\u017eieb diplomatick\u00e9mu zboru","article_modified_time":"2020-12-22T10:01:35+00:00","og_image":[{"width":800,"height":533,"url":"https:\/\/www.ssdz.sk\/ssdz\/wp-content\/uploads\/2020\/11\/Kutscherfeldov-palac_1.jpg","type":"image\/jpeg"}],"twitter_card":"summary_large_image","twitter_misc":{"Predpokladan\u00fd \u010das \u010d\u00edtania":"1 min\u00fata"},"schema":{"@context":"https:\/\/schema.org","@graph":[{"@type":"WebPage","@id":"https:\/\/www.ssdz.sk\/ssdz\/spravcovska-cinnost\/","url":"https:\/\/www.ssdz.sk\/ssdz\/spravcovska-cinnost\/","name":"Spr\u00e1vcovsk\u00e1 \u010dinnos\u0165 - Spr\u00e1va slu\u017eieb diplomatick\u00e9mu zboru","isPartOf":{"@id":"https:\/\/www.ssdz.sk\/ssdz\/#website"},"primaryImageOfPage":{"@id":"https:\/\/www.ssdz.sk\/ssdz\/spravcovska-cinnost\/#primaryimage"},"image":{"@id":"https:\/\/www.ssdz.sk\/ssdz\/spravcovska-cinnost\/#primaryimage"},"thumbnailUrl":"https:\/\/www.ssdz.sk\/ssdz\/wp-content\/uploads\/2020\/11\/Kutscherfeldov-palac_1.jpg","datePublished":"2020-11-15T19:11:09+00:00","dateModified":"2020-12-22T10:01:35+00:00","breadcrumb":{"@id":"https:\/\/www.ssdz.sk\/ssdz\/spravcovska-cinnost\/#breadcrumb"},"inLanguage":"sk-SK","potentialAction":[{"@type":"ReadAction","target":["https:\/\/www.ssdz.sk\/ssdz\/spravcovska-cinnost\/"]}]},{"@type":"ImageObject","inLanguage":"sk-SK","@id":"https:\/\/www.ssdz.sk\/ssdz\/spravcovska-cinnost\/#primaryimage","url":"https:\/\/www.ssdz.sk\/ssdz\/wp-content\/uploads\/2020\/11\/Kutscherfeldov-palac_1.jpg","contentUrl":"https:\/\/www.ssdz.sk\/ssdz\/wp-content\/uploads\/2020\/11\/Kutscherfeldov-palac_1.jpg","width":800,"height":533},{"@type":"BreadcrumbList","@id":"https:\/\/www.ssdz.sk\/ssdz\/spravcovska-cinnost\/#breadcrumb","itemListElement":[{"@type":"ListItem","position":1,"name":"Domovsk\u00e1 str\u00e1nka","item":"https:\/\/www.ssdz.sk\/ssdz\/"},{"@type":"ListItem","position":2,"name":"Spr\u00e1vcovsk\u00e1 \u010dinnos\u0165"}]},{"@type":"WebSite","@id":"https:\/\/www.ssdz.sk\/ssdz\/#website","url":"https:\/\/www.ssdz.sk\/ssdz\/","name":"Spr\u00e1va slu\u017eieb diplomatick\u00e9mu zboru","description":"","potentialAction":[{"@type":"SearchAction","target":{"@type":"EntryPoint","urlTemplate":"https:\/\/www.ssdz.sk\/ssdz\/?s={search_term_string}"},"query-input":{"@type":"PropertyValueSpecification","valueRequired":true,"valueName":"search_term_string"}}],"inLanguage":"sk-SK"}]}},"_links":{"self":[{"href":"https:\/\/www.ssdz.sk\/ssdz\/wp-json\/wp\/v2\/pages\/18549"}],"collection":[{"href":"https:\/\/www.ssdz.sk\/ssdz\/wp-json\/wp\/v2\/pages"}],"about":[{"href":"https:\/\/www.ssdz.sk\/ssdz\/wp-json\/wp\/v2\/types\/page"}],"author":[{"embeddable":true,"href":"https:\/\/www.ssdz.sk\/ssdz\/wp-json\/wp\/v2\/users\/1"}],"replies":[{"embeddable":true,"href":"https:\/\/www.ssdz.sk\/ssdz\/wp-json\/wp\/v2\/comments?post=18549"}],"version-history":[{"count":14,"href":"https:\/\/www.ssdz.sk\/ssdz\/wp-json\/wp\/v2\/pages\/18549\/revisions"}],"predecessor-version":[{"id":20178,"href":"https:\/\/www.ssdz.sk\/ssdz\/wp-json\/wp\/v2\/pages\/18549\/revisions\/20178"}],"wp:featuredmedia":[{"embeddable":true,"href":"https:\/\/www.ssdz.sk\/ssdz\/wp-json\/wp\/v2\/media\/18403"}],"wp:attachment":[{"href":"https:\/\/www.ssdz.sk\/ssdz\/wp-json\/wp\/v2\/media?parent=18549"}],"curies":[{"name":"wp","href":"https:\/\/api.w.org\/{rel}","templated":true}]}}