{"id":18552,"date":"2020-11-15T20:16:27","date_gmt":"2020-11-15T19:16:27","guid":{"rendered":"http:\/\/cocobae.sk\/?page_id=18552"},"modified":"2025-03-14T14:27:21","modified_gmt":"2025-03-14T13:27:21","slug":"virtualne-sidla-zriadovanie-registracneho-sidla","status":"publish","type":"page","link":"https:\/\/www.ssdz.sk\/ssdz\/virtualne-sidla-zriadovanie-registracneho-sidla\/","title":{"rendered":"Virtu\u00e1lne s\u00eddla &#8211; zria\u010fovanie registra\u010dn\u00e9ho s\u00eddla"},"content":{"rendered":"\t\t<div data-elementor-type=\"wp-page\" data-elementor-id=\"18552\" class=\"elementor elementor-18552\">\n\t\t\t\t\t\t<section class=\"elementor-section elementor-top-section elementor-element elementor-element-1a776ee elementor-section-boxed elementor-section-height-default elementor-section-height-default\" data-id=\"1a776ee\" data-element_type=\"section\">\n\t\t\t\t\t\t<div class=\"elementor-container elementor-column-gap-default\">\n\t\t\t\t\t<div class=\"elementor-column elementor-col-100 elementor-top-column elementor-element elementor-element-7e48811\" data-id=\"7e48811\" data-element_type=\"column\">\n\t\t\t<div class=\"elementor-widget-wrap elementor-element-populated\">\n\t\t\t\t\t\t<div class=\"elementor-element elementor-element-06eea0c elementor-widget elementor-widget-text-editor\" data-id=\"06eea0c\" data-element_type=\"widget\" data-widget_type=\"text-editor.default\">\n\t\t\t\t<div class=\"elementor-widget-container\">\n\t\t\t\t\t\t\t<p align=\"JUSTIFY\">Jednou z\u00a0nevyhnutn\u00fdch podmienok pri zakladan\u00ed novej spolo\u010dnosti (s.r.o., a.s., ob\u010dianske zdru\u017eenie, \u017eivnostn\u00edk&#8230;) je definovanie jej registra\u010dn\u00e9ho s\u00eddla. S\u00eddlo spolo\u010dnosti sa zapisuje do obchodn\u00e9ho registra Slovenskej republiky, ktor\u00fd t\u00fato skuto\u010dnos\u0165 zverej\u0148uje. S\u00eddlo spolo\u010dnosti m\u00f4\u017ee by\u0165 registrovan\u00e9 na\u00a0nehnute\u013enos\u0165, ktor\u00e1 je v\u00a0jej vlastn\u00edctve, na nehnute\u013enos\u0165 ktor\u00fa m\u00e1 spolo\u010dnos\u0165 v\u00a0n\u00e1jme, alebo si spolo\u010dnos\u0165 m\u00f4\u017ee registrova\u0165 svoje s\u00eddlo formou zriadenia virtu\u00e1lneho s\u00eddla. Prv\u00e9 dve mo\u017enosti, aj ke\u010f s\u00fa v\u00a0s\u00fa\u010dasnosti naj\u010dastej\u0161ie vyu\u017e\u00edvan\u00e9, prin\u00e1\u0161aj\u00fa so sebou viacero nev\u00fdhod a\u00a0kompil\u00e1ci\u00ed. Naopak zria\u010fovanie s\u00eddiel pre spolo\u010dnosti formou virtu\u00e1lneho s\u00eddla prin\u00e1\u0161a pre podnikate\u013eov mno\u017estvo v\u00fdhod a\u00a0benefitov, \u010di u\u017e v podobe \u00faspor finan\u010dn\u00fdch prostriedkov, mo\u017enosti v\u00fdberu prest\u00ed\u017enej adresy alebo delegovania administrat\u00edvnych \u010dinnost\u00ed. Aj toto s\u00fa d\u00f4vody, pre\u010do v\u00a0s\u00fa\u010dasnosti rastie z\u00e1ujem spolo\u010dnost\u00ed o\u00a0zriadenie virtu\u00e1lneho s\u00eddla.<\/p><p align=\"JUSTIFY\">Spr\u00e1va slu\u017eieb diplomatick\u00e9mu zboru, a.s. m\u00e1 dlhodob\u00e9 sk\u00fasenosti s\u00a0poskytovan\u00edm slu\u017eieb na realitnom trhu. Kvalitn\u00e9 person\u00e1lne z\u00e1zemie, siln\u00e1 technick\u00e1 vybavenos\u0165, ale najm\u00e4 dlhodob\u00e9 p\u00f4sobenie na trhu garantuj\u00fa profesion\u00e1lny a\u00a0odborn\u00fd pr\u00edstup pri rie\u0161en\u00ed po\u017eiadaviek klientov. Spolu so zriaden\u00edm registra\u010dn\u00e9ho s\u00eddla V\u00e1m pon\u00fakame aj \u010fal\u0161ie benefity:<\/p>\t\t\t\t\t\t<\/div>\n\t\t\t\t<\/div>\n\t\t\t\t<div class=\"elementor-element elementor-element-ec5e4f1 elementor-widget elementor-widget-text-editor\" data-id=\"ec5e4f1\" data-element_type=\"widget\" data-widget_type=\"text-editor.default\">\n\t\t\t\t<div class=\"elementor-widget-container\">\n\t\t\t\t\t\t\t<ul><li>mo\u017enos\u0165 kr\u00e1tkodob\u00e9ho pren\u00e1jmu zasada\u010dky<\/li><li>mo\u017enos\u0165 kr\u00e1tkodob\u00e9ho parkovania<\/li><li>24 hod. recepcia<\/li><li>vyv\u00e1\u017een\u00e9 bal\u00edky slu\u017eieb, ale najm\u00e4 mo\u017enos\u0165 zriadenia s\u00eddla na prest\u00ed\u017enej adrese.<\/li><\/ul>\t\t\t\t\t\t<\/div>\n\t\t\t\t<\/div>\n\t\t\t\t\t<\/div>\n\t\t<\/div>\n\t\t\t\t\t<\/div>\n\t\t<\/section>\n\t\t\t\t<section class=\"elementor-section elementor-top-section elementor-element elementor-element-4bb2255 elementor-section-boxed elementor-section-height-default elementor-section-height-default\" data-id=\"4bb2255\" data-element_type=\"section\">\n\t\t\t\t\t\t<div class=\"elementor-container elementor-column-gap-default\">\n\t\t\t\t\t<div class=\"elementor-column elementor-col-100 elementor-top-column elementor-element elementor-element-216b64c\" data-id=\"216b64c\" data-element_type=\"column\">\n\t\t\t<div class=\"elementor-widget-wrap elementor-element-populated\">\n\t\t\t\t\t\t<div class=\"elementor-element elementor-element-df808b6 elementor-widget elementor-widget-text-editor\" data-id=\"df808b6\" data-element_type=\"widget\" data-widget_type=\"text-editor.default\">\n\t\t\t\t<div class=\"elementor-widget-container\">\n\t\t\t\t\t\t\t<h2>Kontakt<\/h2>\n<table style=\"height: 85px;\" border=\"0\" width=\"799\" cellspacing=\"0\" cellpadding=\"1\">\n<tbody>\n<tr>\n<td>Peter babinec, BBA.HM<\/td>\n<td>+421 2 5920 5774<\/td>\n<td>+421 918&nbsp;933 113<\/td>\n<\/tr>\n<tr>\n<td>Ing. Radoslava Krab\u00e1\u010dov\u00e1<\/td>\n<td>+421 2 5920 5716<\/td>\n<td>+421 918 445&nbsp;045<\/td>\n<\/tr>\n<tr>\n<td>Ing L\u00fddia Barbier<\/td>\n<td>+421 2 5920 5733<\/td>\n<td>+421 905 065 041<\/td>\n<\/tr>\n<\/tbody>\n<\/table>\n<p>e-mail: <a href=\"mailto:reality@ssdz.sk\">reality@ssdz.sk<\/a><\/p>\t\t\t\t\t\t<\/div>\n\t\t\t\t<\/div>\n\t\t\t\t\t<\/div>\n\t\t<\/div>\n\t\t\t\t\t<\/div>\n\t\t<\/section>\n\t\t\t\t<\/div>\n\t\t","protected":false},"excerpt":{"rendered":"<p>Jednou z\u00a0nevyhnutn\u00fdch podmienok pri zakladan\u00ed novej spolo\u010dnosti (s.r.o., a.s., ob\u010dianske zdru\u017eenie, \u017eivnostn\u00edk&#8230;) je definovanie jej registra\u010dn\u00e9ho s\u00eddla. S\u00eddlo spolo\u010dnosti sa zapisuje do obchodn\u00e9ho registra Slovenskej republiky, ktor\u00fd t\u00fato skuto\u010dnos\u0165 zverej\u0148uje. S\u00eddlo spolo\u010dnosti m\u00f4\u017ee by\u0165 registrovan\u00e9 na\u00a0nehnute\u013enos\u0165, ktor\u00e1 je v\u00a0jej vlastn\u00edctve, na nehnute\u013enos\u0165 ktor\u00fa m\u00e1 spolo\u010dnos\u0165 v\u00a0n\u00e1jme, alebo si spolo\u010dnos\u0165 m\u00f4\u017ee registrova\u0165 svoje s\u00eddlo formou zriadenia virtu\u00e1lneho s\u00eddla. Prv\u00e9 dve mo\u017enosti, aj ke\u010f s\u00fa v\u00a0s\u00fa\u010dasnosti &#8230;<\/p>\n","protected":false},"author":1,"featured_media":0,"parent":0,"menu_order":0,"comment_status":"closed","ping_status":"closed","template":"","meta":{"footnotes":""},"class_list":["post-18552","page","type-page","status-publish","hentry"],"yoast_head":"<!-- This site is optimized with the Yoast SEO plugin v23.5 - https:\/\/yoast.com\/wordpress\/plugins\/seo\/ -->\n<title>Virtu\u00e1lne s\u00eddla - zria\u010fovanie registra\u010dn\u00e9ho s\u00eddla - Spr\u00e1va slu\u017eieb diplomatick\u00e9mu zboru<\/title>\n<meta name=\"robots\" content=\"index, follow, max-snippet:-1, max-image-preview:large, max-video-preview:-1\" \/>\n<link rel=\"canonical\" href=\"https:\/\/www.ssdz.sk\/ssdz\/virtualne-sidla-zriadovanie-registracneho-sidla\/\" \/>\n<meta property=\"og:locale\" content=\"sk_SK\" \/>\n<meta property=\"og:type\" content=\"article\" \/>\n<meta property=\"og:title\" content=\"Virtu\u00e1lne s\u00eddla - zria\u010fovanie registra\u010dn\u00e9ho s\u00eddla - Spr\u00e1va slu\u017eieb diplomatick\u00e9mu zboru\" \/>\n<meta property=\"og:description\" content=\"Jednou z\u00a0nevyhnutn\u00fdch podmienok pri zakladan\u00ed novej spolo\u010dnosti (s.r.o., a.s., ob\u010dianske zdru\u017eenie, \u017eivnostn\u00edk&#8230;) je definovanie jej registra\u010dn\u00e9ho s\u00eddla. S\u00eddlo spolo\u010dnosti sa zapisuje do obchodn\u00e9ho registra Slovenskej republiky, ktor\u00fd t\u00fato skuto\u010dnos\u0165 zverej\u0148uje. S\u00eddlo spolo\u010dnosti m\u00f4\u017ee by\u0165 registrovan\u00e9 na\u00a0nehnute\u013enos\u0165, ktor\u00e1 je v\u00a0jej vlastn\u00edctve, na nehnute\u013enos\u0165 ktor\u00fa m\u00e1 spolo\u010dnos\u0165 v\u00a0n\u00e1jme, alebo si spolo\u010dnos\u0165 m\u00f4\u017ee registrova\u0165 svoje s\u00eddlo formou zriadenia virtu\u00e1lneho s\u00eddla. Prv\u00e9 dve mo\u017enosti, aj ke\u010f s\u00fa v\u00a0s\u00fa\u010dasnosti ...\" \/>\n<meta property=\"og:url\" content=\"https:\/\/www.ssdz.sk\/ssdz\/virtualne-sidla-zriadovanie-registracneho-sidla\/\" \/>\n<meta property=\"og:site_name\" content=\"Spr\u00e1va slu\u017eieb diplomatick\u00e9mu zboru\" \/>\n<meta property=\"article:modified_time\" content=\"2025-03-14T13:27:21+00:00\" \/>\n<meta name=\"twitter:card\" content=\"summary_large_image\" \/>\n<meta name=\"twitter:label1\" content=\"Predpokladan\u00fd \u010das \u010d\u00edtania\" \/>\n\t<meta name=\"twitter:data1\" content=\"2 min\u00faty\" \/>\n<script type=\"application\/ld+json\" class=\"yoast-schema-graph\">{\"@context\":\"https:\/\/schema.org\",\"@graph\":[{\"@type\":\"WebPage\",\"@id\":\"https:\/\/www.ssdz.sk\/ssdz\/virtualne-sidla-zriadovanie-registracneho-sidla\/\",\"url\":\"https:\/\/www.ssdz.sk\/ssdz\/virtualne-sidla-zriadovanie-registracneho-sidla\/\",\"name\":\"Virtu\u00e1lne s\u00eddla - zria\u010fovanie registra\u010dn\u00e9ho s\u00eddla - Spr\u00e1va slu\u017eieb diplomatick\u00e9mu zboru\",\"isPartOf\":{\"@id\":\"https:\/\/www.ssdz.sk\/ssdz\/#website\"},\"datePublished\":\"2020-11-15T19:16:27+00:00\",\"dateModified\":\"2025-03-14T13:27:21+00:00\",\"breadcrumb\":{\"@id\":\"https:\/\/www.ssdz.sk\/ssdz\/virtualne-sidla-zriadovanie-registracneho-sidla\/#breadcrumb\"},\"inLanguage\":\"sk-SK\",\"potentialAction\":[{\"@type\":\"ReadAction\",\"target\":[\"https:\/\/www.ssdz.sk\/ssdz\/virtualne-sidla-zriadovanie-registracneho-sidla\/\"]}]},{\"@type\":\"BreadcrumbList\",\"@id\":\"https:\/\/www.ssdz.sk\/ssdz\/virtualne-sidla-zriadovanie-registracneho-sidla\/#breadcrumb\",\"itemListElement\":[{\"@type\":\"ListItem\",\"position\":1,\"name\":\"Domovsk\u00e1 str\u00e1nka\",\"item\":\"https:\/\/www.ssdz.sk\/ssdz\/\"},{\"@type\":\"ListItem\",\"position\":2,\"name\":\"Virtu\u00e1lne s\u00eddla &#8211; zria\u010fovanie registra\u010dn\u00e9ho s\u00eddla\"}]},{\"@type\":\"WebSite\",\"@id\":\"https:\/\/www.ssdz.sk\/ssdz\/#website\",\"url\":\"https:\/\/www.ssdz.sk\/ssdz\/\",\"name\":\"Spr\u00e1va slu\u017eieb diplomatick\u00e9mu zboru\",\"description\":\"\",\"potentialAction\":[{\"@type\":\"SearchAction\",\"target\":{\"@type\":\"EntryPoint\",\"urlTemplate\":\"https:\/\/www.ssdz.sk\/ssdz\/?s={search_term_string}\"},\"query-input\":{\"@type\":\"PropertyValueSpecification\",\"valueRequired\":true,\"valueName\":\"search_term_string\"}}],\"inLanguage\":\"sk-SK\"}]}<\/script>\n<!-- \/ Yoast SEO plugin. -->","yoast_head_json":{"title":"Virtu\u00e1lne s\u00eddla - zria\u010fovanie registra\u010dn\u00e9ho s\u00eddla - Spr\u00e1va slu\u017eieb diplomatick\u00e9mu zboru","robots":{"index":"index","follow":"follow","max-snippet":"max-snippet:-1","max-image-preview":"max-image-preview:large","max-video-preview":"max-video-preview:-1"},"canonical":"https:\/\/www.ssdz.sk\/ssdz\/virtualne-sidla-zriadovanie-registracneho-sidla\/","og_locale":"sk_SK","og_type":"article","og_title":"Virtu\u00e1lne s\u00eddla - zria\u010fovanie registra\u010dn\u00e9ho s\u00eddla - Spr\u00e1va slu\u017eieb diplomatick\u00e9mu zboru","og_description":"Jednou z\u00a0nevyhnutn\u00fdch podmienok pri zakladan\u00ed novej spolo\u010dnosti (s.r.o., a.s., ob\u010dianske zdru\u017eenie, \u017eivnostn\u00edk&#8230;) je definovanie jej registra\u010dn\u00e9ho s\u00eddla. S\u00eddlo spolo\u010dnosti sa zapisuje do obchodn\u00e9ho registra Slovenskej republiky, ktor\u00fd t\u00fato skuto\u010dnos\u0165 zverej\u0148uje. S\u00eddlo spolo\u010dnosti m\u00f4\u017ee by\u0165 registrovan\u00e9 na\u00a0nehnute\u013enos\u0165, ktor\u00e1 je v\u00a0jej vlastn\u00edctve, na nehnute\u013enos\u0165 ktor\u00fa m\u00e1 spolo\u010dnos\u0165 v\u00a0n\u00e1jme, alebo si spolo\u010dnos\u0165 m\u00f4\u017ee registrova\u0165 svoje s\u00eddlo formou zriadenia virtu\u00e1lneho s\u00eddla. Prv\u00e9 dve mo\u017enosti, aj ke\u010f s\u00fa v\u00a0s\u00fa\u010dasnosti ...","og_url":"https:\/\/www.ssdz.sk\/ssdz\/virtualne-sidla-zriadovanie-registracneho-sidla\/","og_site_name":"Spr\u00e1va slu\u017eieb diplomatick\u00e9mu zboru","article_modified_time":"2025-03-14T13:27:21+00:00","twitter_card":"summary_large_image","twitter_misc":{"Predpokladan\u00fd \u010das \u010d\u00edtania":"2 min\u00faty"},"schema":{"@context":"https:\/\/schema.org","@graph":[{"@type":"WebPage","@id":"https:\/\/www.ssdz.sk\/ssdz\/virtualne-sidla-zriadovanie-registracneho-sidla\/","url":"https:\/\/www.ssdz.sk\/ssdz\/virtualne-sidla-zriadovanie-registracneho-sidla\/","name":"Virtu\u00e1lne s\u00eddla - zria\u010fovanie registra\u010dn\u00e9ho s\u00eddla - Spr\u00e1va slu\u017eieb diplomatick\u00e9mu zboru","isPartOf":{"@id":"https:\/\/www.ssdz.sk\/ssdz\/#website"},"datePublished":"2020-11-15T19:16:27+00:00","dateModified":"2025-03-14T13:27:21+00:00","breadcrumb":{"@id":"https:\/\/www.ssdz.sk\/ssdz\/virtualne-sidla-zriadovanie-registracneho-sidla\/#breadcrumb"},"inLanguage":"sk-SK","potentialAction":[{"@type":"ReadAction","target":["https:\/\/www.ssdz.sk\/ssdz\/virtualne-sidla-zriadovanie-registracneho-sidla\/"]}]},{"@type":"BreadcrumbList","@id":"https:\/\/www.ssdz.sk\/ssdz\/virtualne-sidla-zriadovanie-registracneho-sidla\/#breadcrumb","itemListElement":[{"@type":"ListItem","position":1,"name":"Domovsk\u00e1 str\u00e1nka","item":"https:\/\/www.ssdz.sk\/ssdz\/"},{"@type":"ListItem","position":2,"name":"Virtu\u00e1lne s\u00eddla &#8211; zria\u010fovanie registra\u010dn\u00e9ho s\u00eddla"}]},{"@type":"WebSite","@id":"https:\/\/www.ssdz.sk\/ssdz\/#website","url":"https:\/\/www.ssdz.sk\/ssdz\/","name":"Spr\u00e1va slu\u017eieb diplomatick\u00e9mu zboru","description":"","potentialAction":[{"@type":"SearchAction","target":{"@type":"EntryPoint","urlTemplate":"https:\/\/www.ssdz.sk\/ssdz\/?s={search_term_string}"},"query-input":{"@type":"PropertyValueSpecification","valueRequired":true,"valueName":"search_term_string"}}],"inLanguage":"sk-SK"}]}},"_links":{"self":[{"href":"https:\/\/www.ssdz.sk\/ssdz\/wp-json\/wp\/v2\/pages\/18552"}],"collection":[{"href":"https:\/\/www.ssdz.sk\/ssdz\/wp-json\/wp\/v2\/pages"}],"about":[{"href":"https:\/\/www.ssdz.sk\/ssdz\/wp-json\/wp\/v2\/types\/page"}],"author":[{"embeddable":true,"href":"https:\/\/www.ssdz.sk\/ssdz\/wp-json\/wp\/v2\/users\/1"}],"replies":[{"embeddable":true,"href":"https:\/\/www.ssdz.sk\/ssdz\/wp-json\/wp\/v2\/comments?post=18552"}],"version-history":[{"count":25,"href":"https:\/\/www.ssdz.sk\/ssdz\/wp-json\/wp\/v2\/pages\/18552\/revisions"}],"predecessor-version":[{"id":23425,"href":"https:\/\/www.ssdz.sk\/ssdz\/wp-json\/wp\/v2\/pages\/18552\/revisions\/23425"}],"wp:attachment":[{"href":"https:\/\/www.ssdz.sk\/ssdz\/wp-json\/wp\/v2\/media?parent=18552"}],"curies":[{"name":"wp","href":"https:\/\/api.w.org\/{rel}","templated":true}]}}