{"id":18559,"date":"2020-11-15T20:45:57","date_gmt":"2020-11-15T19:45:57","guid":{"rendered":"http:\/\/cocobae.sk\/?page_id=18559"},"modified":"2020-12-22T10:59:02","modified_gmt":"2020-12-22T09:59:02","slug":"investicna-cinnost","status":"publish","type":"page","link":"https:\/\/www.ssdz.sk\/ssdz\/investicna-cinnost\/","title":{"rendered":"Investi\u010dn\u00e1 \u010dinnos\u0165"},"content":{"rendered":"\t\t<div data-elementor-type=\"wp-page\" data-elementor-id=\"18559\" class=\"elementor elementor-18559\">\n\t\t\t\t\t\t<section class=\"elementor-section elementor-top-section elementor-element elementor-element-d543866 elementor-section-boxed elementor-section-height-default elementor-section-height-default\" data-id=\"d543866\" data-element_type=\"section\">\n\t\t\t\t\t\t<div class=\"elementor-container elementor-column-gap-default\">\n\t\t\t\t\t<div class=\"elementor-column elementor-col-100 elementor-top-column elementor-element elementor-element-8faf514\" data-id=\"8faf514\" data-element_type=\"column\">\n\t\t\t<div class=\"elementor-widget-wrap elementor-element-populated\">\n\t\t\t\t\t\t<div class=\"elementor-element elementor-element-5c9a651 elementor-widget elementor-widget-text-editor\" data-id=\"5c9a651\" data-element_type=\"widget\" data-widget_type=\"text-editor.default\">\n\t\t\t\t<div class=\"elementor-widget-container\">\n\t\t\t\t\t\t\t<p>SSDZ, a.s. m\u00e1 dlhoro\u010dn\u00fa trad\u00edciu i v oblasti investi\u010dnej v\u00fdstavby. V\u010faka dlhoro\u010dnej spolupr\u00e1ci s cudz\u00edmi zastupite\u013esk\u00fdmi \u00faradmi a odborne zdatn\u00e9mu t\u00edmu pracovn\u00edkov nadobudla kapit\u00e1l v podobe jedine\u010dn\u00e9ho know-how v oblasti pr\u00edpravy a realiz\u00e1cie investi\u010dn\u00fdch projektov so zameran\u00edm sa na funk\u010dnos\u0165 a \u00fa\u010delnos\u0165 dispozi\u010dnej pr\u00edpravy nebytov\u00fdch objektov a bytov\u00fdch objektov preva\u017ene reziden\u010dn\u00e9ho charakteru. Rozvoj spolo\u010dnosti z\u00e1vis\u00ed aj od neust\u00e1lej obnovy, rekon\u0161trukcie a moderniz\u00e1cie nehnute\u013enost\u00ed. Realizovan\u00e9 invest\u00edcie predur\u010duj\u00fa efekt\u00edvnos\u0165 spolo\u010dnosti z dlhodob\u00e9ho h\u013eadiska. V tomto duchu na\u0161a spolo\u010dnos\u0165 postupne rekon\u0161truuje a modernizuje nehnute\u013enosti vo svojom portf\u00f3liu tak, aby zodpovedali najvy\u0161\u0161\u00edm po\u017eiadavk\u00e1m realitn\u00e9ho trhu a zaradili sa medzi objekty s vysok\u00fdm estetick\u00fdm i funk\u010dn\u00fdm \u0161tandardom.<\/p><p>N\u00e1\u0161 t\u00edm odborn\u00edkov v r\u00e1mci investi\u010dnej \u010dinnosti zabezpe\u010duje:<\/p><ul><li>odborn\u00fa poradensk\u00fa a konzulta\u010dn\u00fa \u010dinnos\u0165 v oblasti invest\u00edci\u00ed,<\/li><li>komplexn\u00e9 zabezpe\u010denie investi\u010dnej akcie od spracovania investi\u010dn\u00e9ho z\u00e1meru, cez projektov\u00fa dokument\u00e1ciu, stavebn\u00e9 povolenie, v\u00fdber dod\u00e1vate\u013ea, stavebn\u00fd dozor a\u017e po kolaud\u00e1ciu a odovzdanie stavby u\u017e\u00edvate\u013eovi,<\/li><li>poradensk\u00fa \u010dinnos\u0165 pri n\u00e1vrhoch na dobudovanie interi\u00e9rov, interi\u00e9rov\u00fdch prvkov a exteri\u00e9rov z architektonick\u00e9ho h\u013eadiska,<\/li><li>zabezpe\u010dovanie podkladov pre potrebn\u00e9 povolenia vr\u00e1tane podkladov pre \u00fazemn\u00e9 rozhodnutie, stavebn\u00e9 povolenie a kolauda\u010dn\u00e9 rozhodnutie,<\/li><li>vybavovanie stavebn\u00fdch povolen\u00ed, u\u017e\u00edvac\u00edch povolen\u00ed a \u010fal\u0161\u00edch nevyhnutn\u00fdch \u00fakonov s t\u00fdm spojen\u00fdch, vybavovanie zmien stavieb, ohlasovanie stavieb a udr\u017eiavac\u00edch pr\u00e1c,<\/li><li>vedenie stavieb a stavebn\u00fd dozor.<\/li><\/ul><h2>Kontakt:<\/h2><p><strong>Investi\u010dn\u00e9 oddelenie<\/strong><\/p><p>tel.: +421 5920 5773<br \/>mobil: +421\u00a0918\u00a0442 485<br \/>fax: +421 2 5920 5752<br \/>e-mail:\u00a0<a href=\"mailto:palkovicova@ssdz.sk\"><u>husek@ssdz.sk<\/u><\/a><\/p>\t\t\t\t\t\t<\/div>\n\t\t\t\t<\/div>\n\t\t\t\t\t<\/div>\n\t\t<\/div>\n\t\t\t\t\t<\/div>\n\t\t<\/section>\n\t\t\t\t<\/div>\n\t\t","protected":false},"excerpt":{"rendered":"<p>SSDZ, a.s. m\u00e1 dlhoro\u010dn\u00fa trad\u00edciu i v oblasti investi\u010dnej v\u00fdstavby. V\u010faka dlhoro\u010dnej spolupr\u00e1ci s cudz\u00edmi zastupite\u013esk\u00fdmi \u00faradmi a odborne zdatn\u00e9mu t\u00edmu pracovn\u00edkov nadobudla kapit\u00e1l v podobe jedine\u010dn\u00e9ho know-how v oblasti pr\u00edpravy a realiz\u00e1cie investi\u010dn\u00fdch projektov so zameran\u00edm sa na funk\u010dnos\u0165 a \u00fa\u010delnos\u0165 dispozi\u010dnej pr\u00edpravy nebytov\u00fdch objektov a bytov\u00fdch objektov preva\u017ene reziden\u010dn\u00e9ho charakteru. Rozvoj spolo\u010dnosti z\u00e1vis\u00ed aj od neust\u00e1lej obnovy, rekon\u0161trukcie a moderniz\u00e1cie nehnute\u013enost\u00ed. Realizovan\u00e9 &#8230;<\/p>\n","protected":false},"author":1,"featured_media":18520,"parent":0,"menu_order":0,"comment_status":"closed","ping_status":"closed","template":"","meta":{"footnotes":""},"class_list":["post-18559","page","type-page","status-publish","has-post-thumbnail","hentry"],"yoast_head":"<!-- This site is optimized with the Yoast SEO plugin v23.5 - https:\/\/yoast.com\/wordpress\/plugins\/seo\/ -->\n<title>Investi\u010dn\u00e1 \u010dinnos\u0165 - Spr\u00e1va slu\u017eieb diplomatick\u00e9mu zboru<\/title>\n<meta name=\"robots\" content=\"index, follow, max-snippet:-1, max-image-preview:large, max-video-preview:-1\" \/>\n<link rel=\"canonical\" href=\"https:\/\/www.ssdz.sk\/ssdz\/investicna-cinnost\/\" \/>\n<meta property=\"og:locale\" content=\"sk_SK\" \/>\n<meta property=\"og:type\" content=\"article\" \/>\n<meta property=\"og:title\" content=\"Investi\u010dn\u00e1 \u010dinnos\u0165 - Spr\u00e1va slu\u017eieb diplomatick\u00e9mu zboru\" \/>\n<meta property=\"og:description\" content=\"SSDZ, a.s. m\u00e1 dlhoro\u010dn\u00fa trad\u00edciu i v oblasti investi\u010dnej v\u00fdstavby. V\u010faka dlhoro\u010dnej spolupr\u00e1ci s cudz\u00edmi zastupite\u013esk\u00fdmi \u00faradmi a odborne zdatn\u00e9mu t\u00edmu pracovn\u00edkov nadobudla kapit\u00e1l v podobe jedine\u010dn\u00e9ho know-how v oblasti pr\u00edpravy a realiz\u00e1cie investi\u010dn\u00fdch projektov so zameran\u00edm sa na funk\u010dnos\u0165 a \u00fa\u010delnos\u0165 dispozi\u010dnej pr\u00edpravy nebytov\u00fdch objektov a bytov\u00fdch objektov preva\u017ene reziden\u010dn\u00e9ho charakteru. Rozvoj spolo\u010dnosti z\u00e1vis\u00ed aj od neust\u00e1lej obnovy, rekon\u0161trukcie a moderniz\u00e1cie nehnute\u013enost\u00ed. Realizovan\u00e9 ...\" \/>\n<meta property=\"og:url\" content=\"https:\/\/www.ssdz.sk\/ssdz\/investicna-cinnost\/\" \/>\n<meta property=\"og:site_name\" content=\"Spr\u00e1va slu\u017eieb diplomatick\u00e9mu zboru\" \/>\n<meta property=\"article:modified_time\" content=\"2020-12-22T09:59:02+00:00\" \/>\n<meta property=\"og:image\" content=\"https:\/\/www.ssdz.sk\/ssdz\/wp-content\/uploads\/2020\/11\/Palisady-31_1.jpg\" \/>\n\t<meta property=\"og:image:width\" content=\"800\" \/>\n\t<meta property=\"og:image:height\" content=\"533\" \/>\n\t<meta property=\"og:image:type\" content=\"image\/jpeg\" \/>\n<meta name=\"twitter:card\" content=\"summary_large_image\" \/>\n<meta name=\"twitter:label1\" content=\"Predpokladan\u00fd \u010das \u010d\u00edtania\" \/>\n\t<meta name=\"twitter:data1\" content=\"2 min\u00faty\" \/>\n<script type=\"application\/ld+json\" class=\"yoast-schema-graph\">{\"@context\":\"https:\/\/schema.org\",\"@graph\":[{\"@type\":\"WebPage\",\"@id\":\"https:\/\/www.ssdz.sk\/ssdz\/investicna-cinnost\/\",\"url\":\"https:\/\/www.ssdz.sk\/ssdz\/investicna-cinnost\/\",\"name\":\"Investi\u010dn\u00e1 \u010dinnos\u0165 - Spr\u00e1va slu\u017eieb diplomatick\u00e9mu zboru\",\"isPartOf\":{\"@id\":\"https:\/\/www.ssdz.sk\/ssdz\/#website\"},\"primaryImageOfPage\":{\"@id\":\"https:\/\/www.ssdz.sk\/ssdz\/investicna-cinnost\/#primaryimage\"},\"image\":{\"@id\":\"https:\/\/www.ssdz.sk\/ssdz\/investicna-cinnost\/#primaryimage\"},\"thumbnailUrl\":\"https:\/\/www.ssdz.sk\/ssdz\/wp-content\/uploads\/2020\/11\/Palisady-31_1.jpg\",\"datePublished\":\"2020-11-15T19:45:57+00:00\",\"dateModified\":\"2020-12-22T09:59:02+00:00\",\"breadcrumb\":{\"@id\":\"https:\/\/www.ssdz.sk\/ssdz\/investicna-cinnost\/#breadcrumb\"},\"inLanguage\":\"sk-SK\",\"potentialAction\":[{\"@type\":\"ReadAction\",\"target\":[\"https:\/\/www.ssdz.sk\/ssdz\/investicna-cinnost\/\"]}]},{\"@type\":\"ImageObject\",\"inLanguage\":\"sk-SK\",\"@id\":\"https:\/\/www.ssdz.sk\/ssdz\/investicna-cinnost\/#primaryimage\",\"url\":\"https:\/\/www.ssdz.sk\/ssdz\/wp-content\/uploads\/2020\/11\/Palisady-31_1.jpg\",\"contentUrl\":\"https:\/\/www.ssdz.sk\/ssdz\/wp-content\/uploads\/2020\/11\/Palisady-31_1.jpg\",\"width\":800,\"height\":533},{\"@type\":\"BreadcrumbList\",\"@id\":\"https:\/\/www.ssdz.sk\/ssdz\/investicna-cinnost\/#breadcrumb\",\"itemListElement\":[{\"@type\":\"ListItem\",\"position\":1,\"name\":\"Domovsk\u00e1 str\u00e1nka\",\"item\":\"https:\/\/www.ssdz.sk\/ssdz\/\"},{\"@type\":\"ListItem\",\"position\":2,\"name\":\"Investi\u010dn\u00e1 \u010dinnos\u0165\"}]},{\"@type\":\"WebSite\",\"@id\":\"https:\/\/www.ssdz.sk\/ssdz\/#website\",\"url\":\"https:\/\/www.ssdz.sk\/ssdz\/\",\"name\":\"Spr\u00e1va slu\u017eieb diplomatick\u00e9mu zboru\",\"description\":\"\",\"potentialAction\":[{\"@type\":\"SearchAction\",\"target\":{\"@type\":\"EntryPoint\",\"urlTemplate\":\"https:\/\/www.ssdz.sk\/ssdz\/?s={search_term_string}\"},\"query-input\":{\"@type\":\"PropertyValueSpecification\",\"valueRequired\":true,\"valueName\":\"search_term_string\"}}],\"inLanguage\":\"sk-SK\"}]}<\/script>\n<!-- \/ Yoast SEO plugin. -->","yoast_head_json":{"title":"Investi\u010dn\u00e1 \u010dinnos\u0165 - Spr\u00e1va slu\u017eieb diplomatick\u00e9mu zboru","robots":{"index":"index","follow":"follow","max-snippet":"max-snippet:-1","max-image-preview":"max-image-preview:large","max-video-preview":"max-video-preview:-1"},"canonical":"https:\/\/www.ssdz.sk\/ssdz\/investicna-cinnost\/","og_locale":"sk_SK","og_type":"article","og_title":"Investi\u010dn\u00e1 \u010dinnos\u0165 - Spr\u00e1va slu\u017eieb diplomatick\u00e9mu zboru","og_description":"SSDZ, a.s. m\u00e1 dlhoro\u010dn\u00fa trad\u00edciu i v oblasti investi\u010dnej v\u00fdstavby. V\u010faka dlhoro\u010dnej spolupr\u00e1ci s cudz\u00edmi zastupite\u013esk\u00fdmi \u00faradmi a odborne zdatn\u00e9mu t\u00edmu pracovn\u00edkov nadobudla kapit\u00e1l v podobe jedine\u010dn\u00e9ho know-how v oblasti pr\u00edpravy a realiz\u00e1cie investi\u010dn\u00fdch projektov so zameran\u00edm sa na funk\u010dnos\u0165 a \u00fa\u010delnos\u0165 dispozi\u010dnej pr\u00edpravy nebytov\u00fdch objektov a bytov\u00fdch objektov preva\u017ene reziden\u010dn\u00e9ho charakteru. Rozvoj spolo\u010dnosti z\u00e1vis\u00ed aj od neust\u00e1lej obnovy, rekon\u0161trukcie a moderniz\u00e1cie nehnute\u013enost\u00ed. Realizovan\u00e9 ...","og_url":"https:\/\/www.ssdz.sk\/ssdz\/investicna-cinnost\/","og_site_name":"Spr\u00e1va slu\u017eieb diplomatick\u00e9mu zboru","article_modified_time":"2020-12-22T09:59:02+00:00","og_image":[{"width":800,"height":533,"url":"https:\/\/www.ssdz.sk\/ssdz\/wp-content\/uploads\/2020\/11\/Palisady-31_1.jpg","type":"image\/jpeg"}],"twitter_card":"summary_large_image","twitter_misc":{"Predpokladan\u00fd \u010das \u010d\u00edtania":"2 min\u00faty"},"schema":{"@context":"https:\/\/schema.org","@graph":[{"@type":"WebPage","@id":"https:\/\/www.ssdz.sk\/ssdz\/investicna-cinnost\/","url":"https:\/\/www.ssdz.sk\/ssdz\/investicna-cinnost\/","name":"Investi\u010dn\u00e1 \u010dinnos\u0165 - Spr\u00e1va slu\u017eieb diplomatick\u00e9mu zboru","isPartOf":{"@id":"https:\/\/www.ssdz.sk\/ssdz\/#website"},"primaryImageOfPage":{"@id":"https:\/\/www.ssdz.sk\/ssdz\/investicna-cinnost\/#primaryimage"},"image":{"@id":"https:\/\/www.ssdz.sk\/ssdz\/investicna-cinnost\/#primaryimage"},"thumbnailUrl":"https:\/\/www.ssdz.sk\/ssdz\/wp-content\/uploads\/2020\/11\/Palisady-31_1.jpg","datePublished":"2020-11-15T19:45:57+00:00","dateModified":"2020-12-22T09:59:02+00:00","breadcrumb":{"@id":"https:\/\/www.ssdz.sk\/ssdz\/investicna-cinnost\/#breadcrumb"},"inLanguage":"sk-SK","potentialAction":[{"@type":"ReadAction","target":["https:\/\/www.ssdz.sk\/ssdz\/investicna-cinnost\/"]}]},{"@type":"ImageObject","inLanguage":"sk-SK","@id":"https:\/\/www.ssdz.sk\/ssdz\/investicna-cinnost\/#primaryimage","url":"https:\/\/www.ssdz.sk\/ssdz\/wp-content\/uploads\/2020\/11\/Palisady-31_1.jpg","contentUrl":"https:\/\/www.ssdz.sk\/ssdz\/wp-content\/uploads\/2020\/11\/Palisady-31_1.jpg","width":800,"height":533},{"@type":"BreadcrumbList","@id":"https:\/\/www.ssdz.sk\/ssdz\/investicna-cinnost\/#breadcrumb","itemListElement":[{"@type":"ListItem","position":1,"name":"Domovsk\u00e1 str\u00e1nka","item":"https:\/\/www.ssdz.sk\/ssdz\/"},{"@type":"ListItem","position":2,"name":"Investi\u010dn\u00e1 \u010dinnos\u0165"}]},{"@type":"WebSite","@id":"https:\/\/www.ssdz.sk\/ssdz\/#website","url":"https:\/\/www.ssdz.sk\/ssdz\/","name":"Spr\u00e1va slu\u017eieb diplomatick\u00e9mu zboru","description":"","potentialAction":[{"@type":"SearchAction","target":{"@type":"EntryPoint","urlTemplate":"https:\/\/www.ssdz.sk\/ssdz\/?s={search_term_string}"},"query-input":{"@type":"PropertyValueSpecification","valueRequired":true,"valueName":"search_term_string"}}],"inLanguage":"sk-SK"}]}},"_links":{"self":[{"href":"https:\/\/www.ssdz.sk\/ssdz\/wp-json\/wp\/v2\/pages\/18559"}],"collection":[{"href":"https:\/\/www.ssdz.sk\/ssdz\/wp-json\/wp\/v2\/pages"}],"about":[{"href":"https:\/\/www.ssdz.sk\/ssdz\/wp-json\/wp\/v2\/types\/page"}],"author":[{"embeddable":true,"href":"https:\/\/www.ssdz.sk\/ssdz\/wp-json\/wp\/v2\/users\/1"}],"replies":[{"embeddable":true,"href":"https:\/\/www.ssdz.sk\/ssdz\/wp-json\/wp\/v2\/comments?post=18559"}],"version-history":[{"count":11,"href":"https:\/\/www.ssdz.sk\/ssdz\/wp-json\/wp\/v2\/pages\/18559\/revisions"}],"predecessor-version":[{"id":20162,"href":"https:\/\/www.ssdz.sk\/ssdz\/wp-json\/wp\/v2\/pages\/18559\/revisions\/20162"}],"wp:featuredmedia":[{"embeddable":true,"href":"https:\/\/www.ssdz.sk\/ssdz\/wp-json\/wp\/v2\/media\/18520"}],"wp:attachment":[{"href":"https:\/\/www.ssdz.sk\/ssdz\/wp-json\/wp\/v2\/media?parent=18559"}],"curies":[{"name":"wp","href":"https:\/\/api.w.org\/{rel}","templated":true}]}}