{"id":18562,"date":"2020-11-15T20:51:43","date_gmt":"2020-11-15T19:51:43","guid":{"rendered":"http:\/\/cocobae.sk\/?page_id=18562"},"modified":"2020-12-22T11:18:26","modified_gmt":"2020-12-22T10:18:26","slug":"stavebna-cinnost","status":"publish","type":"page","link":"https:\/\/www.ssdz.sk\/ssdz\/stavebna-cinnost\/","title":{"rendered":"Stavebn\u00e1 \u010dinnos\u0165"},"content":{"rendered":"\t\t<div data-elementor-type=\"wp-page\" data-elementor-id=\"18562\" class=\"elementor elementor-18562\">\n\t\t\t\t\t\t<section class=\"elementor-section elementor-top-section elementor-element elementor-element-1d9aea0 elementor-section-boxed elementor-section-height-default elementor-section-height-default\" data-id=\"1d9aea0\" data-element_type=\"section\">\n\t\t\t\t\t\t<div class=\"elementor-container elementor-column-gap-default\">\n\t\t\t\t\t<div class=\"elementor-column elementor-col-100 elementor-top-column elementor-element elementor-element-1576c66\" data-id=\"1576c66\" data-element_type=\"column\">\n\t\t\t<div class=\"elementor-widget-wrap elementor-element-populated\">\n\t\t\t\t\t\t<div class=\"elementor-element elementor-element-abf1a54 elementor-widget elementor-widget-text-editor\" data-id=\"abf1a54\" data-element_type=\"widget\" data-widget_type=\"text-editor.default\">\n\t\t\t\t<div class=\"elementor-widget-container\">\n\t\t\t\t\t\t\t<p class=\"rtejustify\">SSDZ, a.s. je modernou spolo\u010dnos\u0165ou, ktor\u00e1 disponuje vlastn\u00fdm t\u00edmom profesion\u00e1lnych odborn\u00edkov a zast\u00fapen\u00edm odborne zdatn\u00fdch remeseln\u00edkov. Sk\u00fasenos\u0165ami a\u00a0odborn\u00fdm potenci\u00e1lom na\u0161ich pracovn\u00edkov vieme zabezpe\u010di\u0165 stavebn\u00fa \u010dinnos\u0165 pre na\u0161e objekty. V\u00a0pr\u00edpade potreby realiz\u00e1cie \u0161peci\u00e1lnych stavebn\u00fdch \u010dinnost\u00ed m\u00e1 na\u0161a spolo\u010dnos\u0165 vytvoren\u00fa sie\u0165 subdod\u00e1vate\u013esk\u00fdch firiem \u0161pecializovan\u00fdch na dan\u00fa potrebu. Slu\u017eby v\u00a0r\u00e1mci stavebnej \u010dinnosti vieme poskytn\u00fa\u0165 aj pre Va\u0161u stavbu \u010di dom.<\/p><p class=\"rtejustify\">Pon\u00fakame kvalitu, r\u00fdchlos\u0165 a spo\u013eahlivos\u0165, garantovan\u00fa dobr\u00fdm menom na\u0161ej spolo\u010dnosti.<\/p><p>Zabezpe\u010dujeme najm\u00e4 tieto slu\u017eby:<\/p><ul><li>vodoin\u0161talat\u00e9rske pr\u00e1ce,<\/li><li>stol\u00e1rske pr\u00e1ce,<\/li><li>mur\u00e1rske pr\u00e1ce,<\/li><li>maliarske a natiera\u010dsk\u00e9 pr\u00e1ce,<\/li><li>elektroin\u0161tala\u010dn\u00e9 pr\u00e1ce,<\/li><li>obklada\u010dsk\u00e9 pr\u00e1ce,<\/li><li>z\u00e1hradn\u00edcke pr\u00e1ce.<\/li><\/ul><h2>Kontakt:<\/h2><p><strong>Investi\u010dn\u00e9 oddelenie<\/strong><\/p><p>tel.: +421 5920 5773<br \/>mobil: +421\u00a0918\u00a0442 485<br \/>fax: +421 2 5920 5752<br \/>e-mail:\u00a0<a href=\"mailto:palkovicova@ssdz.sk\"><u>husek@ssdz.sk<\/u><\/a><\/p>\t\t\t\t\t\t<\/div>\n\t\t\t\t<\/div>\n\t\t\t\t\t<\/div>\n\t\t<\/div>\n\t\t\t\t\t<\/div>\n\t\t<\/section>\n\t\t\t\t<\/div>\n\t\t","protected":false},"excerpt":{"rendered":"<p>SSDZ, a.s. je modernou spolo\u010dnos\u0165ou, ktor\u00e1 disponuje vlastn\u00fdm t\u00edmom profesion\u00e1lnych odborn\u00edkov a zast\u00fapen\u00edm odborne zdatn\u00fdch remeseln\u00edkov. Sk\u00fasenos\u0165ami a\u00a0odborn\u00fdm potenci\u00e1lom na\u0161ich pracovn\u00edkov vieme zabezpe\u010di\u0165 stavebn\u00fa \u010dinnos\u0165 pre na\u0161e objekty. V\u00a0pr\u00edpade potreby realiz\u00e1cie \u0161peci\u00e1lnych stavebn\u00fdch \u010dinnost\u00ed m\u00e1 na\u0161a spolo\u010dnos\u0165 vytvoren\u00fa sie\u0165 subdod\u00e1vate\u013esk\u00fdch firiem \u0161pecializovan\u00fdch na dan\u00fa potrebu. Slu\u017eby v\u00a0r\u00e1mci stavebnej \u010dinnosti vieme poskytn\u00fa\u0165 aj pre Va\u0161u stavbu \u010di dom. Pon\u00fakame kvalitu, r\u00fdchlos\u0165 a spo\u013eahlivos\u0165, garantovan\u00fa dobr\u00fdm &#8230;<\/p>\n","protected":false},"author":1,"featured_media":18436,"parent":0,"menu_order":0,"comment_status":"closed","ping_status":"closed","template":"","meta":{"footnotes":""},"class_list":["post-18562","page","type-page","status-publish","has-post-thumbnail","hentry"],"yoast_head":"<!-- This site is optimized with the Yoast SEO plugin v23.5 - https:\/\/yoast.com\/wordpress\/plugins\/seo\/ -->\n<title>Stavebn\u00e1 \u010dinnos\u0165 - Spr\u00e1va slu\u017eieb diplomatick\u00e9mu zboru<\/title>\n<meta name=\"robots\" content=\"index, follow, max-snippet:-1, max-image-preview:large, max-video-preview:-1\" \/>\n<link rel=\"canonical\" href=\"https:\/\/www.ssdz.sk\/ssdz\/stavebna-cinnost\/\" \/>\n<meta property=\"og:locale\" content=\"sk_SK\" \/>\n<meta property=\"og:type\" content=\"article\" \/>\n<meta property=\"og:title\" content=\"Stavebn\u00e1 \u010dinnos\u0165 - Spr\u00e1va slu\u017eieb diplomatick\u00e9mu zboru\" \/>\n<meta property=\"og:description\" content=\"SSDZ, a.s. je modernou spolo\u010dnos\u0165ou, ktor\u00e1 disponuje vlastn\u00fdm t\u00edmom profesion\u00e1lnych odborn\u00edkov a zast\u00fapen\u00edm odborne zdatn\u00fdch remeseln\u00edkov. Sk\u00fasenos\u0165ami a\u00a0odborn\u00fdm potenci\u00e1lom na\u0161ich pracovn\u00edkov vieme zabezpe\u010di\u0165 stavebn\u00fa \u010dinnos\u0165 pre na\u0161e objekty. V\u00a0pr\u00edpade potreby realiz\u00e1cie \u0161peci\u00e1lnych stavebn\u00fdch \u010dinnost\u00ed m\u00e1 na\u0161a spolo\u010dnos\u0165 vytvoren\u00fa sie\u0165 subdod\u00e1vate\u013esk\u00fdch firiem \u0161pecializovan\u00fdch na dan\u00fa potrebu. Slu\u017eby v\u00a0r\u00e1mci stavebnej \u010dinnosti vieme poskytn\u00fa\u0165 aj pre Va\u0161u stavbu \u010di dom. Pon\u00fakame kvalitu, r\u00fdchlos\u0165 a spo\u013eahlivos\u0165, garantovan\u00fa dobr\u00fdm ...\" \/>\n<meta property=\"og:url\" content=\"https:\/\/www.ssdz.sk\/ssdz\/stavebna-cinnost\/\" \/>\n<meta property=\"og:site_name\" content=\"Spr\u00e1va slu\u017eieb diplomatick\u00e9mu zboru\" \/>\n<meta property=\"article:modified_time\" content=\"2020-12-22T10:18:26+00:00\" \/>\n<meta property=\"og:image\" content=\"https:\/\/www.ssdz.sk\/ssdz\/wp-content\/uploads\/2020\/11\/Udolna-7_1.jpg\" \/>\n\t<meta property=\"og:image:width\" content=\"800\" \/>\n\t<meta property=\"og:image:height\" content=\"533\" \/>\n\t<meta property=\"og:image:type\" content=\"image\/jpeg\" \/>\n<meta name=\"twitter:card\" content=\"summary_large_image\" \/>\n<meta name=\"twitter:label1\" content=\"Predpokladan\u00fd \u010das \u010d\u00edtania\" \/>\n\t<meta name=\"twitter:data1\" content=\"1 min\u00fata\" \/>\n<script type=\"application\/ld+json\" class=\"yoast-schema-graph\">{\"@context\":\"https:\/\/schema.org\",\"@graph\":[{\"@type\":\"WebPage\",\"@id\":\"https:\/\/www.ssdz.sk\/ssdz\/stavebna-cinnost\/\",\"url\":\"https:\/\/www.ssdz.sk\/ssdz\/stavebna-cinnost\/\",\"name\":\"Stavebn\u00e1 \u010dinnos\u0165 - Spr\u00e1va slu\u017eieb diplomatick\u00e9mu zboru\",\"isPartOf\":{\"@id\":\"https:\/\/www.ssdz.sk\/ssdz\/#website\"},\"primaryImageOfPage\":{\"@id\":\"https:\/\/www.ssdz.sk\/ssdz\/stavebna-cinnost\/#primaryimage\"},\"image\":{\"@id\":\"https:\/\/www.ssdz.sk\/ssdz\/stavebna-cinnost\/#primaryimage\"},\"thumbnailUrl\":\"https:\/\/www.ssdz.sk\/ssdz\/wp-content\/uploads\/2020\/11\/Udolna-7_1.jpg\",\"datePublished\":\"2020-11-15T19:51:43+00:00\",\"dateModified\":\"2020-12-22T10:18:26+00:00\",\"breadcrumb\":{\"@id\":\"https:\/\/www.ssdz.sk\/ssdz\/stavebna-cinnost\/#breadcrumb\"},\"inLanguage\":\"sk-SK\",\"potentialAction\":[{\"@type\":\"ReadAction\",\"target\":[\"https:\/\/www.ssdz.sk\/ssdz\/stavebna-cinnost\/\"]}]},{\"@type\":\"ImageObject\",\"inLanguage\":\"sk-SK\",\"@id\":\"https:\/\/www.ssdz.sk\/ssdz\/stavebna-cinnost\/#primaryimage\",\"url\":\"https:\/\/www.ssdz.sk\/ssdz\/wp-content\/uploads\/2020\/11\/Udolna-7_1.jpg\",\"contentUrl\":\"https:\/\/www.ssdz.sk\/ssdz\/wp-content\/uploads\/2020\/11\/Udolna-7_1.jpg\",\"width\":800,\"height\":533},{\"@type\":\"BreadcrumbList\",\"@id\":\"https:\/\/www.ssdz.sk\/ssdz\/stavebna-cinnost\/#breadcrumb\",\"itemListElement\":[{\"@type\":\"ListItem\",\"position\":1,\"name\":\"Domovsk\u00e1 str\u00e1nka\",\"item\":\"https:\/\/www.ssdz.sk\/ssdz\/\"},{\"@type\":\"ListItem\",\"position\":2,\"name\":\"Stavebn\u00e1 \u010dinnos\u0165\"}]},{\"@type\":\"WebSite\",\"@id\":\"https:\/\/www.ssdz.sk\/ssdz\/#website\",\"url\":\"https:\/\/www.ssdz.sk\/ssdz\/\",\"name\":\"Spr\u00e1va slu\u017eieb diplomatick\u00e9mu zboru\",\"description\":\"\",\"potentialAction\":[{\"@type\":\"SearchAction\",\"target\":{\"@type\":\"EntryPoint\",\"urlTemplate\":\"https:\/\/www.ssdz.sk\/ssdz\/?s={search_term_string}\"},\"query-input\":{\"@type\":\"PropertyValueSpecification\",\"valueRequired\":true,\"valueName\":\"search_term_string\"}}],\"inLanguage\":\"sk-SK\"}]}<\/script>\n<!-- \/ Yoast SEO plugin. -->","yoast_head_json":{"title":"Stavebn\u00e1 \u010dinnos\u0165 - Spr\u00e1va slu\u017eieb diplomatick\u00e9mu zboru","robots":{"index":"index","follow":"follow","max-snippet":"max-snippet:-1","max-image-preview":"max-image-preview:large","max-video-preview":"max-video-preview:-1"},"canonical":"https:\/\/www.ssdz.sk\/ssdz\/stavebna-cinnost\/","og_locale":"sk_SK","og_type":"article","og_title":"Stavebn\u00e1 \u010dinnos\u0165 - Spr\u00e1va slu\u017eieb diplomatick\u00e9mu zboru","og_description":"SSDZ, a.s. je modernou spolo\u010dnos\u0165ou, ktor\u00e1 disponuje vlastn\u00fdm t\u00edmom profesion\u00e1lnych odborn\u00edkov a zast\u00fapen\u00edm odborne zdatn\u00fdch remeseln\u00edkov. Sk\u00fasenos\u0165ami a\u00a0odborn\u00fdm potenci\u00e1lom na\u0161ich pracovn\u00edkov vieme zabezpe\u010di\u0165 stavebn\u00fa \u010dinnos\u0165 pre na\u0161e objekty. V\u00a0pr\u00edpade potreby realiz\u00e1cie \u0161peci\u00e1lnych stavebn\u00fdch \u010dinnost\u00ed m\u00e1 na\u0161a spolo\u010dnos\u0165 vytvoren\u00fa sie\u0165 subdod\u00e1vate\u013esk\u00fdch firiem \u0161pecializovan\u00fdch na dan\u00fa potrebu. Slu\u017eby v\u00a0r\u00e1mci stavebnej \u010dinnosti vieme poskytn\u00fa\u0165 aj pre Va\u0161u stavbu \u010di dom. Pon\u00fakame kvalitu, r\u00fdchlos\u0165 a spo\u013eahlivos\u0165, garantovan\u00fa dobr\u00fdm ...","og_url":"https:\/\/www.ssdz.sk\/ssdz\/stavebna-cinnost\/","og_site_name":"Spr\u00e1va slu\u017eieb diplomatick\u00e9mu zboru","article_modified_time":"2020-12-22T10:18:26+00:00","og_image":[{"width":800,"height":533,"url":"https:\/\/www.ssdz.sk\/ssdz\/wp-content\/uploads\/2020\/11\/Udolna-7_1.jpg","type":"image\/jpeg"}],"twitter_card":"summary_large_image","twitter_misc":{"Predpokladan\u00fd \u010das \u010d\u00edtania":"1 min\u00fata"},"schema":{"@context":"https:\/\/schema.org","@graph":[{"@type":"WebPage","@id":"https:\/\/www.ssdz.sk\/ssdz\/stavebna-cinnost\/","url":"https:\/\/www.ssdz.sk\/ssdz\/stavebna-cinnost\/","name":"Stavebn\u00e1 \u010dinnos\u0165 - Spr\u00e1va slu\u017eieb diplomatick\u00e9mu zboru","isPartOf":{"@id":"https:\/\/www.ssdz.sk\/ssdz\/#website"},"primaryImageOfPage":{"@id":"https:\/\/www.ssdz.sk\/ssdz\/stavebna-cinnost\/#primaryimage"},"image":{"@id":"https:\/\/www.ssdz.sk\/ssdz\/stavebna-cinnost\/#primaryimage"},"thumbnailUrl":"https:\/\/www.ssdz.sk\/ssdz\/wp-content\/uploads\/2020\/11\/Udolna-7_1.jpg","datePublished":"2020-11-15T19:51:43+00:00","dateModified":"2020-12-22T10:18:26+00:00","breadcrumb":{"@id":"https:\/\/www.ssdz.sk\/ssdz\/stavebna-cinnost\/#breadcrumb"},"inLanguage":"sk-SK","potentialAction":[{"@type":"ReadAction","target":["https:\/\/www.ssdz.sk\/ssdz\/stavebna-cinnost\/"]}]},{"@type":"ImageObject","inLanguage":"sk-SK","@id":"https:\/\/www.ssdz.sk\/ssdz\/stavebna-cinnost\/#primaryimage","url":"https:\/\/www.ssdz.sk\/ssdz\/wp-content\/uploads\/2020\/11\/Udolna-7_1.jpg","contentUrl":"https:\/\/www.ssdz.sk\/ssdz\/wp-content\/uploads\/2020\/11\/Udolna-7_1.jpg","width":800,"height":533},{"@type":"BreadcrumbList","@id":"https:\/\/www.ssdz.sk\/ssdz\/stavebna-cinnost\/#breadcrumb","itemListElement":[{"@type":"ListItem","position":1,"name":"Domovsk\u00e1 str\u00e1nka","item":"https:\/\/www.ssdz.sk\/ssdz\/"},{"@type":"ListItem","position":2,"name":"Stavebn\u00e1 \u010dinnos\u0165"}]},{"@type":"WebSite","@id":"https:\/\/www.ssdz.sk\/ssdz\/#website","url":"https:\/\/www.ssdz.sk\/ssdz\/","name":"Spr\u00e1va slu\u017eieb diplomatick\u00e9mu zboru","description":"","potentialAction":[{"@type":"SearchAction","target":{"@type":"EntryPoint","urlTemplate":"https:\/\/www.ssdz.sk\/ssdz\/?s={search_term_string}"},"query-input":{"@type":"PropertyValueSpecification","valueRequired":true,"valueName":"search_term_string"}}],"inLanguage":"sk-SK"}]}},"_links":{"self":[{"href":"https:\/\/www.ssdz.sk\/ssdz\/wp-json\/wp\/v2\/pages\/18562"}],"collection":[{"href":"https:\/\/www.ssdz.sk\/ssdz\/wp-json\/wp\/v2\/pages"}],"about":[{"href":"https:\/\/www.ssdz.sk\/ssdz\/wp-json\/wp\/v2\/types\/page"}],"author":[{"embeddable":true,"href":"https:\/\/www.ssdz.sk\/ssdz\/wp-json\/wp\/v2\/users\/1"}],"replies":[{"embeddable":true,"href":"https:\/\/www.ssdz.sk\/ssdz\/wp-json\/wp\/v2\/comments?post=18562"}],"version-history":[{"count":11,"href":"https:\/\/www.ssdz.sk\/ssdz\/wp-json\/wp\/v2\/pages\/18562\/revisions"}],"predecessor-version":[{"id":20195,"href":"https:\/\/www.ssdz.sk\/ssdz\/wp-json\/wp\/v2\/pages\/18562\/revisions\/20195"}],"wp:featuredmedia":[{"embeddable":true,"href":"https:\/\/www.ssdz.sk\/ssdz\/wp-json\/wp\/v2\/media\/18436"}],"wp:attachment":[{"href":"https:\/\/www.ssdz.sk\/ssdz\/wp-json\/wp\/v2\/media?parent=18562"}],"curies":[{"name":"wp","href":"https:\/\/api.w.org\/{rel}","templated":true}]}}