{"id":18571,"date":"2020-11-16T19:26:37","date_gmt":"2020-11-16T18:26:37","guid":{"rendered":"http:\/\/cocobae.sk\/?page_id=18571"},"modified":"2024-04-22T16:53:51","modified_gmt":"2024-04-22T14:53:51","slug":"o-nas","status":"publish","type":"page","link":"https:\/\/www.ssdz.sk\/ssdz\/o-nas\/","title":{"rendered":"O n\u00e1s"},"content":{"rendered":"\t\t<div data-elementor-type=\"wp-page\" data-elementor-id=\"18571\" class=\"elementor elementor-18571\">\n\t\t\t\t\t\t<section class=\"elementor-section elementor-top-section elementor-element elementor-element-3a700cd elementor-section-boxed elementor-section-height-default elementor-section-height-default\" data-id=\"3a700cd\" data-element_type=\"section\">\n\t\t\t\t\t\t<div class=\"elementor-container elementor-column-gap-default\">\n\t\t\t\t\t<div class=\"elementor-column elementor-col-100 elementor-top-column elementor-element elementor-element-d00755b\" data-id=\"d00755b\" data-element_type=\"column\">\n\t\t\t<div class=\"elementor-widget-wrap elementor-element-populated\">\n\t\t\t\t\t\t<div class=\"elementor-element elementor-element-6896030 elementor-widget elementor-widget-heading\" data-id=\"6896030\" data-element_type=\"widget\" data-widget_type=\"heading.default\">\n\t\t\t\t<div class=\"elementor-widget-container\">\n\t\t\t<h1 class=\"elementor-heading-title elementor-size-default\">Hist\u00f3ria a filozofia spolo\u010dnosti<\/h1>\t\t<\/div>\n\t\t\t\t<\/div>\n\t\t\t\t<div class=\"elementor-element elementor-element-07e7fd7 elementor-widget elementor-widget-text-editor\" data-id=\"07e7fd7\" data-element_type=\"widget\" data-widget_type=\"text-editor.default\">\n\t\t\t\t<div class=\"elementor-widget-container\">\n\t\t\t\t\t\t\t<p class=\"rtejustify\">Spr\u00e1va slu\u017eieb diplomatick\u00e9mu zboru, a.s. (SSDZ, a.s.) bola zalo\u017een\u00e1 zakladate\u013eskou listinou d\u0148a 1. 10. 2001 v nadv\u00e4znosti na uznesenie vl\u00e1dy \u010d. 746 zo d\u0148a 15. 8. 2001, ktorou vl\u00e1da schv\u00e1lila transform\u00e1ciu pr\u00edspevkovej organiz\u00e1cie Spr\u00e1va slu\u017eieb diplomatick\u00e9mu zboru na akciov\u00fa spolo\u010dnos\u0165 so 100%-nou majetkovou \u00fa\u010das\u0165ou \u0161t\u00e1tu.<\/p><p class=\"rtejustify\">Spolo\u010dnos\u0165 prevzala v\u0161etky pr\u00e1va a z\u00e1v\u00e4zky zru\u0161enej pr\u00edspevkovej organiz\u00e1cie Spr\u00e1va slu\u017eieb diplomatick\u00e9mu zboru. Vklad majetku \u0161t\u00e1tu do spolo\u010dnosti ods\u00fahlasila vl\u00e1da SR uznesen\u00edm \u010d. 746 d\u0148a 15. augusta 2001 v s\u00falade s \u00a7 13 ods. 7 p\u00edsm. b) bod 2 z\u00e1k. \u010d. 278\/1993 Z.z. o spr\u00e1ve majetku \u0161t\u00e1tu v platnom znen\u00ed. Do obchodn\u00e9ho registra Okresn\u00e9ho s\u00fadu Bratislava I bola spolo\u010dnos\u0165 zap\u00edsan\u00e1 d\u0148a 15. 10. 2001, odd. Sa vlo\u017eka \u010d. 2834\/B.<\/p><p class=\"rtejustify\">Hlavn\u00fdm predmetom \u010dinnosti SSDZ, a.s., je pren\u00e1jom vlastn\u00fdch bytov\u00fdch a nebytov\u00fdch priestorov a objektov. Ide o modern\u00e9 a historick\u00e9 budovy v atrakt\u00edvnych lokalit\u00e1ch Bratislavy, pri ktor\u00fdch venuje spolo\u010dnos\u0165 ve\u013ek\u00fa pozornos\u0165 vysok\u00e9mu \u0161tandardu vybavenia bytov a rezidenci\u00ed ako aj slu\u017eb\u00e1m spojen\u00fdm s b\u00fdvan\u00edm tak, aby zodpovedali n\u00e1ro\u010dn\u00fdm po\u017eiadavk\u00e1m klientov. Okrem in\u00e9ho ide napr\u00edklad o domovn\u00edcke slu\u017eby, upratovanie spolo\u010dn\u00fdch priestorov, \u00fapravy a udr\u017eiavanie z\u00e1hrad, ochrana priestorov, be\u017en\u00e9 stavebn\u00e9 \u00fapravy men\u0161ieho rozsahu ako aj v\u0161estrann\u00fa poradensk\u00fa \u010dinnos\u0165 v oblast\u00ed real\u00edt a spr\u00e1vy nehnute\u013enost\u00ed.<\/p><p class=\"rtejustify\">Z d\u00f4vodu znalosti potrieb a po\u017eiadaviek klientov sa SSDZ, a.s. akt\u00edvne zapojila do realitnej a sprostredkovate\u013eskej \u010dinnosti v oblasti real\u00edt. SSDZ, a.s. tak vytvorila pre klientov jedine\u010dn\u00fa pr\u00edle\u017eitos\u0165 vyu\u017e\u00edva\u0165 komplexn\u00e9 realitn\u00e9 slu\u017eby pod jednou strechou.<\/p><p class=\"rtejustify\">Celkov\u00fa ponuku nami poskytovan\u00fdch slu\u017eieb dop\u013a\u0148a investi\u010dn\u00e1, spr\u00e1vcovsk\u00e1 a\u00a0stavebn\u00e1 \u010dinnos\u0165.<\/p><p class=\"rtejustify\">Na\u0161e dlhoro\u010dn\u00e9 \u00faspechy, medzin\u00e1rodn\u00e9 renom\u00e9 a spokojnos\u0165 klientov s\u00fa z\u00e1rukou, \u017ee na\u0161a spolo\u010dnos\u0165, Spr\u00e1va slu\u017eieb diplomatick\u00e9mu zboru, a.s., spln\u00ed spo\u013eahlivo Va\u0161e po\u017eiadavky na vysokej profesion\u00e1lnej \u00farovni, pri\u010dom na\u0161ou prioritou je poskytova\u0165 prvotriedne slu\u017eby zalo\u017een\u00e9 na korektnosti, d\u00f4vere a\u00a0seri\u00f3znosti ako aj na\u010falej zvy\u0161ova\u0165 kvalitu na\u0161ej pr\u00e1ce, vyhovie\u0165 v\u00a0\u010do najv\u00e4\u010d\u0161ej mo\u017enej miere potreb\u00e1m klientov a\u00a0poskytn\u00fa\u0165 im tak maxim\u00e1lny komfort a\u00a0spokojnos\u0165.<\/p>\t\t\t\t\t\t<\/div>\n\t\t\t\t<\/div>\n\t\t\t\t\t<\/div>\n\t\t<\/div>\n\t\t\t\t\t<\/div>\n\t\t<\/section>\n\t\t\t\t<section class=\"elementor-section elementor-top-section elementor-element elementor-element-523db21 elementor-section-boxed elementor-section-height-default elementor-section-height-default\" data-id=\"523db21\" data-element_type=\"section\">\n\t\t\t\t\t\t<div class=\"elementor-container elementor-column-gap-default\">\n\t\t\t\t\t<div class=\"elementor-column elementor-col-100 elementor-top-column elementor-element elementor-element-909625f\" data-id=\"909625f\" data-element_type=\"column\">\n\t\t\t<div class=\"elementor-widget-wrap elementor-element-populated\">\n\t\t\t\t\t\t<div class=\"elementor-element elementor-element-b90074f elementor-widget elementor-widget-heading\" data-id=\"b90074f\" data-element_type=\"widget\" data-widget_type=\"heading.default\">\n\t\t\t\t<div class=\"elementor-widget-container\">\n\t\t\t<h1 class=\"elementor-heading-title elementor-size-default\">Profil spolo\u010dnosti<\/h1>\t\t<\/div>\n\t\t\t\t<\/div>\n\t\t\t\t<div class=\"elementor-element elementor-element-678b9a9 elementor-widget elementor-widget-text-editor\" data-id=\"678b9a9\" data-element_type=\"widget\" data-widget_type=\"text-editor.default\">\n\t\t\t\t<div class=\"elementor-widget-container\">\n\t\t\t\t\t\t\t<p class=\"rtejustify\">Spr\u00e1va slu\u017eieb diplomatick\u00e9mu zboru, a.s. je akciovou spolo\u010dnos\u0165ou so 100% majetkovou \u00fa\u010das\u0165ou \u0161t\u00e1tu, ktor\u00e1 p\u00f4sob\u00ed na slovenskom trhu od roku 1993. Dlhodobo zohr\u00e1va d\u00f4le\u017eit\u00fa \u00falohu v oblasti poskytovania slu\u017eieb diplomatick\u00fdm misi\u00e1m p\u00f4sobiacim na Slovensku, obchodn\u00fdm zastupite\u013estv\u00e1m, zahrani\u010dn\u00fdm kult\u00farnym a\u00a0informa\u010dn\u00fdm centr\u00e1m, medzin\u00e1rodn\u00fdm organiz\u00e1ci\u00e1m, predstavite\u013eom vl\u00e1dy, \u00fastredn\u00fdch org\u00e1nov \u0161t\u00e1tnej spr\u00e1vy a\u00a0\u00fastavn\u00fdm \u010dinite\u013eom Slovenskej republiky, ako aj dom\u00e1cim a zahrani\u010dn\u00fdm fyzick\u00fdm a\u00a0pr\u00e1vnick\u00fdm osob\u00e1m.<\/p><p class=\"rtejustify\">Jedin\u00fdm akcion\u00e1rom spolo\u010dnosti je Ministerstvo zahrani\u010dn\u00fdch vec\u00ed a\u00a0eur\u00f3pskych z\u00e1le\u017eitost\u00ed Slovenskej republiky. \u0160tatut\u00e1rnym z\u00e1stupcom akcion\u00e1ra je minister zahrani\u010dn\u00fdch vec\u00ed a\u00a0eur\u00f3pskych z\u00e1le\u017eitost\u00ed Slovenskej republiky. Z\u00e1kladn\u00e9 imanie akciovej spolo\u010dnosti vo v\u00fd\u0161ke 50.364.400,- EUR je tvoren\u00e9 nepe\u0148a\u017en\u00fdm vkladom zakladate\u013ea a pozost\u00e1va v\u00fdlu\u010dne z nehnute\u013enost\u00ed zru\u0161enej pr\u00edspevkovej organiz\u00e1cie Spr\u00e1va slu\u017eieb diplomatick\u00e9mu zboru so s\u00eddlom Palis\u00e1dy \u010d. 31, 811 06 Bratislava. Akcie spolo\u010dnosti nie s\u00fa verejne obchodovate\u013en\u00e9. Akcion\u00e1r vykon\u00e1va svoje pr\u00e1va a povinnosti na z\u00e1klade pr\u00e1vnych predpisov a stanov spolo\u010dnosti, predov\u0161etk\u00fdm prostredn\u00edctvom valn\u00e9ho zhroma\u017edenia a\u00a0dozornej rady.<\/p><p class=\"rtejustify\">Hlavn\u00fd predmet \u010dinnosti spolo\u010dnosti spo\u010d\u00edva v pren\u00e1jme vlastn\u00fdch bytov\u00fdch a\u00a0nebytov\u00fdch priestorov a\u00a0objektov. Ide o modern\u00e9 a historick\u00e9 budovy v atrakt\u00edvnych lokalit\u00e1ch Bratislavy, ktor\u00e9 dosahuj\u00fa vysok\u00fd eur\u00f3psky \u0161tandard.<\/p><p class=\"rtejustify\">Medzi poskytovan\u00e9 slu\u017eby, ktor\u00fdch opodstatnenos\u0165 a\u00a0d\u00f4le\u017eitos\u0165 za posledn\u00e9 roky pre spolo\u010dnos\u0165 v\u00fdznamne vzr\u00e1stla, patr\u00ed spr\u00e1vcovsk\u00e1 \u010dinnos\u0165. T\u00e1 so sebou prin\u00e1\u0161a mno\u017estvo technick\u00fdch, ekonomick\u00fdch, prev\u00e1dzkov\u00fdch a pr\u00e1vnych \u010dinnost\u00ed. Na ich zabezpe\u010denie je potrebn\u00e1 sk\u00fasenos\u0165, ktor\u00fa SSDZ, a.s. nadobudla dlhoro\u010dnou spr\u00e1vou vlastn\u00fdch objektov.<\/p><p class=\"rtejustify\">SSDZ, a.s. z\u00e1rove\u0148 poskytuje \u0161irok\u00fd komplex slu\u017eieb spojen\u00fdch s b\u00fdvan\u00edm. Ide najm\u00e4 o domovn\u00edcke slu\u017eby, upratovanie spolo\u010dn\u00fdch priestorov, \u00fapravy a udr\u017eiavanie z\u00e1hrad, monitoring a ochranu objektov a kancel\u00e1rskych priestorov, be\u017en\u00e9 stavebn\u00e9 \u00fapravy men\u0161ieho rozsahu. Komplexnos\u0165 poskytovan\u00fdch slu\u017eieb SSDZ, a.s. dop\u013a\u0148a realitn\u00e1 a sprostredkovate\u013esk\u00e1 \u010dinnos\u0165 v oblasti real\u00edt, investi\u010dn\u00e1 a stavebn\u00e1 \u010dinnos\u0165.<\/p><p class=\"rtejustify\">V ka\u017edej oblasti svojej \u010dinnosti spolo\u010dnos\u0165 kladie d\u00f4raz na kvalitu slu\u017eieb, ktor\u00e1 spo\u010d\u00edva v\u00a0diskr\u00e9tnom, individu\u00e1lnom a\u00a0adresnom pr\u00edstupe ku ka\u017ed\u00e9mu klientovi, pri\u010dom \u0161t\u00e1tny charakter spolo\u010dnosti je z\u00e1rukou bezpe\u010dnosti, spo\u013eahlivosti a\u00a0seri\u00f3znosti.<\/p><p class=\"rtejustify\">\u010cinnos\u0165 spolo\u010dnosti nem\u00e1 vplyv na \u017eivotn\u00e9 prostredie.<\/p>\t\t\t\t\t\t<\/div>\n\t\t\t\t<\/div>\n\t\t\t\t\t<\/div>\n\t\t<\/div>\n\t\t\t\t\t<\/div>\n\t\t<\/section>\n\t\t\t\t<section class=\"elementor-section elementor-top-section elementor-element elementor-element-fcad062 elementor-section-boxed elementor-section-height-default elementor-section-height-default\" data-id=\"fcad062\" data-element_type=\"section\">\n\t\t\t\t\t\t<div class=\"elementor-container elementor-column-gap-default\">\n\t\t\t\t\t<div class=\"elementor-column elementor-col-100 elementor-top-column elementor-element elementor-element-790e801\" data-id=\"790e801\" data-element_type=\"column\">\n\t\t\t<div class=\"elementor-widget-wrap elementor-element-populated\">\n\t\t\t\t\t\t<div class=\"elementor-element elementor-element-2dd43f5 elementor-widget elementor-widget-heading\" data-id=\"2dd43f5\" data-element_type=\"widget\" data-widget_type=\"heading.default\">\n\t\t\t\t<div class=\"elementor-widget-container\">\n\t\t\t<h1 class=\"elementor-heading-title elementor-size-default\">Identifika\u010dn\u00e9 \u00fadaje<\/h1>\t\t<\/div>\n\t\t\t\t<\/div>\n\t\t\t\t<div class=\"elementor-element elementor-element-280b3cf elementor-widget elementor-widget-text-editor\" data-id=\"280b3cf\" data-element_type=\"widget\" data-widget_type=\"text-editor.default\">\n\t\t\t\t<div class=\"elementor-widget-container\">\n\t\t\t\t\t\t\t<p>Obchodn\u00e9 meno: Spr\u00e1va slu\u017eieb diplomatick\u00e9mu zboru, a.s.<br \/>S\u00eddlo: Palis\u00e1dy 31, 811 06 Bratislava<br \/>I\u010cO: 35 822\u00a0163<br \/>Pr\u00e1vna forma: akciov\u00e1 spolo\u010dnos\u0165<br \/>De\u0148 zalo\u017eenia: 1. 10. 2001<\/p>\t\t\t\t\t\t<\/div>\n\t\t\t\t<\/div>\n\t\t\t\t\t<\/div>\n\t\t<\/div>\n\t\t\t\t\t<\/div>\n\t\t<\/section>\n\t\t\t\t<section class=\"elementor-section elementor-top-section elementor-element elementor-element-7009992 elementor-section-boxed elementor-section-height-default elementor-section-height-default\" data-id=\"7009992\" data-element_type=\"section\">\n\t\t\t\t\t\t<div class=\"elementor-container elementor-column-gap-default\">\n\t\t\t\t\t<div class=\"elementor-column elementor-col-100 elementor-top-column elementor-element elementor-element-0fed196\" data-id=\"0fed196\" data-element_type=\"column\">\n\t\t\t<div class=\"elementor-widget-wrap elementor-element-populated\">\n\t\t\t\t\t\t<div class=\"elementor-element elementor-element-200ffab elementor-widget elementor-widget-heading\" data-id=\"200ffab\" data-element_type=\"widget\" data-widget_type=\"heading.default\">\n\t\t\t\t<div class=\"elementor-widget-container\">\n\t\t\t<h1 class=\"elementor-heading-title elementor-size-default\">Predmet podnikania<\/h1>\t\t<\/div>\n\t\t\t\t<\/div>\n\t\t\t\t<div class=\"elementor-element elementor-element-dae17fe elementor-widget elementor-widget-text-editor\" data-id=\"dae17fe\" data-element_type=\"widget\" data-widget_type=\"text-editor.default\">\n\t\t\t\t<div class=\"elementor-widget-container\">\n\t\t\t\t\t\t\t<ul><li>organiza\u010dn\u00e9 poradenstvo pre zastupite\u013esk\u00e9 a\u00a0in\u00e9 \u00farady cudz\u00edch \u0161t\u00e1tov na \u00fazem\u00ed SR<\/li><li>administrat\u00edvne pr\u00e1ce pre zastupite\u013esk\u00e9 \u00farady cudz\u00edch \u0161t\u00e1tov na \u00fazem\u00ed SR<\/li><li>pren\u00e1jom nehnute\u013enost\u00ed spojen\u00fd s\u00a0poskytovan\u00edm doplnkov\u00fdch slu\u017eieb<\/li><li>obstar\u00e1vate\u013esk\u00e1 \u010dinnos\u0165 spojen\u00e1 so spr\u00e1vou a\u00a0pren\u00e1jmom nehnute\u013enost\u00ed<\/li><li>sprostredkovanie predaja,\u00a0pren\u00e1jmu a\u00a0k\u00fapy nehnute\u013enost\u00ed (realitn\u00e1 \u010dinnos\u0165)<\/li><li>prev\u00e1dzkovanie zariaden\u00ed sl\u00fa\u017eiacich na relax\u00e1ciu a\u00a0regener\u00e1ciu<\/li><li>ubytovacie slu\u017eby v\u00a0ubytovac\u00edch zariadeniach s\u00a0prev\u00e1dzkovan\u00edm pohostinsk\u00fdch \u010dinnost\u00ed v\u00a0t\u00fdchto zariadeniach<\/li><li>konferen\u010dn\u00fd servis<\/li><li>organizovanie kurzov, semin\u00e1rov a\u00a0\u0161kolen\u00ed<\/li><li>k\u00fapa tovaru na \u00fa\u010dely jeho predaja in\u00fdm prev\u00e1dzkovate\u013eom \u017eivnosti (ve\u013ekoobchod) v\u00a0rozsahu vo\u013enej \u017eivnosti<\/li><li>k\u00fapa tovaru na \u00fa\u010dely jeho predaja kone\u010dn\u00e9mu spotrebite\u013eovi (maloobchod)<\/li><li>pren\u00e1jom spotrebn\u00e9ho a\u00a0priemyseln\u00e9ho tovaru<\/li><li>prieskum trhu a\u00a0verejnej mienky<\/li><li>reklamn\u00e1 a\u00a0propaga\u010dn\u00e1 \u010dinnos\u0165<\/li><li>automatizovan\u00e9 spracovanie d\u00e1t<\/li><li>mur\u00e1rstvo<\/li><li>v\u00fdkon \u010dinnosti stavebn\u00e9ho dozoru<\/li><li>uskuto\u010d\u0148ovanie jednoduch\u00fdch stavieb, drobn\u00fdch stavieb a\u00a0ich zmien<\/li><li>uskuto\u010d\u0148ovanie stavieb a\u00a0ich zmien<\/li><li>prev\u00e1dzkovanie gar\u00e1\u017ei a\u00a0odstavn\u00fdch pl\u00f4ch<\/li><li>sprostredkovate\u013esk\u00e1 \u010dinnos\u0165 v\u00a0oblasti obchodu a\u00a0slu\u017eieb<\/li><li>vodoin\u0161talat\u00e9rstvo a\u00a0kuren\u00e1rstvo<\/li><li>mont\u00e1\u017e, rekon\u0161trukcia a\u00a0\u00fadr\u017eba vyhraden\u00fdch technick\u00fdch zariaden\u00ed<\/li><li>dokon\u010dovacie stavebn\u00e9 pr\u00e1ce pri realiz\u00e1cii exteri\u00e9rov a\u00a0interi\u00e9rov<\/li><li>poskytovanie slu\u017eieb v\u00a0po\u013enohospod\u00e1rstve a\u00a0z\u00e1hradn\u00edctve<\/li><li>spr\u00e1va a\u00a0\u00fadr\u017eba bytov\u00e9ho a\u00a0nebytov\u00e9ho fondu v\u00a0rozsahu vo\u013en\u00fdch \u017eivnost\u00ed<\/li><\/ul>\t\t\t\t\t\t<\/div>\n\t\t\t\t<\/div>\n\t\t\t\t\t<\/div>\n\t\t<\/div>\n\t\t\t\t\t<\/div>\n\t\t<\/section>\n\t\t\t\t<section class=\"elementor-section elementor-top-section elementor-element elementor-element-82dff10 elementor-section-boxed elementor-section-height-default elementor-section-height-default\" data-id=\"82dff10\" data-element_type=\"section\">\n\t\t\t\t\t\t<div class=\"elementor-container elementor-column-gap-default\">\n\t\t\t\t\t<div class=\"elementor-column elementor-col-100 elementor-top-column elementor-element elementor-element-03a3cdd\" data-id=\"03a3cdd\" data-element_type=\"column\">\n\t\t\t<div class=\"elementor-widget-wrap elementor-element-populated\">\n\t\t\t\t\t\t<div class=\"elementor-element elementor-element-e75c52c elementor-widget elementor-widget-heading\" data-id=\"e75c52c\" data-element_type=\"widget\" data-widget_type=\"heading.default\">\n\t\t\t\t<div class=\"elementor-widget-container\">\n\t\t\t<h2 class=\"elementor-heading-title elementor-size-default\">Stanovy spolo\u010dnosti<\/h2>\t\t<\/div>\n\t\t\t\t<\/div>\n\t\t\t\t<div class=\"elementor-element elementor-element-684f26a elementor-widget elementor-widget-text-editor\" data-id=\"684f26a\" data-element_type=\"widget\" data-widget_type=\"text-editor.default\">\n\t\t\t\t<div class=\"elementor-widget-container\">\n\t\t\t\t\t\t\t<p><a href=\"https:\/\/www.ssdz.sk\/ssdz\/wp-content\/uploads\/2022\/03\/Stanovy-spolocnosti-zo-dna-10-03-2022.pdf\">Stanovy spolo\u010dnosti zo d\u0148a 10 03 2022<\/a><\/p>\t\t\t\t\t\t<\/div>\n\t\t\t\t<\/div>\n\t\t\t\t\t<\/div>\n\t\t<\/div>\n\t\t\t\t\t<\/div>\n\t\t<\/section>\n\t\t\t\t<\/div>\n\t\t","protected":false},"excerpt":{"rendered":"<p>Hist\u00f3ria a filozofia spolo\u010dnosti Spr\u00e1va slu\u017eieb diplomatick\u00e9mu zboru, a.s. (SSDZ, a.s.) bola zalo\u017een\u00e1 zakladate\u013eskou listinou d\u0148a 1. 10. 2001 v nadv\u00e4znosti na uznesenie vl\u00e1dy \u010d. 746 zo d\u0148a 15. 8. 2001, ktorou vl\u00e1da schv\u00e1lila transform\u00e1ciu pr\u00edspevkovej organiz\u00e1cie Spr\u00e1va slu\u017eieb diplomatick\u00e9mu zboru na akciov\u00fa spolo\u010dnos\u0165 so 100%-nou majetkovou \u00fa\u010das\u0165ou \u0161t\u00e1tu. Spolo\u010dnos\u0165 prevzala v\u0161etky pr\u00e1va a z\u00e1v\u00e4zky zru\u0161enej pr\u00edspevkovej organiz\u00e1cie Spr\u00e1va slu\u017eieb diplomatick\u00e9mu zboru. Vklad majetku &#8230;<\/p>\n","protected":false},"author":1,"featured_media":18236,"parent":0,"menu_order":0,"comment_status":"closed","ping_status":"closed","template":"","meta":{"footnotes":""},"class_list":["post-18571","page","type-page","status-publish","has-post-thumbnail","hentry"],"yoast_head":"<!-- This site is optimized with the Yoast SEO plugin v23.5 - https:\/\/yoast.com\/wordpress\/plugins\/seo\/ -->\n<title>O n\u00e1s - Spr\u00e1va slu\u017eieb diplomatick\u00e9mu zboru<\/title>\n<meta name=\"robots\" content=\"index, follow, max-snippet:-1, max-image-preview:large, max-video-preview:-1\" \/>\n<link rel=\"canonical\" href=\"https:\/\/www.ssdz.sk\/ssdz\/o-nas\/\" \/>\n<meta property=\"og:locale\" content=\"sk_SK\" \/>\n<meta property=\"og:type\" content=\"article\" \/>\n<meta property=\"og:title\" content=\"O n\u00e1s - Spr\u00e1va slu\u017eieb diplomatick\u00e9mu zboru\" \/>\n<meta property=\"og:description\" content=\"Hist\u00f3ria a filozofia spolo\u010dnosti Spr\u00e1va slu\u017eieb diplomatick\u00e9mu zboru, a.s. (SSDZ, a.s.) bola zalo\u017een\u00e1 zakladate\u013eskou listinou d\u0148a 1. 10. 2001 v nadv\u00e4znosti na uznesenie vl\u00e1dy \u010d. 746 zo d\u0148a 15. 8. 2001, ktorou vl\u00e1da schv\u00e1lila transform\u00e1ciu pr\u00edspevkovej organiz\u00e1cie Spr\u00e1va slu\u017eieb diplomatick\u00e9mu zboru na akciov\u00fa spolo\u010dnos\u0165 so 100%-nou majetkovou \u00fa\u010das\u0165ou \u0161t\u00e1tu. Spolo\u010dnos\u0165 prevzala v\u0161etky pr\u00e1va a z\u00e1v\u00e4zky zru\u0161enej pr\u00edspevkovej organiz\u00e1cie Spr\u00e1va slu\u017eieb diplomatick\u00e9mu zboru. Vklad majetku ...\" \/>\n<meta property=\"og:url\" content=\"https:\/\/www.ssdz.sk\/ssdz\/o-nas\/\" \/>\n<meta property=\"og:site_name\" content=\"Spr\u00e1va slu\u017eieb diplomatick\u00e9mu zboru\" \/>\n<meta property=\"article:modified_time\" content=\"2024-04-22T14:53:51+00:00\" \/>\n<meta property=\"og:image\" content=\"https:\/\/www.ssdz.sk\/ssdz\/wp-content\/uploads\/2020\/09\/AC-Diplomat_Bez_Trolej.jpg\" \/>\n\t<meta property=\"og:image:width\" content=\"1623\" \/>\n\t<meta property=\"og:image:height\" content=\"1080\" \/>\n\t<meta property=\"og:image:type\" content=\"image\/jpeg\" \/>\n<meta name=\"twitter:card\" content=\"summary_large_image\" \/>\n<meta name=\"twitter:label1\" content=\"Predpokladan\u00fd \u010das \u010d\u00edtania\" \/>\n\t<meta name=\"twitter:data1\" content=\"4 min\u00faty\" \/>\n<script type=\"application\/ld+json\" class=\"yoast-schema-graph\">{\"@context\":\"https:\/\/schema.org\",\"@graph\":[{\"@type\":\"WebPage\",\"@id\":\"https:\/\/www.ssdz.sk\/ssdz\/o-nas\/\",\"url\":\"https:\/\/www.ssdz.sk\/ssdz\/o-nas\/\",\"name\":\"O n\u00e1s - Spr\u00e1va slu\u017eieb diplomatick\u00e9mu zboru\",\"isPartOf\":{\"@id\":\"https:\/\/www.ssdz.sk\/ssdz\/#website\"},\"primaryImageOfPage\":{\"@id\":\"https:\/\/www.ssdz.sk\/ssdz\/o-nas\/#primaryimage\"},\"image\":{\"@id\":\"https:\/\/www.ssdz.sk\/ssdz\/o-nas\/#primaryimage\"},\"thumbnailUrl\":\"https:\/\/www.ssdz.sk\/ssdz\/wp-content\/uploads\/2020\/09\/AC-Diplomat_Bez_Trolej.jpg\",\"datePublished\":\"2020-11-16T18:26:37+00:00\",\"dateModified\":\"2024-04-22T14:53:51+00:00\",\"breadcrumb\":{\"@id\":\"https:\/\/www.ssdz.sk\/ssdz\/o-nas\/#breadcrumb\"},\"inLanguage\":\"sk-SK\",\"potentialAction\":[{\"@type\":\"ReadAction\",\"target\":[\"https:\/\/www.ssdz.sk\/ssdz\/o-nas\/\"]}]},{\"@type\":\"ImageObject\",\"inLanguage\":\"sk-SK\",\"@id\":\"https:\/\/www.ssdz.sk\/ssdz\/o-nas\/#primaryimage\",\"url\":\"https:\/\/www.ssdz.sk\/ssdz\/wp-content\/uploads\/2020\/09\/AC-Diplomat_Bez_Trolej.jpg\",\"contentUrl\":\"https:\/\/www.ssdz.sk\/ssdz\/wp-content\/uploads\/2020\/09\/AC-Diplomat_Bez_Trolej.jpg\",\"width\":1623,\"height\":1080},{\"@type\":\"BreadcrumbList\",\"@id\":\"https:\/\/www.ssdz.sk\/ssdz\/o-nas\/#breadcrumb\",\"itemListElement\":[{\"@type\":\"ListItem\",\"position\":1,\"name\":\"Domovsk\u00e1 str\u00e1nka\",\"item\":\"https:\/\/www.ssdz.sk\/ssdz\/\"},{\"@type\":\"ListItem\",\"position\":2,\"name\":\"O n\u00e1s\"}]},{\"@type\":\"WebSite\",\"@id\":\"https:\/\/www.ssdz.sk\/ssdz\/#website\",\"url\":\"https:\/\/www.ssdz.sk\/ssdz\/\",\"name\":\"Spr\u00e1va slu\u017eieb diplomatick\u00e9mu zboru\",\"description\":\"\",\"potentialAction\":[{\"@type\":\"SearchAction\",\"target\":{\"@type\":\"EntryPoint\",\"urlTemplate\":\"https:\/\/www.ssdz.sk\/ssdz\/?s={search_term_string}\"},\"query-input\":{\"@type\":\"PropertyValueSpecification\",\"valueRequired\":true,\"valueName\":\"search_term_string\"}}],\"inLanguage\":\"sk-SK\"}]}<\/script>\n<!-- \/ Yoast SEO plugin. -->","yoast_head_json":{"title":"O n\u00e1s - Spr\u00e1va slu\u017eieb diplomatick\u00e9mu zboru","robots":{"index":"index","follow":"follow","max-snippet":"max-snippet:-1","max-image-preview":"max-image-preview:large","max-video-preview":"max-video-preview:-1"},"canonical":"https:\/\/www.ssdz.sk\/ssdz\/o-nas\/","og_locale":"sk_SK","og_type":"article","og_title":"O n\u00e1s - Spr\u00e1va slu\u017eieb diplomatick\u00e9mu zboru","og_description":"Hist\u00f3ria a filozofia spolo\u010dnosti Spr\u00e1va slu\u017eieb diplomatick\u00e9mu zboru, a.s. (SSDZ, a.s.) bola zalo\u017een\u00e1 zakladate\u013eskou listinou d\u0148a 1. 10. 2001 v nadv\u00e4znosti na uznesenie vl\u00e1dy \u010d. 746 zo d\u0148a 15. 8. 2001, ktorou vl\u00e1da schv\u00e1lila transform\u00e1ciu pr\u00edspevkovej organiz\u00e1cie Spr\u00e1va slu\u017eieb diplomatick\u00e9mu zboru na akciov\u00fa spolo\u010dnos\u0165 so 100%-nou majetkovou \u00fa\u010das\u0165ou \u0161t\u00e1tu. Spolo\u010dnos\u0165 prevzala v\u0161etky pr\u00e1va a z\u00e1v\u00e4zky zru\u0161enej pr\u00edspevkovej organiz\u00e1cie Spr\u00e1va slu\u017eieb diplomatick\u00e9mu zboru. Vklad majetku ...","og_url":"https:\/\/www.ssdz.sk\/ssdz\/o-nas\/","og_site_name":"Spr\u00e1va slu\u017eieb diplomatick\u00e9mu zboru","article_modified_time":"2024-04-22T14:53:51+00:00","og_image":[{"width":1623,"height":1080,"url":"https:\/\/www.ssdz.sk\/ssdz\/wp-content\/uploads\/2020\/09\/AC-Diplomat_Bez_Trolej.jpg","type":"image\/jpeg"}],"twitter_card":"summary_large_image","twitter_misc":{"Predpokladan\u00fd \u010das \u010d\u00edtania":"4 min\u00faty"},"schema":{"@context":"https:\/\/schema.org","@graph":[{"@type":"WebPage","@id":"https:\/\/www.ssdz.sk\/ssdz\/o-nas\/","url":"https:\/\/www.ssdz.sk\/ssdz\/o-nas\/","name":"O n\u00e1s - Spr\u00e1va slu\u017eieb diplomatick\u00e9mu zboru","isPartOf":{"@id":"https:\/\/www.ssdz.sk\/ssdz\/#website"},"primaryImageOfPage":{"@id":"https:\/\/www.ssdz.sk\/ssdz\/o-nas\/#primaryimage"},"image":{"@id":"https:\/\/www.ssdz.sk\/ssdz\/o-nas\/#primaryimage"},"thumbnailUrl":"https:\/\/www.ssdz.sk\/ssdz\/wp-content\/uploads\/2020\/09\/AC-Diplomat_Bez_Trolej.jpg","datePublished":"2020-11-16T18:26:37+00:00","dateModified":"2024-04-22T14:53:51+00:00","breadcrumb":{"@id":"https:\/\/www.ssdz.sk\/ssdz\/o-nas\/#breadcrumb"},"inLanguage":"sk-SK","potentialAction":[{"@type":"ReadAction","target":["https:\/\/www.ssdz.sk\/ssdz\/o-nas\/"]}]},{"@type":"ImageObject","inLanguage":"sk-SK","@id":"https:\/\/www.ssdz.sk\/ssdz\/o-nas\/#primaryimage","url":"https:\/\/www.ssdz.sk\/ssdz\/wp-content\/uploads\/2020\/09\/AC-Diplomat_Bez_Trolej.jpg","contentUrl":"https:\/\/www.ssdz.sk\/ssdz\/wp-content\/uploads\/2020\/09\/AC-Diplomat_Bez_Trolej.jpg","width":1623,"height":1080},{"@type":"BreadcrumbList","@id":"https:\/\/www.ssdz.sk\/ssdz\/o-nas\/#breadcrumb","itemListElement":[{"@type":"ListItem","position":1,"name":"Domovsk\u00e1 str\u00e1nka","item":"https:\/\/www.ssdz.sk\/ssdz\/"},{"@type":"ListItem","position":2,"name":"O n\u00e1s"}]},{"@type":"WebSite","@id":"https:\/\/www.ssdz.sk\/ssdz\/#website","url":"https:\/\/www.ssdz.sk\/ssdz\/","name":"Spr\u00e1va slu\u017eieb diplomatick\u00e9mu zboru","description":"","potentialAction":[{"@type":"SearchAction","target":{"@type":"EntryPoint","urlTemplate":"https:\/\/www.ssdz.sk\/ssdz\/?s={search_term_string}"},"query-input":{"@type":"PropertyValueSpecification","valueRequired":true,"valueName":"search_term_string"}}],"inLanguage":"sk-SK"}]}},"_links":{"self":[{"href":"https:\/\/www.ssdz.sk\/ssdz\/wp-json\/wp\/v2\/pages\/18571"}],"collection":[{"href":"https:\/\/www.ssdz.sk\/ssdz\/wp-json\/wp\/v2\/pages"}],"about":[{"href":"https:\/\/www.ssdz.sk\/ssdz\/wp-json\/wp\/v2\/types\/page"}],"author":[{"embeddable":true,"href":"https:\/\/www.ssdz.sk\/ssdz\/wp-json\/wp\/v2\/users\/1"}],"replies":[{"embeddable":true,"href":"https:\/\/www.ssdz.sk\/ssdz\/wp-json\/wp\/v2\/comments?post=18571"}],"version-history":[{"count":26,"href":"https:\/\/www.ssdz.sk\/ssdz\/wp-json\/wp\/v2\/pages\/18571\/revisions"}],"predecessor-version":[{"id":22750,"href":"https:\/\/www.ssdz.sk\/ssdz\/wp-json\/wp\/v2\/pages\/18571\/revisions\/22750"}],"wp:featuredmedia":[{"embeddable":true,"href":"https:\/\/www.ssdz.sk\/ssdz\/wp-json\/wp\/v2\/media\/18236"}],"wp:attachment":[{"href":"https:\/\/www.ssdz.sk\/ssdz\/wp-json\/wp\/v2\/media?parent=18571"}],"curies":[{"name":"wp","href":"https:\/\/api.w.org\/{rel}","templated":true}]}}