{"id":18578,"date":"2020-11-16T19:37:58","date_gmt":"2020-11-16T18:37:58","guid":{"rendered":"http:\/\/cocobae.sk\/?page_id=18578"},"modified":"2025-12-18T14:14:51","modified_gmt":"2025-12-18T13:14:51","slug":"kontakty","status":"publish","type":"page","link":"https:\/\/www.ssdz.sk\/ssdz\/kontakty\/","title":{"rendered":"Kontakty"},"content":{"rendered":"\t\t<div data-elementor-type=\"wp-page\" data-elementor-id=\"18578\" class=\"elementor elementor-18578\">\n\t\t\t\t\t\t<section class=\"elementor-section elementor-top-section elementor-element elementor-element-cc3751d elementor-section-boxed elementor-section-height-default elementor-section-height-default\" data-id=\"cc3751d\" data-element_type=\"section\">\n\t\t\t\t\t\t<div class=\"elementor-container elementor-column-gap-default\">\n\t\t\t\t\t<div class=\"elementor-column elementor-col-100 elementor-top-column elementor-element elementor-element-502ba6c\" data-id=\"502ba6c\" data-element_type=\"column\">\n\t\t\t<div class=\"elementor-widget-wrap elementor-element-populated\">\n\t\t\t\t\t\t<div class=\"elementor-element elementor-element-b5cc525 elementor-widget elementor-widget-heading\" data-id=\"b5cc525\" data-element_type=\"widget\" data-widget_type=\"heading.default\">\n\t\t\t\t<div class=\"elementor-widget-container\">\n\t\t\t<h1 class=\"elementor-heading-title elementor-size-default\">Spr\u00e1va slu\u017eieb diplomatick\u00e9mu zboru, a.s.<\/h1>\t\t<\/div>\n\t\t\t\t<\/div>\n\t\t\t\t<div class=\"elementor-element elementor-element-cbf793d elementor-widget elementor-widget-text-editor\" data-id=\"cbf793d\" data-element_type=\"widget\" data-widget_type=\"text-editor.default\">\n\t\t\t\t<div class=\"elementor-widget-container\">\n\t\t\t\t\t\t\t<h4>Palis\u00e1dy 31<br \/>811 06 Bratislava 1<\/h4><h4>I\u010cO: 35 822 163<br \/>DI\u010c: 2021595378<br \/>Oddiel: Sa, Vlo\u017eka \u010d.: 2834\/B<br \/>Zap\u00edsan\u00e1 v Obchodnom registri Mestsk\u00e9ho s\u00fadu Bratislava III.<\/h4>\t\t\t\t\t\t<\/div>\n\t\t\t\t<\/div>\n\t\t\t\t<div class=\"elementor-element elementor-element-94e2f07 elementor-widget__width-initial elementor-widget elementor-widget-text-editor\" data-id=\"94e2f07\" data-element_type=\"widget\" data-widget_type=\"text-editor.default\">\n\t\t\t\t<div class=\"elementor-widget-container\">\n\t\t\t\t\t\t\t<h3>OBCHODN\u00c9 ODDELENIE<\/h3>\n<table style=\"height: 208px;\" border=\"0\" width=\"1000\" cellspacing=\"0\" cellpadding=\"1\">\n<tbody>\n<tr>\n<th>&nbsp;<\/th>\n<th>Email:<\/th>\n<th>Mobil:<\/th>\n<th>Fax:<\/th>\n<\/tr>\n<tr>\n<td><strong>Peter Babinec BBA.HM<\/strong><\/td>\n<td>babinec@ssdz.sk<\/td>\n<td>+421 918 933 113<\/td>\n<td>+421 2 5920 5752<\/td>\n<\/tr>\n<tr>\n<td>\n<p><strong style=\"background-color: transparent;\">Mgr. Petra Pipa\u0161ov\u00e1<\/strong><\/p>\n<p><strong style=\"background-color: transparent;\">Ing. Lydia Barbier<\/strong><\/p>\n<\/td>\n<td>\n<p><span style=\"background-color: transparent;\">pipasova@ssdz.sk<\/span><\/p>\n<p><span style=\"background-color: transparent;\">barbier@ssdz.sk&nbsp; &nbsp; &nbsp; &nbsp; &nbsp; &nbsp; &nbsp; &nbsp; &nbsp; &nbsp; &nbsp; &nbsp;<\/span><\/p>\n<\/td>\n<td>\n<p>+421 918 445 045<\/p>\n<p>+421 905 065 041<\/p>\n<\/td>\n<td>&nbsp;<\/td>\n<\/tr>\n<tr>\n<td>&nbsp;<\/td>\n<td>&nbsp;<\/td>\n<td>&nbsp;<\/td>\n<td>&nbsp;<\/td>\n<\/tr>\n<\/tbody>\n<\/table>\n<p>e-mail:&nbsp;<a href=\"mailto:reality@ssdz.sk\"><u>reality@ssdz.sk<\/u><\/a><\/p>\n<table style=\"height: 419px;\" border=\"0\" width=\"1000\" cellspacing=\"0\" cellpadding=\"1\">\n<tbody>\n<tr>\n<th>&nbsp;<\/th>\n<th>Telef\u00f3n:<\/th>\n<th>E-mail:<\/th>\n<th>Fax:<\/th>\n<\/tr>\n<tr>\n<td><strong>Kancel\u00e1ria gener\u00e1lneho riadite\u013ea<\/strong><\/td>\n<td>+421 2 5920 5738, 12<\/td>\n<td>office@ssdz.sk<\/td>\n<td>+421 2 5920 5752<\/td>\n<\/tr>\n<tr>\n<td><strong>Ekonomick\u00fd odbor<\/strong><\/td>\n<td>+421 2 5920 5743<\/td>\n<td>palkovicova@ssdz.sk<\/td>\n<td>+421 2 5920 5752<\/td>\n<\/tr>\n<tr>\n<td><strong>U\u010dt\u00e1re\u0148<\/strong><\/td>\n<td>+421 2 5920 5735, 36<\/td>\n<td>&nbsp;<\/td>\n<td>&nbsp;<\/td>\n<\/tr>\n<tr>\n<td><strong>Oddelenie spr\u00e1vy bytov\u00fdch a&nbsp;nebytov\u00fdch priestorov<\/strong><\/td>\n<td>+421 2 5920 5776<\/td>\n<td>ferancik@ssdz.sk<\/td>\n<td>&nbsp;<\/td>\n<\/tr>\n<tr>\n<td><strong>Investi\u010dn\u00e9 oddelenie<\/strong><\/td>\n<td>+421 2 5920 5773<\/td>\n<td>husek@ssdz.sk<\/td>\n<td>&nbsp;<\/td>\n<\/tr>\n<\/tbody>\n<\/table>\t\t\t\t\t\t<\/div>\n\t\t\t\t<\/div>\n\t\t\t\t\t<\/div>\n\t\t<\/div>\n\t\t\t\t\t<\/div>\n\t\t<\/section>\n\t\t\t\t<section class=\"elementor-section elementor-top-section elementor-element elementor-element-426f5d1 elementor-section-boxed elementor-section-height-default elementor-section-height-default\" data-id=\"426f5d1\" data-element_type=\"section\">\n\t\t\t\t\t\t<div class=\"elementor-container elementor-column-gap-default\">\n\t\t\t\t\t<div class=\"elementor-column elementor-col-100 elementor-top-column elementor-element elementor-element-1839752\" data-id=\"1839752\" data-element_type=\"column\">\n\t\t\t<div class=\"elementor-widget-wrap\">\n\t\t\t\t\t\t\t<\/div>\n\t\t<\/div>\n\t\t\t\t\t<\/div>\n\t\t<\/section>\n\t\t\t\t<\/div>\n\t\t","protected":false},"excerpt":{"rendered":"<p>Spr\u00e1va slu\u017eieb diplomatick\u00e9mu zboru, a.s. Palis\u00e1dy 31811 06 Bratislava 1 I\u010cO: 35 822 163DI\u010c: 2021595378Oddiel: Sa, Vlo\u017eka \u010d.: 2834\/BZap\u00edsan\u00e1 v Obchodnom registri Mestsk\u00e9ho s\u00fadu Bratislava III. OBCHODN\u00c9 ODDELENIE &nbsp; Email: Mobil: Fax: Peter Babinec BBA.HM babinec@ssdz.sk +421 918 933 113 +421 2 5920 5752 Mgr. Petra Pipa\u0161ov\u00e1 Ing. Lydia Barbier pipasova@ssdz.sk barbier@ssdz.sk&nbsp; &nbsp; &nbsp; &nbsp; &nbsp; &nbsp; &nbsp; &nbsp; &nbsp; &nbsp; &nbsp; &nbsp; +421 &#8230;<\/p>\n","protected":false},"author":1,"featured_media":18236,"parent":0,"menu_order":0,"comment_status":"closed","ping_status":"closed","template":"","meta":{"footnotes":""},"class_list":["post-18578","page","type-page","status-publish","has-post-thumbnail","hentry"],"yoast_head":"<!-- This site is optimized with the Yoast SEO plugin v23.5 - https:\/\/yoast.com\/wordpress\/plugins\/seo\/ -->\n<title>Kontakty - Spr\u00e1va slu\u017eieb diplomatick\u00e9mu zboru<\/title>\n<meta name=\"robots\" content=\"index, follow, max-snippet:-1, max-image-preview:large, max-video-preview:-1\" \/>\n<link rel=\"canonical\" href=\"https:\/\/www.ssdz.sk\/ssdz\/kontakty\/\" \/>\n<meta property=\"og:locale\" content=\"sk_SK\" \/>\n<meta property=\"og:type\" content=\"article\" \/>\n<meta property=\"og:title\" content=\"Kontakty - Spr\u00e1va slu\u017eieb diplomatick\u00e9mu zboru\" \/>\n<meta property=\"og:description\" content=\"Spr\u00e1va slu\u017eieb diplomatick\u00e9mu zboru, a.s. Palis\u00e1dy 31811 06 Bratislava 1 I\u010cO: 35 822 163DI\u010c: 2021595378Oddiel: Sa, Vlo\u017eka \u010d.: 2834\/BZap\u00edsan\u00e1 v Obchodnom registri Mestsk\u00e9ho s\u00fadu Bratislava III. OBCHODN\u00c9 ODDELENIE &nbsp; Email: Mobil: Fax: Peter Babinec BBA.HM babinec@ssdz.sk +421 918 933 113 +421 2 5920 5752 Mgr. Petra Pipa\u0161ov\u00e1 Ing. Lydia Barbier pipasova@ssdz.sk barbier@ssdz.sk&nbsp; &nbsp; &nbsp; &nbsp; &nbsp; &nbsp; &nbsp; &nbsp; &nbsp; &nbsp; &nbsp; &nbsp; +421 ...\" \/>\n<meta property=\"og:url\" content=\"https:\/\/www.ssdz.sk\/ssdz\/kontakty\/\" \/>\n<meta property=\"og:site_name\" content=\"Spr\u00e1va slu\u017eieb diplomatick\u00e9mu zboru\" \/>\n<meta property=\"article:modified_time\" content=\"2025-12-18T13:14:51+00:00\" \/>\n<meta property=\"og:image\" content=\"https:\/\/www.ssdz.sk\/ssdz\/wp-content\/uploads\/2020\/09\/AC-Diplomat_Bez_Trolej.jpg\" \/>\n\t<meta property=\"og:image:width\" content=\"1623\" \/>\n\t<meta property=\"og:image:height\" content=\"1080\" \/>\n\t<meta property=\"og:image:type\" content=\"image\/jpeg\" \/>\n<meta name=\"twitter:card\" content=\"summary_large_image\" \/>\n<meta name=\"twitter:label1\" content=\"Predpokladan\u00fd \u010das \u010d\u00edtania\" \/>\n\t<meta name=\"twitter:data1\" content=\"1 min\u00fata\" \/>\n<script type=\"application\/ld+json\" class=\"yoast-schema-graph\">{\"@context\":\"https:\/\/schema.org\",\"@graph\":[{\"@type\":\"WebPage\",\"@id\":\"https:\/\/www.ssdz.sk\/ssdz\/kontakty\/\",\"url\":\"https:\/\/www.ssdz.sk\/ssdz\/kontakty\/\",\"name\":\"Kontakty - Spr\u00e1va slu\u017eieb diplomatick\u00e9mu zboru\",\"isPartOf\":{\"@id\":\"https:\/\/www.ssdz.sk\/ssdz\/#website\"},\"primaryImageOfPage\":{\"@id\":\"https:\/\/www.ssdz.sk\/ssdz\/kontakty\/#primaryimage\"},\"image\":{\"@id\":\"https:\/\/www.ssdz.sk\/ssdz\/kontakty\/#primaryimage\"},\"thumbnailUrl\":\"https:\/\/www.ssdz.sk\/ssdz\/wp-content\/uploads\/2020\/09\/AC-Diplomat_Bez_Trolej.jpg\",\"datePublished\":\"2020-11-16T18:37:58+00:00\",\"dateModified\":\"2025-12-18T13:14:51+00:00\",\"breadcrumb\":{\"@id\":\"https:\/\/www.ssdz.sk\/ssdz\/kontakty\/#breadcrumb\"},\"inLanguage\":\"sk-SK\",\"potentialAction\":[{\"@type\":\"ReadAction\",\"target\":[\"https:\/\/www.ssdz.sk\/ssdz\/kontakty\/\"]}]},{\"@type\":\"ImageObject\",\"inLanguage\":\"sk-SK\",\"@id\":\"https:\/\/www.ssdz.sk\/ssdz\/kontakty\/#primaryimage\",\"url\":\"https:\/\/www.ssdz.sk\/ssdz\/wp-content\/uploads\/2020\/09\/AC-Diplomat_Bez_Trolej.jpg\",\"contentUrl\":\"https:\/\/www.ssdz.sk\/ssdz\/wp-content\/uploads\/2020\/09\/AC-Diplomat_Bez_Trolej.jpg\",\"width\":1623,\"height\":1080},{\"@type\":\"BreadcrumbList\",\"@id\":\"https:\/\/www.ssdz.sk\/ssdz\/kontakty\/#breadcrumb\",\"itemListElement\":[{\"@type\":\"ListItem\",\"position\":1,\"name\":\"Domovsk\u00e1 str\u00e1nka\",\"item\":\"https:\/\/www.ssdz.sk\/ssdz\/\"},{\"@type\":\"ListItem\",\"position\":2,\"name\":\"Kontakty\"}]},{\"@type\":\"WebSite\",\"@id\":\"https:\/\/www.ssdz.sk\/ssdz\/#website\",\"url\":\"https:\/\/www.ssdz.sk\/ssdz\/\",\"name\":\"Spr\u00e1va slu\u017eieb diplomatick\u00e9mu zboru\",\"description\":\"\",\"potentialAction\":[{\"@type\":\"SearchAction\",\"target\":{\"@type\":\"EntryPoint\",\"urlTemplate\":\"https:\/\/www.ssdz.sk\/ssdz\/?s={search_term_string}\"},\"query-input\":{\"@type\":\"PropertyValueSpecification\",\"valueRequired\":true,\"valueName\":\"search_term_string\"}}],\"inLanguage\":\"sk-SK\"}]}<\/script>\n<!-- \/ Yoast SEO plugin. -->","yoast_head_json":{"title":"Kontakty - Spr\u00e1va slu\u017eieb diplomatick\u00e9mu zboru","robots":{"index":"index","follow":"follow","max-snippet":"max-snippet:-1","max-image-preview":"max-image-preview:large","max-video-preview":"max-video-preview:-1"},"canonical":"https:\/\/www.ssdz.sk\/ssdz\/kontakty\/","og_locale":"sk_SK","og_type":"article","og_title":"Kontakty - Spr\u00e1va slu\u017eieb diplomatick\u00e9mu zboru","og_description":"Spr\u00e1va slu\u017eieb diplomatick\u00e9mu zboru, a.s. Palis\u00e1dy 31811 06 Bratislava 1 I\u010cO: 35 822 163DI\u010c: 2021595378Oddiel: Sa, Vlo\u017eka \u010d.: 2834\/BZap\u00edsan\u00e1 v Obchodnom registri Mestsk\u00e9ho s\u00fadu Bratislava III. OBCHODN\u00c9 ODDELENIE &nbsp; Email: Mobil: Fax: Peter Babinec BBA.HM babinec@ssdz.sk +421 918 933 113 +421 2 5920 5752 Mgr. Petra Pipa\u0161ov\u00e1 Ing. Lydia Barbier pipasova@ssdz.sk barbier@ssdz.sk&nbsp; &nbsp; &nbsp; &nbsp; &nbsp; &nbsp; &nbsp; &nbsp; &nbsp; &nbsp; &nbsp; &nbsp; +421 ...","og_url":"https:\/\/www.ssdz.sk\/ssdz\/kontakty\/","og_site_name":"Spr\u00e1va slu\u017eieb diplomatick\u00e9mu zboru","article_modified_time":"2025-12-18T13:14:51+00:00","og_image":[{"width":1623,"height":1080,"url":"https:\/\/www.ssdz.sk\/ssdz\/wp-content\/uploads\/2020\/09\/AC-Diplomat_Bez_Trolej.jpg","type":"image\/jpeg"}],"twitter_card":"summary_large_image","twitter_misc":{"Predpokladan\u00fd \u010das \u010d\u00edtania":"1 min\u00fata"},"schema":{"@context":"https:\/\/schema.org","@graph":[{"@type":"WebPage","@id":"https:\/\/www.ssdz.sk\/ssdz\/kontakty\/","url":"https:\/\/www.ssdz.sk\/ssdz\/kontakty\/","name":"Kontakty - Spr\u00e1va slu\u017eieb diplomatick\u00e9mu zboru","isPartOf":{"@id":"https:\/\/www.ssdz.sk\/ssdz\/#website"},"primaryImageOfPage":{"@id":"https:\/\/www.ssdz.sk\/ssdz\/kontakty\/#primaryimage"},"image":{"@id":"https:\/\/www.ssdz.sk\/ssdz\/kontakty\/#primaryimage"},"thumbnailUrl":"https:\/\/www.ssdz.sk\/ssdz\/wp-content\/uploads\/2020\/09\/AC-Diplomat_Bez_Trolej.jpg","datePublished":"2020-11-16T18:37:58+00:00","dateModified":"2025-12-18T13:14:51+00:00","breadcrumb":{"@id":"https:\/\/www.ssdz.sk\/ssdz\/kontakty\/#breadcrumb"},"inLanguage":"sk-SK","potentialAction":[{"@type":"ReadAction","target":["https:\/\/www.ssdz.sk\/ssdz\/kontakty\/"]}]},{"@type":"ImageObject","inLanguage":"sk-SK","@id":"https:\/\/www.ssdz.sk\/ssdz\/kontakty\/#primaryimage","url":"https:\/\/www.ssdz.sk\/ssdz\/wp-content\/uploads\/2020\/09\/AC-Diplomat_Bez_Trolej.jpg","contentUrl":"https:\/\/www.ssdz.sk\/ssdz\/wp-content\/uploads\/2020\/09\/AC-Diplomat_Bez_Trolej.jpg","width":1623,"height":1080},{"@type":"BreadcrumbList","@id":"https:\/\/www.ssdz.sk\/ssdz\/kontakty\/#breadcrumb","itemListElement":[{"@type":"ListItem","position":1,"name":"Domovsk\u00e1 str\u00e1nka","item":"https:\/\/www.ssdz.sk\/ssdz\/"},{"@type":"ListItem","position":2,"name":"Kontakty"}]},{"@type":"WebSite","@id":"https:\/\/www.ssdz.sk\/ssdz\/#website","url":"https:\/\/www.ssdz.sk\/ssdz\/","name":"Spr\u00e1va slu\u017eieb diplomatick\u00e9mu zboru","description":"","potentialAction":[{"@type":"SearchAction","target":{"@type":"EntryPoint","urlTemplate":"https:\/\/www.ssdz.sk\/ssdz\/?s={search_term_string}"},"query-input":{"@type":"PropertyValueSpecification","valueRequired":true,"valueName":"search_term_string"}}],"inLanguage":"sk-SK"}]}},"_links":{"self":[{"href":"https:\/\/www.ssdz.sk\/ssdz\/wp-json\/wp\/v2\/pages\/18578"}],"collection":[{"href":"https:\/\/www.ssdz.sk\/ssdz\/wp-json\/wp\/v2\/pages"}],"about":[{"href":"https:\/\/www.ssdz.sk\/ssdz\/wp-json\/wp\/v2\/types\/page"}],"author":[{"embeddable":true,"href":"https:\/\/www.ssdz.sk\/ssdz\/wp-json\/wp\/v2\/users\/1"}],"replies":[{"embeddable":true,"href":"https:\/\/www.ssdz.sk\/ssdz\/wp-json\/wp\/v2\/comments?post=18578"}],"version-history":[{"count":60,"href":"https:\/\/www.ssdz.sk\/ssdz\/wp-json\/wp\/v2\/pages\/18578\/revisions"}],"predecessor-version":[{"id":24482,"href":"https:\/\/www.ssdz.sk\/ssdz\/wp-json\/wp\/v2\/pages\/18578\/revisions\/24482"}],"wp:featuredmedia":[{"embeddable":true,"href":"https:\/\/www.ssdz.sk\/ssdz\/wp-json\/wp\/v2\/media\/18236"}],"wp:attachment":[{"href":"https:\/\/www.ssdz.sk\/ssdz\/wp-json\/wp\/v2\/media?parent=18578"}],"curies":[{"name":"wp","href":"https:\/\/api.w.org\/{rel}","templated":true}]}}