{"id":18582,"date":"2020-11-16T19:50:33","date_gmt":"2020-11-16T18:50:33","guid":{"rendered":"http:\/\/cocobae.sk\/?page_id=18582"},"modified":"2025-04-08T20:21:05","modified_gmt":"2025-04-08T18:21:05","slug":"organizacne-clenenie","status":"publish","type":"page","link":"https:\/\/www.ssdz.sk\/ssdz\/organizacne-clenenie\/","title":{"rendered":"Organiza\u010dn\u00e9 \u010dlenenie"},"content":{"rendered":"\t\t<div data-elementor-type=\"wp-page\" data-elementor-id=\"18582\" class=\"elementor elementor-18582\">\n\t\t\t\t\t\t<section class=\"elementor-section elementor-top-section elementor-element elementor-element-18f9041 elementor-section-boxed elementor-section-height-default elementor-section-height-default\" data-id=\"18f9041\" data-element_type=\"section\">\n\t\t\t\t\t\t<div class=\"elementor-container elementor-column-gap-default\">\n\t\t\t\t\t<div class=\"elementor-column elementor-col-100 elementor-top-column elementor-element elementor-element-1bc5934\" data-id=\"1bc5934\" data-element_type=\"column\">\n\t\t\t<div class=\"elementor-widget-wrap elementor-element-populated\">\n\t\t\t\t\t\t<div class=\"elementor-element elementor-element-88d9891 elementor-widget elementor-widget-heading\" data-id=\"88d9891\" data-element_type=\"widget\" data-widget_type=\"heading.default\">\n\t\t\t\t<div class=\"elementor-widget-container\">\n\t\t\t<h2 class=\"elementor-heading-title elementor-size-default\">Org\u00e1ny spolo\u010dnosti<\/h2>\t\t<\/div>\n\t\t\t\t<\/div>\n\t\t\t\t<div class=\"elementor-element elementor-element-4fc215b elementor-widget elementor-widget-text-editor\" data-id=\"4fc215b\" data-element_type=\"widget\" data-widget_type=\"text-editor.default\">\n\t\t\t\t<div class=\"elementor-widget-container\">\n\t\t\t\t\t\t\t<h3>Valn\u00e9 zhroma\u017edenie<\/h3><p class=\"rtejustify\">Je najvy\u0161\u0161\u00edm org\u00e1nom spolo\u010dnosti. Vzh\u013eadom na skuto\u010dnos\u0165, \u017ee spolo\u010dnos\u0165 m\u00e1 len jedn\u00e9ho akcion\u00e1ra, vykon\u00e1va p\u00f4sobnos\u0165 valn\u00e9ho zhroma\u017edenia Ministerstvo zahrani\u010dn\u00fdch vec\u00ed a eur\u00f3pskych z\u00e1le\u017eitost\u00ed SR. \u0160tatut\u00e1rnym z\u00e1stupcom jedin\u00e9ho akcion\u00e1ra je od 25.10.2023 minister zahrani\u010dn\u00fdch vec\u00ed a eur\u00f3pskych z\u00e1le\u017eitost\u00ed p\u00e1n Juraj Blan\u00e1r.<\/p><p><strong><a href=\"http:\/\/ssdz.sk\/sites\/default\/files\/uploads\/2015_info_o_pravach_akcionara_za_rok_2014.pdf\">Spr\u00e1va o v\u00fdkone pr\u00e1v akcion\u00e1ra v akciovej spolo\u010dnosti SSDZ, a.s. so 100 % majetkovou \u00fa\u010das\u0165ou \u0161t\u00e1tu v p\u00f4sobnosti Ministerstva zahrani\u010dn\u00fdch vec\u00ed SR za rok 2014<\/a><\/strong><\/p><p><a href=\"http:\/\/www.rokovania.sk\/Rokovanie.aspx\/BodRokovaniaDetail?idMaterial=23618\"><strong>Spr\u00e1va o v\u00fdkone pr\u00e1v akcion\u00e1ra v akciovej spolo\u010dnosti SSDZ, a.s. so 100 % majetkovou \u00fa\u010das\u0165ou \u0161t\u00e1tu v p\u00f4sobnosti Ministerstva zahrani\u010dn\u00fdch vec\u00ed SR za rok 2013<\/strong><\/a><\/p><p><a href=\"http:\/\/www.rokovania.sk\/Rokovanie.aspx\/BodRokovaniaDetail?idMaterial=22612\"><strong>Spr\u00e1va o v\u00fdkone pr\u00e1v akcion\u00e1ra v akciovej spolo\u010dnosti SSDZ, a.s. so 100 % majetkovou \u00fa\u010das\u0165ou \u0161t\u00e1tu v p\u00f4sobnosti Ministerstva zahrani\u010dn\u00fdch vec\u00ed SR za rok 2012<\/strong><\/a><\/p>\t\t\t\t\t\t<\/div>\n\t\t\t\t<\/div>\n\t\t\t\t<div class=\"elementor-element elementor-element-eeac89d elementor-widget elementor-widget-text-editor\" data-id=\"eeac89d\" data-element_type=\"widget\" data-widget_type=\"text-editor.default\">\n\t\t\t\t<div class=\"elementor-widget-container\">\n\t\t\t\t\t\t\t<h3>Predstavenstvo spolo\u010dnosti<\/h3><p class=\"rtejustify\">Je \u0161tatut\u00e1rnym org\u00e1nom spolo\u010dnosti. Je opr\u00e1vnen\u00e9 kona\u0165 v\u00a0mene spolo\u010dnosti vo v\u0161etk\u00fdch z\u00e1le\u017eitostiach spolo\u010dnosti, pokia\u013e nie s\u00fa z\u00e1konom alebo stanovami vyhraden\u00e9 valn\u00e9mu zhroma\u017edeniu alebo dozornej rade. \u010clenovia predstavenstva SSDZ, a.s., ktor\u00ed s\u00fa \u0161t\u00e1tnymi zamestnancami, nemaj\u00fa n\u00e1rok na v\u00fdplatu odmien za v\u00fdkon funkcie.<\/p><table border=\"0\" cellspacing=\"0\" cellpadding=\"1\"><tbody><tr><td><p><strong>Predseda a gener\u00e1lny riadite\u013e<\/strong><\/p><\/td><td><p><strong>\u010clen<\/strong><\/p><\/td><td><p><strong>\u010clen<\/strong><\/p><\/td><\/tr><tr><td><p>Ing. Miroslav Tu\u010dn\u00edk PhD.<\/p><p><a href=\"https:\/\/crz.gov.sk\/zmluva\/9184157\/\" target=\"_blank\" rel=\"noopener\">Zmluva o v\u00fdkone funkcie predsedu predstavenstva<\/a><\/p><p><a href=\"https:\/\/crz.gov.sk\/zmluva\/9184378\/\" target=\"_blank\" rel=\"noopener\">Mana\u017e\u00e9rska zmluva<\/a><\/p><\/td><td><p>Ing. Roman Jur\u010d\u00e1k<\/p><p><a href=\"https:\/\/crz.gov.sk\/zmluva\/9184281\/\" target=\"_blank\" rel=\"noopener\">Zmluva o v\u00fdkone funkcie \u010dlena predstavenstva<\/a><\/p><p><a href=\"https:\/\/crz.gov.sk\/zmluva\/9188415\/\">Mana\u017e\u00e9rska zmluva<\/a><\/p><\/td><td><p>Ing. Rudolf Kme\u0165<\/p><p><a href=\"https:\/\/www.crz.gov.sk\/zmluva\/9835482\/\" target=\"_blank\" rel=\"noopener\">Zmluva o v\u00fdkone funkcie \u010dlena predstavenstva<\/a><\/p><\/td><\/tr><\/tbody><\/table>\t\t\t\t\t\t<\/div>\n\t\t\t\t<\/div>\n\t\t\t\t<div class=\"elementor-element elementor-element-c255a74 elementor-widget elementor-widget-text-editor\" data-id=\"c255a74\" data-element_type=\"widget\" data-widget_type=\"text-editor.default\">\n\t\t\t\t<div class=\"elementor-widget-container\">\n\t\t\t\t\t\t\t<h3>Dozorn\u00e1 rada<\/h3><p>Je najvy\u0161\u0161\u00edm kontroln\u00fdm org\u00e1nom spolo\u010dnosti. Dozorn\u00e1 rada dohliada na v\u00fdkon p\u00f4sobnosti predstavenstva a uskuto\u010d\u0148ovanie podnikate\u013eskej \u010dinnosti spolo\u010dnosti.<\/p><p>\u010clenovia dozornej rady SSDZ, a.s., ktor\u00ed s\u00fa \u0161t\u00e1tnymi zamestnancami, nemaj\u00fa n\u00e1rok na v\u00fdplatu odmien za v\u00fdkon funkcie.<\/p><table border=\"0\" cellspacing=\"0\" cellpadding=\"1\"><tbody><tr><td><strong>Predseda<\/strong><\/td><td><strong>\u010clen<\/strong><\/td><td><strong>\u010clen<\/strong><\/td><\/tr><tr><td><p>Ing. Silvia Hr\u00edbov\u00e1<\/p><p><a href=\"https:\/\/www.ssdz.sk\/ssdz\/wp-content\/uploads\/2022\/10\/Hribova-CV.pdf\" target=\"_blank\" rel=\"noopener\">\u017divotopis<\/a><\/p><\/td><td><p>Ing. arch. Ivan Podoba<\/p><p><span style=\"background-color: transparent;\">\u017divotopis<\/span><\/p><\/td><td><p>Ing. Eva Bez\u00e1kov\u00e1<\/p><p><a href=\"https:\/\/www.mzv.sk\/web\/sk\/ministerstvo\/kto-sme\/organizacie-ministerstva\/sprava-sluzieb-diplomatickemu-zboru\/eva-bezakova\">\u017divotopis<\/a><\/p><\/td><\/tr><\/tbody><\/table>\t\t\t\t\t\t<\/div>\n\t\t\t\t<\/div>\n\t\t\t\t<div class=\"elementor-element elementor-element-f2dee16 elementor-widget elementor-widget-heading\" data-id=\"f2dee16\" data-element_type=\"widget\" data-widget_type=\"heading.default\">\n\t\t\t\t<div class=\"elementor-widget-container\">\n\t\t\t<h2 class=\"elementor-heading-title elementor-size-default\">Organiza\u010dn\u00e1 \u0161trukt\u00fara<\/h2>\t\t<\/div>\n\t\t\t\t<\/div>\n\t\t\t\t<div class=\"elementor-element elementor-element-13d9513 elementor-widget elementor-widget-image\" data-id=\"13d9513\" data-element_type=\"widget\" data-widget_type=\"image.default\">\n\t\t\t\t<div class=\"elementor-widget-container\">\n\t\t\t\t\t\t\t\t\t\t\t\t\t<img fetchpriority=\"high\" decoding=\"async\" width=\"1847\" height=\"2048\" src=\"https:\/\/www.ssdz.sk\/ssdz\/wp-content\/uploads\/2023\/01\/Priloha-2-k-OP-Organizacna-struktura-SSDZ-_k-1.1.2023-1847x2048.jpg\" class=\"attachment-2048x2048 size-2048x2048 wp-image-21802\" alt=\"\" srcset=\"https:\/\/www.ssdz.sk\/ssdz\/wp-content\/uploads\/2023\/01\/Priloha-2-k-OP-Organizacna-struktura-SSDZ-_k-1.1.2023-1847x2048.jpg 1847w, https:\/\/www.ssdz.sk\/ssdz\/wp-content\/uploads\/2023\/01\/Priloha-2-k-OP-Organizacna-struktura-SSDZ-_k-1.1.2023-271x300.jpg 271w, https:\/\/www.ssdz.sk\/ssdz\/wp-content\/uploads\/2023\/01\/Priloha-2-k-OP-Organizacna-struktura-SSDZ-_k-1.1.2023-923x1024.jpg 923w, https:\/\/www.ssdz.sk\/ssdz\/wp-content\/uploads\/2023\/01\/Priloha-2-k-OP-Organizacna-struktura-SSDZ-_k-1.1.2023-768x852.jpg 768w, https:\/\/www.ssdz.sk\/ssdz\/wp-content\/uploads\/2023\/01\/Priloha-2-k-OP-Organizacna-struktura-SSDZ-_k-1.1.2023-1385x1536.jpg 1385w\" sizes=\"(max-width: 1847px) 100vw, 1847px\" \/>\t\t\t\t\t\t\t\t\t\t\t\t\t<\/div>\n\t\t\t\t<\/div>\n\t\t\t\t\t<\/div>\n\t\t<\/div>\n\t\t\t\t\t<\/div>\n\t\t<\/section>\n\t\t\t\t<\/div>\n\t\t","protected":false},"excerpt":{"rendered":"<p>Org\u00e1ny spolo\u010dnosti Valn\u00e9 zhroma\u017edenie Je najvy\u0161\u0161\u00edm org\u00e1nom spolo\u010dnosti. Vzh\u013eadom na skuto\u010dnos\u0165, \u017ee spolo\u010dnos\u0165 m\u00e1 len jedn\u00e9ho akcion\u00e1ra, vykon\u00e1va p\u00f4sobnos\u0165 valn\u00e9ho zhroma\u017edenia Ministerstvo zahrani\u010dn\u00fdch vec\u00ed a eur\u00f3pskych z\u00e1le\u017eitost\u00ed SR. \u0160tatut\u00e1rnym z\u00e1stupcom jedin\u00e9ho akcion\u00e1ra je od 25.10.2023 minister zahrani\u010dn\u00fdch vec\u00ed a eur\u00f3pskych z\u00e1le\u017eitost\u00ed p\u00e1n Juraj Blan\u00e1r. Spr\u00e1va o v\u00fdkone pr\u00e1v akcion\u00e1ra v akciovej spolo\u010dnosti SSDZ, a.s. so 100 % majetkovou \u00fa\u010das\u0165ou \u0161t\u00e1tu v p\u00f4sobnosti Ministerstva zahrani\u010dn\u00fdch &#8230;<\/p>\n","protected":false},"author":1,"featured_media":18236,"parent":0,"menu_order":0,"comment_status":"closed","ping_status":"closed","template":"","meta":{"footnotes":""},"class_list":["post-18582","page","type-page","status-publish","has-post-thumbnail","hentry"],"yoast_head":"<!-- This site is optimized with the Yoast SEO plugin v23.5 - https:\/\/yoast.com\/wordpress\/plugins\/seo\/ -->\n<title>Organiza\u010dn\u00e9 \u010dlenenie - Spr\u00e1va slu\u017eieb diplomatick\u00e9mu zboru<\/title>\n<meta name=\"robots\" content=\"index, follow, max-snippet:-1, max-image-preview:large, max-video-preview:-1\" \/>\n<link rel=\"canonical\" href=\"https:\/\/www.ssdz.sk\/ssdz\/organizacne-clenenie\/\" \/>\n<meta property=\"og:locale\" content=\"sk_SK\" \/>\n<meta property=\"og:type\" content=\"article\" \/>\n<meta property=\"og:title\" content=\"Organiza\u010dn\u00e9 \u010dlenenie - Spr\u00e1va slu\u017eieb diplomatick\u00e9mu zboru\" \/>\n<meta property=\"og:description\" content=\"Org\u00e1ny spolo\u010dnosti Valn\u00e9 zhroma\u017edenie Je najvy\u0161\u0161\u00edm org\u00e1nom spolo\u010dnosti. Vzh\u013eadom na skuto\u010dnos\u0165, \u017ee spolo\u010dnos\u0165 m\u00e1 len jedn\u00e9ho akcion\u00e1ra, vykon\u00e1va p\u00f4sobnos\u0165 valn\u00e9ho zhroma\u017edenia Ministerstvo zahrani\u010dn\u00fdch vec\u00ed a eur\u00f3pskych z\u00e1le\u017eitost\u00ed SR. \u0160tatut\u00e1rnym z\u00e1stupcom jedin\u00e9ho akcion\u00e1ra je od 25.10.2023 minister zahrani\u010dn\u00fdch vec\u00ed a eur\u00f3pskych z\u00e1le\u017eitost\u00ed p\u00e1n Juraj Blan\u00e1r. Spr\u00e1va o v\u00fdkone pr\u00e1v akcion\u00e1ra v akciovej spolo\u010dnosti SSDZ, a.s. so 100 % majetkovou \u00fa\u010das\u0165ou \u0161t\u00e1tu v p\u00f4sobnosti Ministerstva zahrani\u010dn\u00fdch ...\" \/>\n<meta property=\"og:url\" content=\"https:\/\/www.ssdz.sk\/ssdz\/organizacne-clenenie\/\" \/>\n<meta property=\"og:site_name\" content=\"Spr\u00e1va slu\u017eieb diplomatick\u00e9mu zboru\" \/>\n<meta property=\"article:modified_time\" content=\"2025-04-08T18:21:05+00:00\" \/>\n<meta property=\"og:image\" content=\"https:\/\/www.ssdz.sk\/ssdz\/wp-content\/uploads\/2020\/09\/AC-Diplomat_Bez_Trolej.jpg\" \/>\n\t<meta property=\"og:image:width\" content=\"1623\" \/>\n\t<meta property=\"og:image:height\" content=\"1080\" \/>\n\t<meta property=\"og:image:type\" content=\"image\/jpeg\" \/>\n<meta name=\"twitter:card\" content=\"summary_large_image\" \/>\n<meta name=\"twitter:label1\" content=\"Predpokladan\u00fd \u010das \u010d\u00edtania\" \/>\n\t<meta name=\"twitter:data1\" content=\"2 min\u00faty\" \/>\n<script type=\"application\/ld+json\" class=\"yoast-schema-graph\">{\"@context\":\"https:\/\/schema.org\",\"@graph\":[{\"@type\":\"WebPage\",\"@id\":\"https:\/\/www.ssdz.sk\/ssdz\/organizacne-clenenie\/\",\"url\":\"https:\/\/www.ssdz.sk\/ssdz\/organizacne-clenenie\/\",\"name\":\"Organiza\u010dn\u00e9 \u010dlenenie - Spr\u00e1va slu\u017eieb diplomatick\u00e9mu zboru\",\"isPartOf\":{\"@id\":\"https:\/\/www.ssdz.sk\/ssdz\/#website\"},\"primaryImageOfPage\":{\"@id\":\"https:\/\/www.ssdz.sk\/ssdz\/organizacne-clenenie\/#primaryimage\"},\"image\":{\"@id\":\"https:\/\/www.ssdz.sk\/ssdz\/organizacne-clenenie\/#primaryimage\"},\"thumbnailUrl\":\"https:\/\/www.ssdz.sk\/ssdz\/wp-content\/uploads\/2020\/09\/AC-Diplomat_Bez_Trolej.jpg\",\"datePublished\":\"2020-11-16T18:50:33+00:00\",\"dateModified\":\"2025-04-08T18:21:05+00:00\",\"breadcrumb\":{\"@id\":\"https:\/\/www.ssdz.sk\/ssdz\/organizacne-clenenie\/#breadcrumb\"},\"inLanguage\":\"sk-SK\",\"potentialAction\":[{\"@type\":\"ReadAction\",\"target\":[\"https:\/\/www.ssdz.sk\/ssdz\/organizacne-clenenie\/\"]}]},{\"@type\":\"ImageObject\",\"inLanguage\":\"sk-SK\",\"@id\":\"https:\/\/www.ssdz.sk\/ssdz\/organizacne-clenenie\/#primaryimage\",\"url\":\"https:\/\/www.ssdz.sk\/ssdz\/wp-content\/uploads\/2020\/09\/AC-Diplomat_Bez_Trolej.jpg\",\"contentUrl\":\"https:\/\/www.ssdz.sk\/ssdz\/wp-content\/uploads\/2020\/09\/AC-Diplomat_Bez_Trolej.jpg\",\"width\":1623,\"height\":1080},{\"@type\":\"BreadcrumbList\",\"@id\":\"https:\/\/www.ssdz.sk\/ssdz\/organizacne-clenenie\/#breadcrumb\",\"itemListElement\":[{\"@type\":\"ListItem\",\"position\":1,\"name\":\"Domovsk\u00e1 str\u00e1nka\",\"item\":\"https:\/\/www.ssdz.sk\/ssdz\/\"},{\"@type\":\"ListItem\",\"position\":2,\"name\":\"Organiza\u010dn\u00e9 \u010dlenenie\"}]},{\"@type\":\"WebSite\",\"@id\":\"https:\/\/www.ssdz.sk\/ssdz\/#website\",\"url\":\"https:\/\/www.ssdz.sk\/ssdz\/\",\"name\":\"Spr\u00e1va slu\u017eieb diplomatick\u00e9mu zboru\",\"description\":\"\",\"potentialAction\":[{\"@type\":\"SearchAction\",\"target\":{\"@type\":\"EntryPoint\",\"urlTemplate\":\"https:\/\/www.ssdz.sk\/ssdz\/?s={search_term_string}\"},\"query-input\":{\"@type\":\"PropertyValueSpecification\",\"valueRequired\":true,\"valueName\":\"search_term_string\"}}],\"inLanguage\":\"sk-SK\"}]}<\/script>\n<!-- \/ Yoast SEO plugin. -->","yoast_head_json":{"title":"Organiza\u010dn\u00e9 \u010dlenenie - Spr\u00e1va slu\u017eieb diplomatick\u00e9mu zboru","robots":{"index":"index","follow":"follow","max-snippet":"max-snippet:-1","max-image-preview":"max-image-preview:large","max-video-preview":"max-video-preview:-1"},"canonical":"https:\/\/www.ssdz.sk\/ssdz\/organizacne-clenenie\/","og_locale":"sk_SK","og_type":"article","og_title":"Organiza\u010dn\u00e9 \u010dlenenie - Spr\u00e1va slu\u017eieb diplomatick\u00e9mu zboru","og_description":"Org\u00e1ny spolo\u010dnosti Valn\u00e9 zhroma\u017edenie Je najvy\u0161\u0161\u00edm org\u00e1nom spolo\u010dnosti. Vzh\u013eadom na skuto\u010dnos\u0165, \u017ee spolo\u010dnos\u0165 m\u00e1 len jedn\u00e9ho akcion\u00e1ra, vykon\u00e1va p\u00f4sobnos\u0165 valn\u00e9ho zhroma\u017edenia Ministerstvo zahrani\u010dn\u00fdch vec\u00ed a eur\u00f3pskych z\u00e1le\u017eitost\u00ed SR. \u0160tatut\u00e1rnym z\u00e1stupcom jedin\u00e9ho akcion\u00e1ra je od 25.10.2023 minister zahrani\u010dn\u00fdch vec\u00ed a eur\u00f3pskych z\u00e1le\u017eitost\u00ed p\u00e1n Juraj Blan\u00e1r. Spr\u00e1va o v\u00fdkone pr\u00e1v akcion\u00e1ra v akciovej spolo\u010dnosti SSDZ, a.s. so 100 % majetkovou \u00fa\u010das\u0165ou \u0161t\u00e1tu v p\u00f4sobnosti Ministerstva zahrani\u010dn\u00fdch ...","og_url":"https:\/\/www.ssdz.sk\/ssdz\/organizacne-clenenie\/","og_site_name":"Spr\u00e1va slu\u017eieb diplomatick\u00e9mu zboru","article_modified_time":"2025-04-08T18:21:05+00:00","og_image":[{"width":1623,"height":1080,"url":"https:\/\/www.ssdz.sk\/ssdz\/wp-content\/uploads\/2020\/09\/AC-Diplomat_Bez_Trolej.jpg","type":"image\/jpeg"}],"twitter_card":"summary_large_image","twitter_misc":{"Predpokladan\u00fd \u010das \u010d\u00edtania":"2 min\u00faty"},"schema":{"@context":"https:\/\/schema.org","@graph":[{"@type":"WebPage","@id":"https:\/\/www.ssdz.sk\/ssdz\/organizacne-clenenie\/","url":"https:\/\/www.ssdz.sk\/ssdz\/organizacne-clenenie\/","name":"Organiza\u010dn\u00e9 \u010dlenenie - Spr\u00e1va slu\u017eieb diplomatick\u00e9mu zboru","isPartOf":{"@id":"https:\/\/www.ssdz.sk\/ssdz\/#website"},"primaryImageOfPage":{"@id":"https:\/\/www.ssdz.sk\/ssdz\/organizacne-clenenie\/#primaryimage"},"image":{"@id":"https:\/\/www.ssdz.sk\/ssdz\/organizacne-clenenie\/#primaryimage"},"thumbnailUrl":"https:\/\/www.ssdz.sk\/ssdz\/wp-content\/uploads\/2020\/09\/AC-Diplomat_Bez_Trolej.jpg","datePublished":"2020-11-16T18:50:33+00:00","dateModified":"2025-04-08T18:21:05+00:00","breadcrumb":{"@id":"https:\/\/www.ssdz.sk\/ssdz\/organizacne-clenenie\/#breadcrumb"},"inLanguage":"sk-SK","potentialAction":[{"@type":"ReadAction","target":["https:\/\/www.ssdz.sk\/ssdz\/organizacne-clenenie\/"]}]},{"@type":"ImageObject","inLanguage":"sk-SK","@id":"https:\/\/www.ssdz.sk\/ssdz\/organizacne-clenenie\/#primaryimage","url":"https:\/\/www.ssdz.sk\/ssdz\/wp-content\/uploads\/2020\/09\/AC-Diplomat_Bez_Trolej.jpg","contentUrl":"https:\/\/www.ssdz.sk\/ssdz\/wp-content\/uploads\/2020\/09\/AC-Diplomat_Bez_Trolej.jpg","width":1623,"height":1080},{"@type":"BreadcrumbList","@id":"https:\/\/www.ssdz.sk\/ssdz\/organizacne-clenenie\/#breadcrumb","itemListElement":[{"@type":"ListItem","position":1,"name":"Domovsk\u00e1 str\u00e1nka","item":"https:\/\/www.ssdz.sk\/ssdz\/"},{"@type":"ListItem","position":2,"name":"Organiza\u010dn\u00e9 \u010dlenenie"}]},{"@type":"WebSite","@id":"https:\/\/www.ssdz.sk\/ssdz\/#website","url":"https:\/\/www.ssdz.sk\/ssdz\/","name":"Spr\u00e1va slu\u017eieb diplomatick\u00e9mu zboru","description":"","potentialAction":[{"@type":"SearchAction","target":{"@type":"EntryPoint","urlTemplate":"https:\/\/www.ssdz.sk\/ssdz\/?s={search_term_string}"},"query-input":{"@type":"PropertyValueSpecification","valueRequired":true,"valueName":"search_term_string"}}],"inLanguage":"sk-SK"}]}},"_links":{"self":[{"href":"https:\/\/www.ssdz.sk\/ssdz\/wp-json\/wp\/v2\/pages\/18582"}],"collection":[{"href":"https:\/\/www.ssdz.sk\/ssdz\/wp-json\/wp\/v2\/pages"}],"about":[{"href":"https:\/\/www.ssdz.sk\/ssdz\/wp-json\/wp\/v2\/types\/page"}],"author":[{"embeddable":true,"href":"https:\/\/www.ssdz.sk\/ssdz\/wp-json\/wp\/v2\/users\/1"}],"replies":[{"embeddable":true,"href":"https:\/\/www.ssdz.sk\/ssdz\/wp-json\/wp\/v2\/comments?post=18582"}],"version-history":[{"count":83,"href":"https:\/\/www.ssdz.sk\/ssdz\/wp-json\/wp\/v2\/pages\/18582\/revisions"}],"predecessor-version":[{"id":23559,"href":"https:\/\/www.ssdz.sk\/ssdz\/wp-json\/wp\/v2\/pages\/18582\/revisions\/23559"}],"wp:featuredmedia":[{"embeddable":true,"href":"https:\/\/www.ssdz.sk\/ssdz\/wp-json\/wp\/v2\/media\/18236"}],"wp:attachment":[{"href":"https:\/\/www.ssdz.sk\/ssdz\/wp-json\/wp\/v2\/media?parent=18582"}],"curies":[{"name":"wp","href":"https:\/\/api.w.org\/{rel}","templated":true}]}}