{"id":18633,"date":"2020-11-23T14:14:32","date_gmt":"2020-11-23T13:14:32","guid":{"rendered":"http:\/\/cocobae.sk\/?page_id=18633"},"modified":"2022-10-10T13:58:37","modified_gmt":"2022-10-10T11:58:37","slug":"verejne-obstaravanie","status":"publish","type":"page","link":"https:\/\/www.ssdz.sk\/ssdz\/verejne-obstaravanie\/","title":{"rendered":"Verejn\u00e9 obstar\u00e1vanie"},"content":{"rendered":"\t\t<div data-elementor-type=\"wp-page\" data-elementor-id=\"18633\" class=\"elementor elementor-18633\">\n\t\t\t\t\t\t<section class=\"elementor-section elementor-top-section elementor-element elementor-element-6c2da68 elementor-section-boxed elementor-section-height-default elementor-section-height-default\" data-id=\"6c2da68\" data-element_type=\"section\">\n\t\t\t\t\t\t<div class=\"elementor-container elementor-column-gap-default\">\n\t\t\t\t\t<div class=\"elementor-column elementor-col-100 elementor-top-column elementor-element elementor-element-bb6afeb\" data-id=\"bb6afeb\" data-element_type=\"column\">\n\t\t\t<div class=\"elementor-widget-wrap elementor-element-populated\">\n\t\t\t\t\t\t<div class=\"elementor-element elementor-element-6fc4757 elementor-widget elementor-widget-text-editor\" data-id=\"6fc4757\" data-element_type=\"widget\" data-widget_type=\"text-editor.default\">\n\t\t\t\t<div class=\"elementor-widget-container\">\n\t\t\t\t\t\t\t<p><b><i>Z\u00edskali sme ocenenie Najlep\u0161\u00ed verejn\u00fd obstar\u00e1vate\u013e za\nrok 2021 <o:p><\/o:p><\/i><\/b><\/p><p><i>&nbsp;<\/i><i style=\"color: var( --e-global-color-text );\">Port\u00e1l <\/i><a href=\"http:\/\/www.transparex.sk\/\" style=\"background-color: rgb(247, 247, 247);\"><i>TRANSPAREX<\/i><\/a><i style=\"color: var( --e-global-color-text );\">\nn\u00e1m udelil ocenenie <b>Zodpovedn\u00fd obstar\u00e1vate\u013e 2021<\/b> za vynikaj\u00face v\u00fdsledky\nv&nbsp;oblasti verejn\u00e9ho obstar\u00e1vania v&nbsp;uplynulom roku. Ocitli sme sa tak\nna popredn\u00fdch prie\u010dkach spomedzi 5400 verejn\u00fdch obstar\u00e1vate\u013eov a&nbsp;z\u00edskali\nhodnotenie A+.<\/i><\/p><p><i>&nbsp;<\/i><i style=\"color: var( --e-global-color-text );\">Za toto ocenenie m\u00f4\u017eeme po\u010fakova\u0165 na\u0161im zamestnancom,\nktor\u00ed s\u00fa zodpovedn\u00ed za proces verejn\u00e9ho obstar\u00e1vania. Kvalitn\u00e1 pr\u00edprava\nz\u00e1kaziek a&nbsp;ich r\u00fdchla realiz\u00e1cia n\u00e1m tak pom\u00e1ha \u0161etri\u0165 verejn\u00fdmi\nfinanciami a&nbsp;zvy\u0161uje d\u00f4veryhodn\u00e9 postavenie na\u0161ej obci v&nbsp;o\u010diach\nob\u010danov a cel\u00e9ho&nbsp;Slovenska.<\/i><\/p><p><i>&nbsp;<\/i><i style=\"color: var( --e-global-color-text );\">Ocenenie Zodpovedn\u00fd obstar\u00e1vate\u013e 2021 udelila spolo\u010dnos\u0165\nProWise, a.s., ktor\u00e1 projekt <b>TRANSPAREX<\/b>. prev\u00e1dzkuje.<\/i><\/p>\t\t\t\t\t\t<\/div>\n\t\t\t\t<\/div>\n\t\t\t\t\t<\/div>\n\t\t<\/div>\n\t\t\t\t\t<\/div>\n\t\t<\/section>\n\t\t\t\t<section class=\"elementor-section elementor-top-section elementor-element elementor-element-9c491ca elementor-section-boxed elementor-section-height-default elementor-section-height-default\" data-id=\"9c491ca\" data-element_type=\"section\">\n\t\t\t\t\t\t<div class=\"elementor-container elementor-column-gap-default\">\n\t\t\t\t\t<div class=\"elementor-column elementor-col-100 elementor-top-column elementor-element elementor-element-fbcf59f\" data-id=\"fbcf59f\" data-element_type=\"column\">\n\t\t\t<div class=\"elementor-widget-wrap\">\n\t\t\t\t\t\t\t<\/div>\n\t\t<\/div>\n\t\t\t\t\t<\/div>\n\t\t<\/section>\n\t\t\t\t<section class=\"elementor-section elementor-top-section elementor-element elementor-element-f28a34d elementor-section-boxed elementor-section-height-default elementor-section-height-default\" data-id=\"f28a34d\" data-element_type=\"section\">\n\t\t\t\t\t\t<div class=\"elementor-container elementor-column-gap-default\">\n\t\t\t\t\t<div class=\"elementor-column elementor-col-100 elementor-top-column elementor-element elementor-element-9f16ef4\" data-id=\"9f16ef4\" data-element_type=\"column\">\n\t\t\t<div class=\"elementor-widget-wrap elementor-element-populated\">\n\t\t\t\t\t\t<div class=\"elementor-element elementor-element-60eb121 elementor-widget elementor-widget-text-editor\" data-id=\"60eb121\" data-element_type=\"widget\" data-widget_type=\"text-editor.default\">\n\t\t\t\t<div class=\"elementor-widget-container\">\n\t\t\t\t\t\t\t<p>SSDZ, a.s. pri zad\u00e1van\u00ed z\u00e1kaziek na dodanie tovaru, z\u00e1kaziek na uskuto\u010dnenie stavebn\u00fdch pr\u00e1c a z\u00e1kaziek na poskytnutie slu\u017eieb postupuje v s\u00falade s platn\u00fdm z\u00e1konom o verejnom obstar\u00e1van\u00ed \u010d. 343\/2015 Z.z. ako verejn\u00fd obstar\u00e1vate\u013e pod\u013ea \u00a77 ods. 1 p\u00edsm. d) tohto z\u00e1kona.<\/p><p>Profil spolo\u010dnosti SSDZ, a.s. na port\u00e1li\u00a0<a style=\"background-color: #f7f7f7;\" href=\"https:\/\/www.uvo.gov.sk\/vyhladavanie-profilov\/detail\/9521?page=1&amp;limit=20&amp;sort=ico&amp;sort-dir=ASC&amp;ext=0&amp;nazov=&amp;ico=35822163&amp;obec=&amp;month=&amp;year=2021&amp;text=\" target=\"_blank\" rel=\"noopener\">\u00daradu pre verejn\u00e9 obstar\u00e1vanie<\/a><\/p><p>Profil spolo\u010dnosti SSDZ, a.s. na port\u00e1li\u00a0<a href=\"https:\/\/portal.eks.sk\/SpravaObjednavatelov\/VerejnyProfilObjednavatela\/Detail\/3318\">Elektronick\u00e9ho kontrakta\u010dn\u00e9ho syst\u00e9mu<\/a><\/p>\t\t\t\t\t\t<\/div>\n\t\t\t\t<\/div>\n\t\t\t\t\t<\/div>\n\t\t<\/div>\n\t\t\t\t\t<\/div>\n\t\t<\/section>\n\t\t\t\t<section class=\"elementor-section elementor-top-section elementor-element elementor-element-e6ba4d5 elementor-section-boxed elementor-section-height-default elementor-section-height-default\" data-id=\"e6ba4d5\" data-element_type=\"section\">\n\t\t\t\t\t\t<div class=\"elementor-container elementor-column-gap-default\">\n\t\t\t\t\t<div class=\"elementor-column elementor-col-100 elementor-top-column elementor-element elementor-element-e439ef1\" data-id=\"e439ef1\" data-element_type=\"column\">\n\t\t\t<div class=\"elementor-widget-wrap elementor-element-populated\">\n\t\t\t\t\t\t<div class=\"elementor-element elementor-element-3162fe6 elementor-widget elementor-widget-shortcode\" data-id=\"3162fe6\" data-element_type=\"widget\" data-widget_type=\"shortcode.default\">\n\t\t\t\t<div class=\"elementor-widget-container\">\n\t\t\t\t\t<div class=\"elementor-shortcode\">\n\t\t<!-- Shortcode: [eeSFL list=\"1\" showfolder=\"obstaravania\/2020\"] List Run: #1 -->\n\n<span id=\"eeSFL_FileListTop\"><!-- Simple File List Pro - File List Top --><\/span>\n\n<div class=\"eeSFL\" id=\"eeSFL\">\n<span class=\"eeHide\" id=\"eeSFL_ID\">1<\/span>\n\n<script>\n\tvar eeSFL_ThisURL = \"https:\/\/www.ssdz.sk\/ssdz\/wp-json\/wp\/v2\/pages\/18633\";\n\tvar eeSFL_ListID = 1;\n\tvar eeSFL_PluginURL = \"https:\/\/www.ssdz.sk\/ssdz\/wp-content\/plugins\/ee-simple-file-list-pro\/\";\n\tvar eeSFL_FileListDir = \"documents\/\";\n\tvar eeSFL_SubFolder = \"obstaravania\/2020\/\";\n\tvar eeSFL_ShortcodeFolder = \"obstaravania\/2020\/\";\n\tvar eeSFL_ShowListStyle = \"TABLE\";\n<\/script>\n\n<form id=\"eeSFLS_SearchFiles\" action=\"https:\/\/www.ssdz.sk\/ssdz\/wp-json\/wp\/v2\/pages\/18633\" method=\"POST\">\n\t\t\t\t\n\t\t\t<input type=\"hidden\" name=\"eeListID\" value=\"1\" \/>\n\t\t\t\t\n\t\t\t\t<input class=\"eeSFLS_Datepicker\" id=\"eeSFLS_From\" type=\"text\" placeholder=\"Od\" name=\"eeSFLS_From\" value=\"\" size=\"8\" \/>\n\t\t\t\t\n\t\t\t\t<input class=\"eeSFLS_Datepicker\" id=\"eeSFLS_To\" type=\"text\" placeholder=\"Do\" name=\"eeSFLS_To\" value=\"\" size=\"8\" \/>\t\n\t\t\t\t\n\t\t\t\t<input placeholder=\"Name or Description\" type=\"text\" name=\"eeSFLS_SearchByName\" value=\"\" id=\"eeSFLS_Search\" size=\"16\" \/>\n\t\t\t\t\n\t\t\t<input class=\"button\" type=\"submit\" name=\"eeSFLS_Searching\" value=\"H\u013eada\u0165 s\u00fabory\" \/>\n\t\t\t\t\n\t\t\t<\/form>\n\n<p class=\"eeHide\"><span id=\"eeSFL_FilesCount\">0<\/span><\/p>\n\n<\/div><!-- END .eeSFL -->\n<span class=\"eeHide\" id=\"eeSFL_ActionNonce\">6951cfb8e8<\/span>\n<span class=\"eeHide\" id=\"eeSFL_Modal_FileID\"><\/span><\/div>\n\t\t\t\t<\/div>\n\t\t\t\t<\/div>\n\t\t\t\t\t<\/div>\n\t\t<\/div>\n\t\t\t\t\t<\/div>\n\t\t<\/section>\n\t\t\t\t<section class=\"elementor-section elementor-top-section elementor-element elementor-element-6e3389e elementor-section-boxed elementor-section-height-default elementor-section-height-default\" data-id=\"6e3389e\" data-element_type=\"section\">\n\t\t\t\t\t\t<div class=\"elementor-container elementor-column-gap-default\">\n\t\t\t\t\t<div class=\"elementor-column elementor-col-100 elementor-top-column elementor-element elementor-element-2b110e5\" data-id=\"2b110e5\" data-element_type=\"column\">\n\t\t\t<div class=\"elementor-widget-wrap elementor-element-populated\">\n\t\t\t\t\t\t<div class=\"elementor-element elementor-element-57a3dc2 elementor-align-center elementor-widget elementor-widget-button\" data-id=\"57a3dc2\" data-element_type=\"widget\" data-widget_type=\"button.default\">\n\t\t\t\t<div class=\"elementor-widget-container\">\n\t\t\t\t\t<div class=\"elementor-button-wrapper\">\n\t\t\t<a class=\"elementor-button elementor-button-link elementor-size-lg\" href=\"http:\/\/www.ssdz.sk\/ssdz\/objednavky\/archiv-objednavok\/\">\n\t\t\t\t\t\t<span class=\"elementor-button-content-wrapper\">\n\t\t\t\t\t\t\t\t\t<span class=\"elementor-button-text\">Arch\u00edv verejn\u00e9ho obstar\u00e1vania<\/span>\n\t\t\t\t\t<\/span>\n\t\t\t\t\t<\/a>\n\t\t<\/div>\n\t\t\t\t<\/div>\n\t\t\t\t<\/div>\n\t\t\t\t\t<\/div>\n\t\t<\/div>\n\t\t\t\t\t<\/div>\n\t\t<\/section>\n\t\t\t\t<section class=\"elementor-section elementor-top-section elementor-element elementor-element-a241af6 elementor-section-boxed elementor-section-height-default elementor-section-height-default\" data-id=\"a241af6\" data-element_type=\"section\">\n\t\t\t\t\t\t<div class=\"elementor-container elementor-column-gap-default\">\n\t\t\t\t\t<div class=\"elementor-column elementor-col-100 elementor-top-column elementor-element elementor-element-8a35c4d\" data-id=\"8a35c4d\" data-element_type=\"column\">\n\t\t\t<div class=\"elementor-widget-wrap\">\n\t\t\t\t\t\t\t<\/div>\n\t\t<\/div>\n\t\t\t\t\t<\/div>\n\t\t<\/section>\n\t\t\t\t<\/div>\n\t\t","protected":false},"excerpt":{"rendered":"<p>Z\u00edskali sme ocenenie Najlep\u0161\u00ed verejn\u00fd obstar\u00e1vate\u013e za rok 2021 &nbsp;Port\u00e1l TRANSPAREX n\u00e1m udelil ocenenie Zodpovedn\u00fd obstar\u00e1vate\u013e 2021 za vynikaj\u00face v\u00fdsledky v&nbsp;oblasti verejn\u00e9ho obstar\u00e1vania v&nbsp;uplynulom roku. Ocitli sme sa tak na popredn\u00fdch prie\u010dkach spomedzi 5400 verejn\u00fdch obstar\u00e1vate\u013eov a&nbsp;z\u00edskali hodnotenie A+. &nbsp;Za toto ocenenie m\u00f4\u017eeme po\u010fakova\u0165 na\u0161im zamestnancom, ktor\u00ed s\u00fa zodpovedn\u00ed za proces verejn\u00e9ho obstar\u00e1vania. Kvalitn\u00e1 pr\u00edprava z\u00e1kaziek a&nbsp;ich r\u00fdchla realiz\u00e1cia n\u00e1m tak pom\u00e1ha \u0161etri\u0165 verejn\u00fdmi &#8230;<\/p>\n","protected":false},"author":1,"featured_media":18236,"parent":0,"menu_order":0,"comment_status":"closed","ping_status":"closed","template":"","meta":{"footnotes":""},"class_list":["post-18633","page","type-page","status-publish","has-post-thumbnail","hentry"],"yoast_head":"<!-- This site is optimized with the Yoast SEO plugin v23.5 - https:\/\/yoast.com\/wordpress\/plugins\/seo\/ -->\n<title>Verejn\u00e9 obstar\u00e1vanie - Spr\u00e1va slu\u017eieb diplomatick\u00e9mu zboru<\/title>\n<meta name=\"robots\" content=\"index, follow, max-snippet:-1, max-image-preview:large, max-video-preview:-1\" \/>\n<link rel=\"canonical\" href=\"https:\/\/www.ssdz.sk\/ssdz\/verejne-obstaravanie\/\" \/>\n<meta property=\"og:locale\" content=\"sk_SK\" \/>\n<meta property=\"og:type\" content=\"article\" \/>\n<meta property=\"og:title\" content=\"Verejn\u00e9 obstar\u00e1vanie - Spr\u00e1va slu\u017eieb diplomatick\u00e9mu zboru\" \/>\n<meta property=\"og:description\" content=\"Z\u00edskali sme ocenenie Najlep\u0161\u00ed verejn\u00fd obstar\u00e1vate\u013e za rok 2021 &nbsp;Port\u00e1l TRANSPAREX n\u00e1m udelil ocenenie Zodpovedn\u00fd obstar\u00e1vate\u013e 2021 za vynikaj\u00face v\u00fdsledky v&nbsp;oblasti verejn\u00e9ho obstar\u00e1vania v&nbsp;uplynulom roku. Ocitli sme sa tak na popredn\u00fdch prie\u010dkach spomedzi 5400 verejn\u00fdch obstar\u00e1vate\u013eov a&nbsp;z\u00edskali hodnotenie A+. &nbsp;Za toto ocenenie m\u00f4\u017eeme po\u010fakova\u0165 na\u0161im zamestnancom, ktor\u00ed s\u00fa zodpovedn\u00ed za proces verejn\u00e9ho obstar\u00e1vania. Kvalitn\u00e1 pr\u00edprava z\u00e1kaziek a&nbsp;ich r\u00fdchla realiz\u00e1cia n\u00e1m tak pom\u00e1ha \u0161etri\u0165 verejn\u00fdmi ...\" \/>\n<meta property=\"og:url\" content=\"https:\/\/www.ssdz.sk\/ssdz\/verejne-obstaravanie\/\" \/>\n<meta property=\"og:site_name\" content=\"Spr\u00e1va slu\u017eieb diplomatick\u00e9mu zboru\" \/>\n<meta property=\"article:modified_time\" content=\"2022-10-10T11:58:37+00:00\" \/>\n<meta property=\"og:image\" content=\"https:\/\/www.ssdz.sk\/ssdz\/wp-content\/uploads\/2020\/09\/AC-Diplomat_Bez_Trolej.jpg\" \/>\n\t<meta property=\"og:image:width\" content=\"1623\" \/>\n\t<meta property=\"og:image:height\" content=\"1080\" \/>\n\t<meta property=\"og:image:type\" content=\"image\/jpeg\" \/>\n<meta name=\"twitter:card\" content=\"summary_large_image\" \/>\n<meta name=\"twitter:label1\" content=\"Predpokladan\u00fd \u010das \u010d\u00edtania\" \/>\n\t<meta name=\"twitter:data1\" content=\"1 min\u00fata\" \/>\n<script type=\"application\/ld+json\" class=\"yoast-schema-graph\">{\"@context\":\"https:\/\/schema.org\",\"@graph\":[{\"@type\":\"WebPage\",\"@id\":\"https:\/\/www.ssdz.sk\/ssdz\/verejne-obstaravanie\/\",\"url\":\"https:\/\/www.ssdz.sk\/ssdz\/verejne-obstaravanie\/\",\"name\":\"Verejn\u00e9 obstar\u00e1vanie - Spr\u00e1va slu\u017eieb diplomatick\u00e9mu zboru\",\"isPartOf\":{\"@id\":\"https:\/\/www.ssdz.sk\/ssdz\/#website\"},\"primaryImageOfPage\":{\"@id\":\"https:\/\/www.ssdz.sk\/ssdz\/verejne-obstaravanie\/#primaryimage\"},\"image\":{\"@id\":\"https:\/\/www.ssdz.sk\/ssdz\/verejne-obstaravanie\/#primaryimage\"},\"thumbnailUrl\":\"https:\/\/www.ssdz.sk\/ssdz\/wp-content\/uploads\/2020\/09\/AC-Diplomat_Bez_Trolej.jpg\",\"datePublished\":\"2020-11-23T13:14:32+00:00\",\"dateModified\":\"2022-10-10T11:58:37+00:00\",\"breadcrumb\":{\"@id\":\"https:\/\/www.ssdz.sk\/ssdz\/verejne-obstaravanie\/#breadcrumb\"},\"inLanguage\":\"sk-SK\",\"potentialAction\":[{\"@type\":\"ReadAction\",\"target\":[\"https:\/\/www.ssdz.sk\/ssdz\/verejne-obstaravanie\/\"]}]},{\"@type\":\"ImageObject\",\"inLanguage\":\"sk-SK\",\"@id\":\"https:\/\/www.ssdz.sk\/ssdz\/verejne-obstaravanie\/#primaryimage\",\"url\":\"https:\/\/www.ssdz.sk\/ssdz\/wp-content\/uploads\/2020\/09\/AC-Diplomat_Bez_Trolej.jpg\",\"contentUrl\":\"https:\/\/www.ssdz.sk\/ssdz\/wp-content\/uploads\/2020\/09\/AC-Diplomat_Bez_Trolej.jpg\",\"width\":1623,\"height\":1080},{\"@type\":\"BreadcrumbList\",\"@id\":\"https:\/\/www.ssdz.sk\/ssdz\/verejne-obstaravanie\/#breadcrumb\",\"itemListElement\":[{\"@type\":\"ListItem\",\"position\":1,\"name\":\"Domovsk\u00e1 str\u00e1nka\",\"item\":\"https:\/\/www.ssdz.sk\/ssdz\/\"},{\"@type\":\"ListItem\",\"position\":2,\"name\":\"Verejn\u00e9 obstar\u00e1vanie\"}]},{\"@type\":\"WebSite\",\"@id\":\"https:\/\/www.ssdz.sk\/ssdz\/#website\",\"url\":\"https:\/\/www.ssdz.sk\/ssdz\/\",\"name\":\"Spr\u00e1va slu\u017eieb diplomatick\u00e9mu zboru\",\"description\":\"\",\"potentialAction\":[{\"@type\":\"SearchAction\",\"target\":{\"@type\":\"EntryPoint\",\"urlTemplate\":\"https:\/\/www.ssdz.sk\/ssdz\/?s={search_term_string}\"},\"query-input\":{\"@type\":\"PropertyValueSpecification\",\"valueRequired\":true,\"valueName\":\"search_term_string\"}}],\"inLanguage\":\"sk-SK\"}]}<\/script>\n<!-- \/ Yoast SEO plugin. -->","yoast_head_json":{"title":"Verejn\u00e9 obstar\u00e1vanie - Spr\u00e1va slu\u017eieb diplomatick\u00e9mu zboru","robots":{"index":"index","follow":"follow","max-snippet":"max-snippet:-1","max-image-preview":"max-image-preview:large","max-video-preview":"max-video-preview:-1"},"canonical":"https:\/\/www.ssdz.sk\/ssdz\/verejne-obstaravanie\/","og_locale":"sk_SK","og_type":"article","og_title":"Verejn\u00e9 obstar\u00e1vanie - Spr\u00e1va slu\u017eieb diplomatick\u00e9mu zboru","og_description":"Z\u00edskali sme ocenenie Najlep\u0161\u00ed verejn\u00fd obstar\u00e1vate\u013e za rok 2021 &nbsp;Port\u00e1l TRANSPAREX n\u00e1m udelil ocenenie Zodpovedn\u00fd obstar\u00e1vate\u013e 2021 za vynikaj\u00face v\u00fdsledky v&nbsp;oblasti verejn\u00e9ho obstar\u00e1vania v&nbsp;uplynulom roku. Ocitli sme sa tak na popredn\u00fdch prie\u010dkach spomedzi 5400 verejn\u00fdch obstar\u00e1vate\u013eov a&nbsp;z\u00edskali hodnotenie A+. &nbsp;Za toto ocenenie m\u00f4\u017eeme po\u010fakova\u0165 na\u0161im zamestnancom, ktor\u00ed s\u00fa zodpovedn\u00ed za proces verejn\u00e9ho obstar\u00e1vania. Kvalitn\u00e1 pr\u00edprava z\u00e1kaziek a&nbsp;ich r\u00fdchla realiz\u00e1cia n\u00e1m tak pom\u00e1ha \u0161etri\u0165 verejn\u00fdmi ...","og_url":"https:\/\/www.ssdz.sk\/ssdz\/verejne-obstaravanie\/","og_site_name":"Spr\u00e1va slu\u017eieb diplomatick\u00e9mu zboru","article_modified_time":"2022-10-10T11:58:37+00:00","og_image":[{"width":1623,"height":1080,"url":"https:\/\/www.ssdz.sk\/ssdz\/wp-content\/uploads\/2020\/09\/AC-Diplomat_Bez_Trolej.jpg","type":"image\/jpeg"}],"twitter_card":"summary_large_image","twitter_misc":{"Predpokladan\u00fd \u010das \u010d\u00edtania":"1 min\u00fata"},"schema":{"@context":"https:\/\/schema.org","@graph":[{"@type":"WebPage","@id":"https:\/\/www.ssdz.sk\/ssdz\/verejne-obstaravanie\/","url":"https:\/\/www.ssdz.sk\/ssdz\/verejne-obstaravanie\/","name":"Verejn\u00e9 obstar\u00e1vanie - Spr\u00e1va slu\u017eieb diplomatick\u00e9mu zboru","isPartOf":{"@id":"https:\/\/www.ssdz.sk\/ssdz\/#website"},"primaryImageOfPage":{"@id":"https:\/\/www.ssdz.sk\/ssdz\/verejne-obstaravanie\/#primaryimage"},"image":{"@id":"https:\/\/www.ssdz.sk\/ssdz\/verejne-obstaravanie\/#primaryimage"},"thumbnailUrl":"https:\/\/www.ssdz.sk\/ssdz\/wp-content\/uploads\/2020\/09\/AC-Diplomat_Bez_Trolej.jpg","datePublished":"2020-11-23T13:14:32+00:00","dateModified":"2022-10-10T11:58:37+00:00","breadcrumb":{"@id":"https:\/\/www.ssdz.sk\/ssdz\/verejne-obstaravanie\/#breadcrumb"},"inLanguage":"sk-SK","potentialAction":[{"@type":"ReadAction","target":["https:\/\/www.ssdz.sk\/ssdz\/verejne-obstaravanie\/"]}]},{"@type":"ImageObject","inLanguage":"sk-SK","@id":"https:\/\/www.ssdz.sk\/ssdz\/verejne-obstaravanie\/#primaryimage","url":"https:\/\/www.ssdz.sk\/ssdz\/wp-content\/uploads\/2020\/09\/AC-Diplomat_Bez_Trolej.jpg","contentUrl":"https:\/\/www.ssdz.sk\/ssdz\/wp-content\/uploads\/2020\/09\/AC-Diplomat_Bez_Trolej.jpg","width":1623,"height":1080},{"@type":"BreadcrumbList","@id":"https:\/\/www.ssdz.sk\/ssdz\/verejne-obstaravanie\/#breadcrumb","itemListElement":[{"@type":"ListItem","position":1,"name":"Domovsk\u00e1 str\u00e1nka","item":"https:\/\/www.ssdz.sk\/ssdz\/"},{"@type":"ListItem","position":2,"name":"Verejn\u00e9 obstar\u00e1vanie"}]},{"@type":"WebSite","@id":"https:\/\/www.ssdz.sk\/ssdz\/#website","url":"https:\/\/www.ssdz.sk\/ssdz\/","name":"Spr\u00e1va slu\u017eieb diplomatick\u00e9mu zboru","description":"","potentialAction":[{"@type":"SearchAction","target":{"@type":"EntryPoint","urlTemplate":"https:\/\/www.ssdz.sk\/ssdz\/?s={search_term_string}"},"query-input":{"@type":"PropertyValueSpecification","valueRequired":true,"valueName":"search_term_string"}}],"inLanguage":"sk-SK"}]}},"_links":{"self":[{"href":"https:\/\/www.ssdz.sk\/ssdz\/wp-json\/wp\/v2\/pages\/18633"}],"collection":[{"href":"https:\/\/www.ssdz.sk\/ssdz\/wp-json\/wp\/v2\/pages"}],"about":[{"href":"https:\/\/www.ssdz.sk\/ssdz\/wp-json\/wp\/v2\/types\/page"}],"author":[{"embeddable":true,"href":"https:\/\/www.ssdz.sk\/ssdz\/wp-json\/wp\/v2\/users\/1"}],"replies":[{"embeddable":true,"href":"https:\/\/www.ssdz.sk\/ssdz\/wp-json\/wp\/v2\/comments?post=18633"}],"version-history":[{"count":57,"href":"https:\/\/www.ssdz.sk\/ssdz\/wp-json\/wp\/v2\/pages\/18633\/revisions"}],"predecessor-version":[{"id":21680,"href":"https:\/\/www.ssdz.sk\/ssdz\/wp-json\/wp\/v2\/pages\/18633\/revisions\/21680"}],"wp:featuredmedia":[{"embeddable":true,"href":"https:\/\/www.ssdz.sk\/ssdz\/wp-json\/wp\/v2\/media\/18236"}],"wp:attachment":[{"href":"https:\/\/www.ssdz.sk\/ssdz\/wp-json\/wp\/v2\/media?parent=18633"}],"curies":[{"name":"wp","href":"https:\/\/api.w.org\/{rel}","templated":true}]}}