{"id":18644,"date":"2020-11-25T13:54:48","date_gmt":"2020-11-25T12:54:48","guid":{"rendered":"http:\/\/cocobae.sk\/?page_id=18644"},"modified":"2024-10-01T09:30:58","modified_gmt":"2024-10-01T07:30:58","slug":"volne-pracovne-miesta","status":"publish","type":"page","link":"https:\/\/www.ssdz.sk\/ssdz\/volne-pracovne-miesta\/","title":{"rendered":"Vo\u013en\u00e9 pracovn\u00e9 miesta"},"content":{"rendered":"\t\t<div data-elementor-type=\"wp-page\" data-elementor-id=\"18644\" class=\"elementor elementor-18644\">\n\t\t\t\t\t\t<section class=\"elementor-section elementor-top-section elementor-element elementor-element-7485300 elementor-section-boxed elementor-section-height-default elementor-section-height-default\" data-id=\"7485300\" data-element_type=\"section\">\n\t\t\t\t\t\t<div class=\"elementor-container elementor-column-gap-default\">\n\t\t\t\t\t<div class=\"elementor-column elementor-col-100 elementor-top-column elementor-element elementor-element-5fb5275\" data-id=\"5fb5275\" data-element_type=\"column\">\n\t\t\t<div class=\"elementor-widget-wrap elementor-element-populated\">\n\t\t\t\t\t\t<div class=\"elementor-element elementor-element-2f9cf80 elementor-widget elementor-widget-text-editor\" data-id=\"2f9cf80\" data-element_type=\"widget\" data-widget_type=\"text-editor.default\">\n\t\t\t\t<div class=\"elementor-widget-container\">\n\t\t\t\t\t\t\t<p>INFORM\u00c1CIE<\/p><p>Pracovn\u00fd pomer so zamestnancami spolo\u010dnosti Spr\u00e1va slu\u017eieb diplomatick\u00e9mu zboru, a.s. uzatv\u00e1ra v zmysle pr\u00edslu\u0161n\u00fdch ustanoven\u00ed Z\u00e1konn\u00edka pr\u00e1ce a intern\u00fdch predpisov, najm\u00e4 Pracovn\u00e9ho poriadku spolo\u010dnosti.<\/p><p>V zmysle intern\u00fdch predpisov je postup pri prij\u00edman\u00ed zamestnancov do pracovn\u00e9ho pomeru nasledovn\u00fd:<\/p><ul><li><span style=\"color: var( --e-global-color-primary );\"><span style=\"color: var( --e-global-color-primary );\">V\u00fdber zamestnanca sa realizuje spravidla na z\u00e1klade v\u00fdberov\u00e9ho konania. Ponuku vo\u013en\u00e9ho pracovn\u00e9ho miesta spolo\u010dnos\u0165 zverejn\u00ed vhodn\u00fdm sp\u00f4sobom, najm\u00e4 prostredn\u00edctvom \u0161pecializovan\u00fdch elektronick\u00fdch str\u00e1nok internetu, alebo v dennej tla\u010di.<\/span><\/span><p>\u00a0<\/p><\/li><li><span style=\"color: var( --e-global-color-primary );\"><span style=\"color: var( --e-global-color-primary );\">V\u00fdber vhodn\u00e9ho kandid\u00e1ta na obsadenie vo\u013en\u00e9ho miesta zabezpe\u010duje osobitn\u00e1 v\u00fdberov\u00e1 komisia, ktor\u00e1 m\u00e1 minim\u00e1lne dvoch \u010dlenov. \u010clenom v\u00fdberovej komisie je v\u017edy ved\u00faci pr\u00edslu\u0161n\u00e9ho oddelenia alebo riadite\u013e odboru a zamestnanec zodpovedn\u00fd za person\u00e1lnu a mzdov\u00fa agendu. V pr\u00edpade \u017ee ned\u00f4jde k jednomyse\u013en\u00e9mu s\u00fahlasu \u010dlenov komisie vo veci v\u00fdberu kandid\u00e1ta, rozhodne o v\u00fdbere gener\u00e1lny riadite\u013e.<\/span><\/span><p>\u00a0<\/p><\/li><li><span style=\"color: var( --e-global-color-primary );\"><span style=\"color: var( --e-global-color-primary );\">V\u00fdberov\u00e1 komisia pos\u00fadi ponuky jednotliv\u00fdch uch\u00e1dza\u010dov na z\u00e1klade zaslan\u00fdch \u017eivotopisov, resp. \u010fal\u0161\u00edch obdr\u017ean\u00fdch inform\u00e1ci\u00ed. N\u00e1sledne v\u00fdberov\u00e1 komisia rozhodne, ktor\u00e9ho z uch\u00e1dza\u010dov zavol\u00e1 na osobn\u00fd pohovor.<\/span><\/span><p>\u00a0<\/p><\/li><li><span style=\"color: var( --e-global-color-primary );\"><span style=\"color: var( --e-global-color-primary );\">Na z\u00e1klade zisten\u00fdch inform\u00e1ci\u00ed v\u00fdberov\u00e1 komisia rozhodne a odporu\u010d\u00ed gener\u00e1lnemu riadite\u013eovi maxim\u00e1lne troch uch\u00e1dza\u010dov s uveden\u00edm ich poradia, s ktor\u00fdmi navrhuje uzavrie\u0165 pracovn\u00fa zmluvu. Na z\u00e1klade odpor\u00fa\u010dania gener\u00e1lny riadite\u013e rozhodne o uzavret\u00ed pracovnej zmluvy s niektor\u00fdm z navrhnut\u00fdch uch\u00e1dza\u010dov. Gener\u00e1lny riadite\u013e je tie\u017e opr\u00e1vnen\u00fd po\u017eiada\u0165 o osobn\u00fd pohovor s navrhnut\u00fdmi uch\u00e1dza\u010dmi, ako i v\u0161etk\u00fdch navrhnut\u00fdch uch\u00e1dza\u010dov odmietnu\u0165 a rozhodn\u00fa\u0165 o zru\u0161en\u00ed v\u00fdberov\u00e9ho konania.<\/span><\/span><p>\u00a0<\/p><\/li><li><span style=\"color: var( --e-global-color-primary );\">Pracovn\u00e1 zmluva s nov\u00fdm zamestnancom sa uzatv\u00e1ra v\u017edy na dobu ur\u010dit\u00fa jeden rok a v\u017edy s trojmesa\u010dnou sk\u00fa\u0161obnou dobou.<\/span><\/li><\/ul>\t\t\t\t\t\t<\/div>\n\t\t\t\t<\/div>\n\t\t\t\t<div class=\"elementor-element elementor-element-bddcd9f elementor-widget elementor-widget-heading\" data-id=\"bddcd9f\" data-element_type=\"widget\" data-widget_type=\"heading.default\">\n\t\t\t\t<div class=\"elementor-widget-container\">\n\t\t\t<h2 class=\"elementor-heading-title elementor-size-default\">V\u00fdsledky v\u00fdberov\u00fdch konan\u00ed zamestnancov<\/h2>\t\t<\/div>\n\t\t\t\t<\/div>\n\t\t\t\t<div class=\"elementor-element elementor-element-a18fd41 elementor-widget elementor-widget-text-editor\" data-id=\"a18fd41\" data-element_type=\"widget\" data-widget_type=\"text-editor.default\">\n\t\t\t\t<div class=\"elementor-widget-container\">\n\t\t\t\t\t\t\t<p><a href=\"https:\/\/www.ssdz.sk\/ssdz\/wp-content\/uploads\/2023\/01\/Obsadenie-volnych-systematizovanych-pracovnych-miest.xlsx\">Obsadenie vo\u013en\u00fdch systematizovan\u00fdch pracovn\u00fdch miest<\/a><\/p>\t\t\t\t\t\t<\/div>\n\t\t\t\t<\/div>\n\t\t\t\t<div class=\"elementor-element elementor-element-e40ea32 elementor-widget elementor-widget-heading\" data-id=\"e40ea32\" data-element_type=\"widget\" data-widget_type=\"heading.default\">\n\t\t\t\t<div class=\"elementor-widget-container\">\n\t\t\t<h2 class=\"elementor-heading-title elementor-size-default\">V\u00fdber z\u00e1stupcov \u0161t\u00e1tu<\/h2>\t\t<\/div>\n\t\t\t\t<\/div>\n\t\t\t\t<div class=\"elementor-element elementor-element-eb0a604 elementor-widget elementor-widget-text-editor\" data-id=\"eb0a604\" data-element_type=\"widget\" data-widget_type=\"text-editor.default\">\n\t\t\t\t<div class=\"elementor-widget-container\">\n\t\t\t\t\t\t\t<p>V s\u00falade s uznesen\u00edm vl\u00e1dy SR \u010d. 190\/2017 zo d\u0148a 19. apr\u00edla 2017 boli doplnen\u00e9 \u0161tandardy pri v\u00fdbere, riaden\u00ed a odme\u0148ovan\u00ed z\u00e1stupcov \u0161t\u00e1tu s d\u00f4razom na transparentnos\u0165 v\u00fdberu a odbornos\u0165 kandid\u00e1tov a riadnu a v\u010dasn\u00fa informovanos\u0165 \u0161t\u00e1tu ako akcion\u00e1ra o situ\u00e1cii, stave a dian\u00ed v pr\u00edslu\u0161nej spolo\u010dnosti.<\/p><p>Riadenie a monitorovanie jednotliv\u00fdch z\u00e1stupcov \u0161t\u00e1tu patr\u00ed v\u00fdlu\u010dne do kompetencie pr\u00edslu\u0161n\u00e9ho vykon\u00e1vate\u013ea akcion\u00e1rskych pr\u00e1v.<\/p><p><a href=\"https:\/\/www.ssdz.sk\/ssdz\/wp-content\/uploads\/2024\/09\/2024_Zasady-vyberu-riadenia-a-odmenovania-zastupcov-statu-v-organoch-SSDZ_web.pdf\">Z\u00e1sady v\u00fdberu, riadenia a odme\u0148ovania v org\u00e1noch SSDZ,a s.<\/a><\/p><p>\u00a0<\/p>\t\t\t\t\t\t<\/div>\n\t\t\t\t<\/div>\n\t\t\t\t\t<\/div>\n\t\t<\/div>\n\t\t\t\t\t<\/div>\n\t\t<\/section>\n\t\t\t\t<\/div>\n\t\t","protected":false},"excerpt":{"rendered":"<p>INFORM\u00c1CIE Pracovn\u00fd pomer so zamestnancami spolo\u010dnosti Spr\u00e1va slu\u017eieb diplomatick\u00e9mu zboru, a.s. uzatv\u00e1ra v zmysle pr\u00edslu\u0161n\u00fdch ustanoven\u00ed Z\u00e1konn\u00edka pr\u00e1ce a intern\u00fdch predpisov, najm\u00e4 Pracovn\u00e9ho poriadku spolo\u010dnosti. V zmysle intern\u00fdch predpisov je postup pri prij\u00edman\u00ed zamestnancov do pracovn\u00e9ho pomeru nasledovn\u00fd: V\u00fdber zamestnanca sa realizuje spravidla na z\u00e1klade v\u00fdberov\u00e9ho konania. Ponuku vo\u013en\u00e9ho pracovn\u00e9ho miesta spolo\u010dnos\u0165 zverejn\u00ed vhodn\u00fdm sp\u00f4sobom, najm\u00e4 prostredn\u00edctvom \u0161pecializovan\u00fdch elektronick\u00fdch str\u00e1nok internetu, alebo v dennej &#8230;<\/p>\n","protected":false},"author":1,"featured_media":18236,"parent":0,"menu_order":0,"comment_status":"closed","ping_status":"closed","template":"","meta":{"footnotes":""},"class_list":["post-18644","page","type-page","status-publish","has-post-thumbnail","hentry"],"yoast_head":"<!-- This site is optimized with the Yoast SEO plugin v23.5 - https:\/\/yoast.com\/wordpress\/plugins\/seo\/ -->\n<title>Vo\u013en\u00e9 pracovn\u00e9 miesta - Spr\u00e1va slu\u017eieb diplomatick\u00e9mu zboru<\/title>\n<meta name=\"robots\" content=\"index, follow, max-snippet:-1, max-image-preview:large, max-video-preview:-1\" \/>\n<link rel=\"canonical\" href=\"https:\/\/www.ssdz.sk\/ssdz\/volne-pracovne-miesta\/\" \/>\n<meta property=\"og:locale\" content=\"sk_SK\" \/>\n<meta property=\"og:type\" content=\"article\" \/>\n<meta property=\"og:title\" content=\"Vo\u013en\u00e9 pracovn\u00e9 miesta - Spr\u00e1va slu\u017eieb diplomatick\u00e9mu zboru\" \/>\n<meta property=\"og:description\" content=\"INFORM\u00c1CIE Pracovn\u00fd pomer so zamestnancami spolo\u010dnosti Spr\u00e1va slu\u017eieb diplomatick\u00e9mu zboru, a.s. uzatv\u00e1ra v zmysle pr\u00edslu\u0161n\u00fdch ustanoven\u00ed Z\u00e1konn\u00edka pr\u00e1ce a intern\u00fdch predpisov, najm\u00e4 Pracovn\u00e9ho poriadku spolo\u010dnosti. V zmysle intern\u00fdch predpisov je postup pri prij\u00edman\u00ed zamestnancov do pracovn\u00e9ho pomeru nasledovn\u00fd: V\u00fdber zamestnanca sa realizuje spravidla na z\u00e1klade v\u00fdberov\u00e9ho konania. Ponuku vo\u013en\u00e9ho pracovn\u00e9ho miesta spolo\u010dnos\u0165 zverejn\u00ed vhodn\u00fdm sp\u00f4sobom, najm\u00e4 prostredn\u00edctvom \u0161pecializovan\u00fdch elektronick\u00fdch str\u00e1nok internetu, alebo v dennej ...\" \/>\n<meta property=\"og:url\" content=\"https:\/\/www.ssdz.sk\/ssdz\/volne-pracovne-miesta\/\" \/>\n<meta property=\"og:site_name\" content=\"Spr\u00e1va slu\u017eieb diplomatick\u00e9mu zboru\" \/>\n<meta property=\"article:modified_time\" content=\"2024-10-01T07:30:58+00:00\" \/>\n<meta property=\"og:image\" content=\"https:\/\/www.ssdz.sk\/ssdz\/wp-content\/uploads\/2020\/09\/AC-Diplomat_Bez_Trolej.jpg\" \/>\n\t<meta property=\"og:image:width\" content=\"1623\" \/>\n\t<meta property=\"og:image:height\" content=\"1080\" \/>\n\t<meta property=\"og:image:type\" content=\"image\/jpeg\" \/>\n<meta name=\"twitter:card\" content=\"summary_large_image\" \/>\n<meta name=\"twitter:label1\" content=\"Predpokladan\u00fd \u010das \u010d\u00edtania\" \/>\n\t<meta name=\"twitter:data1\" content=\"2 min\u00faty\" \/>\n<script type=\"application\/ld+json\" class=\"yoast-schema-graph\">{\"@context\":\"https:\/\/schema.org\",\"@graph\":[{\"@type\":\"WebPage\",\"@id\":\"https:\/\/www.ssdz.sk\/ssdz\/volne-pracovne-miesta\/\",\"url\":\"https:\/\/www.ssdz.sk\/ssdz\/volne-pracovne-miesta\/\",\"name\":\"Vo\u013en\u00e9 pracovn\u00e9 miesta - Spr\u00e1va slu\u017eieb diplomatick\u00e9mu zboru\",\"isPartOf\":{\"@id\":\"https:\/\/www.ssdz.sk\/ssdz\/#website\"},\"primaryImageOfPage\":{\"@id\":\"https:\/\/www.ssdz.sk\/ssdz\/volne-pracovne-miesta\/#primaryimage\"},\"image\":{\"@id\":\"https:\/\/www.ssdz.sk\/ssdz\/volne-pracovne-miesta\/#primaryimage\"},\"thumbnailUrl\":\"https:\/\/www.ssdz.sk\/ssdz\/wp-content\/uploads\/2020\/09\/AC-Diplomat_Bez_Trolej.jpg\",\"datePublished\":\"2020-11-25T12:54:48+00:00\",\"dateModified\":\"2024-10-01T07:30:58+00:00\",\"breadcrumb\":{\"@id\":\"https:\/\/www.ssdz.sk\/ssdz\/volne-pracovne-miesta\/#breadcrumb\"},\"inLanguage\":\"sk-SK\",\"potentialAction\":[{\"@type\":\"ReadAction\",\"target\":[\"https:\/\/www.ssdz.sk\/ssdz\/volne-pracovne-miesta\/\"]}]},{\"@type\":\"ImageObject\",\"inLanguage\":\"sk-SK\",\"@id\":\"https:\/\/www.ssdz.sk\/ssdz\/volne-pracovne-miesta\/#primaryimage\",\"url\":\"https:\/\/www.ssdz.sk\/ssdz\/wp-content\/uploads\/2020\/09\/AC-Diplomat_Bez_Trolej.jpg\",\"contentUrl\":\"https:\/\/www.ssdz.sk\/ssdz\/wp-content\/uploads\/2020\/09\/AC-Diplomat_Bez_Trolej.jpg\",\"width\":1623,\"height\":1080},{\"@type\":\"BreadcrumbList\",\"@id\":\"https:\/\/www.ssdz.sk\/ssdz\/volne-pracovne-miesta\/#breadcrumb\",\"itemListElement\":[{\"@type\":\"ListItem\",\"position\":1,\"name\":\"Domovsk\u00e1 str\u00e1nka\",\"item\":\"https:\/\/www.ssdz.sk\/ssdz\/\"},{\"@type\":\"ListItem\",\"position\":2,\"name\":\"Vo\u013en\u00e9 pracovn\u00e9 miesta\"}]},{\"@type\":\"WebSite\",\"@id\":\"https:\/\/www.ssdz.sk\/ssdz\/#website\",\"url\":\"https:\/\/www.ssdz.sk\/ssdz\/\",\"name\":\"Spr\u00e1va slu\u017eieb diplomatick\u00e9mu zboru\",\"description\":\"\",\"potentialAction\":[{\"@type\":\"SearchAction\",\"target\":{\"@type\":\"EntryPoint\",\"urlTemplate\":\"https:\/\/www.ssdz.sk\/ssdz\/?s={search_term_string}\"},\"query-input\":{\"@type\":\"PropertyValueSpecification\",\"valueRequired\":true,\"valueName\":\"search_term_string\"}}],\"inLanguage\":\"sk-SK\"}]}<\/script>\n<!-- \/ Yoast SEO plugin. -->","yoast_head_json":{"title":"Vo\u013en\u00e9 pracovn\u00e9 miesta - Spr\u00e1va slu\u017eieb diplomatick\u00e9mu zboru","robots":{"index":"index","follow":"follow","max-snippet":"max-snippet:-1","max-image-preview":"max-image-preview:large","max-video-preview":"max-video-preview:-1"},"canonical":"https:\/\/www.ssdz.sk\/ssdz\/volne-pracovne-miesta\/","og_locale":"sk_SK","og_type":"article","og_title":"Vo\u013en\u00e9 pracovn\u00e9 miesta - Spr\u00e1va slu\u017eieb diplomatick\u00e9mu zboru","og_description":"INFORM\u00c1CIE Pracovn\u00fd pomer so zamestnancami spolo\u010dnosti Spr\u00e1va slu\u017eieb diplomatick\u00e9mu zboru, a.s. uzatv\u00e1ra v zmysle pr\u00edslu\u0161n\u00fdch ustanoven\u00ed Z\u00e1konn\u00edka pr\u00e1ce a intern\u00fdch predpisov, najm\u00e4 Pracovn\u00e9ho poriadku spolo\u010dnosti. V zmysle intern\u00fdch predpisov je postup pri prij\u00edman\u00ed zamestnancov do pracovn\u00e9ho pomeru nasledovn\u00fd: V\u00fdber zamestnanca sa realizuje spravidla na z\u00e1klade v\u00fdberov\u00e9ho konania. Ponuku vo\u013en\u00e9ho pracovn\u00e9ho miesta spolo\u010dnos\u0165 zverejn\u00ed vhodn\u00fdm sp\u00f4sobom, najm\u00e4 prostredn\u00edctvom \u0161pecializovan\u00fdch elektronick\u00fdch str\u00e1nok internetu, alebo v dennej ...","og_url":"https:\/\/www.ssdz.sk\/ssdz\/volne-pracovne-miesta\/","og_site_name":"Spr\u00e1va slu\u017eieb diplomatick\u00e9mu zboru","article_modified_time":"2024-10-01T07:30:58+00:00","og_image":[{"width":1623,"height":1080,"url":"https:\/\/www.ssdz.sk\/ssdz\/wp-content\/uploads\/2020\/09\/AC-Diplomat_Bez_Trolej.jpg","type":"image\/jpeg"}],"twitter_card":"summary_large_image","twitter_misc":{"Predpokladan\u00fd \u010das \u010d\u00edtania":"2 min\u00faty"},"schema":{"@context":"https:\/\/schema.org","@graph":[{"@type":"WebPage","@id":"https:\/\/www.ssdz.sk\/ssdz\/volne-pracovne-miesta\/","url":"https:\/\/www.ssdz.sk\/ssdz\/volne-pracovne-miesta\/","name":"Vo\u013en\u00e9 pracovn\u00e9 miesta - Spr\u00e1va slu\u017eieb diplomatick\u00e9mu zboru","isPartOf":{"@id":"https:\/\/www.ssdz.sk\/ssdz\/#website"},"primaryImageOfPage":{"@id":"https:\/\/www.ssdz.sk\/ssdz\/volne-pracovne-miesta\/#primaryimage"},"image":{"@id":"https:\/\/www.ssdz.sk\/ssdz\/volne-pracovne-miesta\/#primaryimage"},"thumbnailUrl":"https:\/\/www.ssdz.sk\/ssdz\/wp-content\/uploads\/2020\/09\/AC-Diplomat_Bez_Trolej.jpg","datePublished":"2020-11-25T12:54:48+00:00","dateModified":"2024-10-01T07:30:58+00:00","breadcrumb":{"@id":"https:\/\/www.ssdz.sk\/ssdz\/volne-pracovne-miesta\/#breadcrumb"},"inLanguage":"sk-SK","potentialAction":[{"@type":"ReadAction","target":["https:\/\/www.ssdz.sk\/ssdz\/volne-pracovne-miesta\/"]}]},{"@type":"ImageObject","inLanguage":"sk-SK","@id":"https:\/\/www.ssdz.sk\/ssdz\/volne-pracovne-miesta\/#primaryimage","url":"https:\/\/www.ssdz.sk\/ssdz\/wp-content\/uploads\/2020\/09\/AC-Diplomat_Bez_Trolej.jpg","contentUrl":"https:\/\/www.ssdz.sk\/ssdz\/wp-content\/uploads\/2020\/09\/AC-Diplomat_Bez_Trolej.jpg","width":1623,"height":1080},{"@type":"BreadcrumbList","@id":"https:\/\/www.ssdz.sk\/ssdz\/volne-pracovne-miesta\/#breadcrumb","itemListElement":[{"@type":"ListItem","position":1,"name":"Domovsk\u00e1 str\u00e1nka","item":"https:\/\/www.ssdz.sk\/ssdz\/"},{"@type":"ListItem","position":2,"name":"Vo\u013en\u00e9 pracovn\u00e9 miesta"}]},{"@type":"WebSite","@id":"https:\/\/www.ssdz.sk\/ssdz\/#website","url":"https:\/\/www.ssdz.sk\/ssdz\/","name":"Spr\u00e1va slu\u017eieb diplomatick\u00e9mu zboru","description":"","potentialAction":[{"@type":"SearchAction","target":{"@type":"EntryPoint","urlTemplate":"https:\/\/www.ssdz.sk\/ssdz\/?s={search_term_string}"},"query-input":{"@type":"PropertyValueSpecification","valueRequired":true,"valueName":"search_term_string"}}],"inLanguage":"sk-SK"}]}},"_links":{"self":[{"href":"https:\/\/www.ssdz.sk\/ssdz\/wp-json\/wp\/v2\/pages\/18644"}],"collection":[{"href":"https:\/\/www.ssdz.sk\/ssdz\/wp-json\/wp\/v2\/pages"}],"about":[{"href":"https:\/\/www.ssdz.sk\/ssdz\/wp-json\/wp\/v2\/types\/page"}],"author":[{"embeddable":true,"href":"https:\/\/www.ssdz.sk\/ssdz\/wp-json\/wp\/v2\/users\/1"}],"replies":[{"embeddable":true,"href":"https:\/\/www.ssdz.sk\/ssdz\/wp-json\/wp\/v2\/comments?post=18644"}],"version-history":[{"count":72,"href":"https:\/\/www.ssdz.sk\/ssdz\/wp-json\/wp\/v2\/pages\/18644\/revisions"}],"predecessor-version":[{"id":23077,"href":"https:\/\/www.ssdz.sk\/ssdz\/wp-json\/wp\/v2\/pages\/18644\/revisions\/23077"}],"wp:featuredmedia":[{"embeddable":true,"href":"https:\/\/www.ssdz.sk\/ssdz\/wp-json\/wp\/v2\/media\/18236"}],"wp:attachment":[{"href":"https:\/\/www.ssdz.sk\/ssdz\/wp-json\/wp\/v2\/media?parent=18644"}],"curies":[{"name":"wp","href":"https:\/\/api.w.org\/{rel}","templated":true}]}}