{"id":18654,"date":"2020-11-25T14:02:44","date_gmt":"2020-11-25T13:02:44","guid":{"rendered":"http:\/\/cocobae.sk\/?page_id=18654"},"modified":"2020-12-06T22:53:02","modified_gmt":"2020-12-06T21:53:02","slug":"faktury-vstupne","status":"publish","type":"page","link":"https:\/\/www.ssdz.sk\/ssdz\/faktury-vstupne\/","title":{"rendered":"Fakt\u00fary vstupn\u00e9"},"content":{"rendered":"\t\t<div data-elementor-type=\"wp-page\" data-elementor-id=\"18654\" class=\"elementor elementor-18654\">\n\t\t\t\t\t\t<section class=\"elementor-section elementor-top-section elementor-element elementor-element-535c9d8 elementor-section-boxed elementor-section-height-default elementor-section-height-default\" data-id=\"535c9d8\" data-element_type=\"section\">\n\t\t\t\t\t\t<div class=\"elementor-container elementor-column-gap-default\">\n\t\t\t\t\t<div class=\"elementor-column elementor-col-100 elementor-top-column elementor-element elementor-element-b67fb14\" data-id=\"b67fb14\" data-element_type=\"column\">\n\t\t\t<div class=\"elementor-widget-wrap elementor-element-populated\">\n\t\t\t\t\t\t<div class=\"elementor-element elementor-element-62ea450 elementor-widget elementor-widget-shortcode\" data-id=\"62ea450\" data-element_type=\"widget\" data-widget_type=\"shortcode.default\">\n\t\t\t\t<div class=\"elementor-widget-container\">\n\t\t\t\t\t<div class=\"elementor-shortcode\">\n\t\t<!-- Shortcode: [eeSFL list=\"1\" showfolder=\"faktury\/vstupne\"] List Run: #1 -->\n\n<span id=\"eeSFL_FileListTop\"><!-- Simple File List Pro - File List Top --><\/span>\n\n<div class=\"eeSFL\" id=\"eeSFL\">\n<span class=\"eeHide\" id=\"eeSFL_ID\">1<\/span>\n\n<script>\n\tvar eeSFL_ThisURL = \"https:\/\/www.ssdz.sk\/ssdz\/wp-json\/wp\/v2\/pages\/18654\";\n\tvar eeSFL_ListID = 1;\n\tvar eeSFL_PluginURL = \"https:\/\/www.ssdz.sk\/ssdz\/wp-content\/plugins\/ee-simple-file-list-pro\/\";\n\tvar eeSFL_FileListDir = \"documents\/\";\n\tvar eeSFL_SubFolder = \"faktury\/vstupne\/\";\n\tvar eeSFL_ShortcodeFolder = \"faktury\/vstupne\/\";\n\tvar eeSFL_ShowListStyle = \"TABLE\";\n<\/script>\n\n<form id=\"eeSFLS_SearchFiles\" action=\"https:\/\/www.ssdz.sk\/ssdz\/wp-json\/wp\/v2\/pages\/18654\" method=\"POST\">\n\t\t\t\t\n\t\t\t<input type=\"hidden\" name=\"eeListID\" value=\"1\" \/>\n\t\t\t\t\n\t\t\t\t<input class=\"eeSFLS_Datepicker\" id=\"eeSFLS_From\" type=\"text\" placeholder=\"Od\" name=\"eeSFLS_From\" value=\"\" size=\"8\" \/>\n\t\t\t\t\n\t\t\t\t<input class=\"eeSFLS_Datepicker\" id=\"eeSFLS_To\" type=\"text\" placeholder=\"Do\" name=\"eeSFLS_To\" value=\"\" size=\"8\" \/>\t\n\t\t\t\t\n\t\t\t\t<input placeholder=\"Name or Description\" type=\"text\" name=\"eeSFLS_SearchByName\" value=\"\" id=\"eeSFLS_Search\" size=\"16\" \/>\n\t\t\t\t\n\t\t\t<input class=\"button\" type=\"submit\" name=\"eeSFLS_Searching\" value=\"H\u013eada\u0165 s\u00fabory\" \/>\n\t\t\t\t\n\t\t\t<\/form><table class=\"eeFiles\"><thead><tr><th class=\"eeSFL_Thumbnail\">N\u00e1h\u013ead<\/th><th class=\"eeSFL_FileName\">N\u00e1zov<\/th><th class=\"eeSFL_FileSize\">Ve\u013ekos\u0165<\/th><th class=\"eeSFL_FileDate\">D\u00e1tum<\/th><\/tr>\n\t\n\t<\/thead>\n\n<tbody>\n\t\t\n\t\t<tr id=\"eeSFL_FileID-31\" class=\"eeSFL_Item\">\n\t\t\t<td class=\"eeSFL_Thumbnail\"><a href=\"https:\/\/www.ssdz.sk\/ssdz\/wp-json\/wp\/v2\/pages\/18654?eeFolder=faktury\/vstupne\/2025&eeFront=1&eeListID=1&ee=1\"><img decoding=\"async\" src=\"https:\/\/www.ssdz.sk\/ssdz\/wp-content\/plugins\/ee-simple-file-list-pro\/images\/thumbnails\/folder.svg\" width=\"64\" height=\"64\" alt=\"Thumb\" \/><\/a><\/td>\n\t\t<td class=\"eeSFL_FileNameCell eeSFL_FileName\">\n\t\t\t\t<span class=\"eeSFL_FilePath eeHide\">faktury\/vstupne\/2025\/<\/span>\n\t\t\t<span class=\"eeSFL_RealFileName eeHide\">2025<\/span>\n\t\t\t<span class=\"eeSFL_FileNiceName eeHide\"><\/span><p class=\"eeSFL_FileLink\">\n\t\t\t<span class=\"eeSFL_FileMimeType eeHide\"><\/span><a class=\"eeSFL_FileName\" href=\"https:\/\/www.ssdz.sk\/ssdz\/wp-json\/wp\/v2\/pages\/18654?eeFolder=faktury\/vstupne\/2025&eeFront=1&eeListID=1&ee=1\">2025<\/a><\/p>\n\t\t\t<p class=\"eeSFL_FileDesc \"><\/p>\n\t\t\n\t\t<small class=\"eeSFL_ListFileActions\">\n\t\t\t\t<a class=\"eeSFL_FileOpen\" href=\"https:\/\/www.ssdz.sk\/ssdz\/wp-json\/wp\/v2\/pages\/18654?eeFolder=faktury\/vstupne\/2025&eeFront=1&eeListID=1&ee=1\" >Otvori\u0165<\/a>\n\t\t\n\t\t<span class=\"eeHide eeSFL_FileSize\">291.91 KB<\/span>\n\t\t<span class=\"eeHide eeSFL_FileDateAdded\">2025-01-09<\/span>\n\t\t<span class=\"eeHide eeSFL_FileDateAddedNice\">9. janu\u00e1ra 2025<\/span>\n\t\t<span class=\"eeHide eeSFL_FileDateChanged\">2026-01-05<\/span>\n\t\t<span class=\"eeHide eeSFL_FileDateChangedNice\">5. janu\u00e1ra 2026<\/span>\n\t\t\n\t\t<\/small><\/td>\n\t\t\t<td class=\"eeSFL_FileSize\"><span class=\"eeSFL_Count\">4<\/span> z\u00e1znamov<\/td><td class=\"eeSFL_FileDate\"><span class=\"eeSFL_FileDateDisplayed\">5. janu\u00e1ra 2026<\/span><\/td>\n\t\t<\/tr>\n\t\t\n\t\t<tr id=\"eeSFL_FileID-32\" class=\"eeSFL_Item\">\n\t\t\t<td class=\"eeSFL_Thumbnail\"><a href=\"https:\/\/www.ssdz.sk\/ssdz\/wp-json\/wp\/v2\/pages\/18654?eeFolder=faktury\/vstupne\/2024&eeFront=1&eeListID=1&ee=1\"><img decoding=\"async\" src=\"https:\/\/www.ssdz.sk\/ssdz\/wp-content\/plugins\/ee-simple-file-list-pro\/images\/thumbnails\/folder.svg\" width=\"64\" height=\"64\" alt=\"Thumb\" \/><\/a><\/td>\n\t\t<td class=\"eeSFL_FileNameCell eeSFL_FileName\">\n\t\t\t\t<span class=\"eeSFL_FilePath eeHide\">faktury\/vstupne\/2024\/<\/span>\n\t\t\t<span class=\"eeSFL_RealFileName eeHide\">2024<\/span>\n\t\t\t<span class=\"eeSFL_FileNiceName eeHide\"><\/span><p class=\"eeSFL_FileLink\">\n\t\t\t<span class=\"eeSFL_FileMimeType eeHide\"><\/span><a class=\"eeSFL_FileName\" href=\"https:\/\/www.ssdz.sk\/ssdz\/wp-json\/wp\/v2\/pages\/18654?eeFolder=faktury\/vstupne\/2024&eeFront=1&eeListID=1&ee=1\">2024<\/a><\/p>\n\t\t\t<p class=\"eeSFL_FileDesc \"><\/p>\n\t\t\n\t\t<small class=\"eeSFL_ListFileActions\">\n\t\t\t\t<a class=\"eeSFL_FileOpen\" href=\"https:\/\/www.ssdz.sk\/ssdz\/wp-json\/wp\/v2\/pages\/18654?eeFolder=faktury\/vstupne\/2024&eeFront=1&eeListID=1&ee=1\" >Otvori\u0165<\/a>\n\t\t\n\t\t<span class=\"eeHide eeSFL_FileSize\">261.02 KB<\/span>\n\t\t<span class=\"eeHide eeSFL_FileDateAdded\">2025-01-09<\/span>\n\t\t<span class=\"eeHide eeSFL_FileDateAddedNice\">9. janu\u00e1ra 2025<\/span>\n\t\t<span class=\"eeHide eeSFL_FileDateChanged\">2025-02-05<\/span>\n\t\t<span class=\"eeHide eeSFL_FileDateChangedNice\">5. febru\u00e1ra 2025<\/span>\n\t\t\n\t\t<\/small><\/td>\n\t\t\t<td class=\"eeSFL_FileSize\"><span class=\"eeSFL_Count\">4<\/span> z\u00e1znamov<\/td><td class=\"eeSFL_FileDate\"><span class=\"eeSFL_FileDateDisplayed\">5. febru\u00e1ra 2025<\/span><\/td>\n\t\t<\/tr>\n\t\t\n\t\t<tr id=\"eeSFL_FileID-321\" class=\"eeSFL_Item\">\n\t\t\t<td class=\"eeSFL_Thumbnail\"><a href=\"https:\/\/www.ssdz.sk\/ssdz\/documents\/faktury\/vstupne\/fa_vstupne_2026_01_03.xlsx\" target=\"_blank\"><img decoding=\"async\" src=\"https:\/\/www.ssdz.sk\/ssdz\/wp-content\/plugins\/ee-simple-file-list-pro\/images\/thumbnails\/xlsx.svg\" width=\"64\" height=\"64\" alt=\"Thumb\" \/><\/a><\/td>\n\t\t<td class=\"eeSFL_FileNameCell eeSFL_FileName\">\n\t\t\t<span class=\"eeSFL_RealFileName eeHide\">fa_vstupne_2026_01_03.xlsx<\/span>\n\t\t\t<span class=\"eeSFL_FileNiceName eeHide\"><\/span><p class=\"eeSFL_FileLink\">\n\t\t\t<span class=\"eeSFL_FileMimeType eeHide\">application\/vnd.openxmlformats-officedocument.spreadsheetml.sheet<\/span><a class=\"eeSFL_FileName\" href=\"https:\/\/www.ssdz.sk\/ssdz\/documents\/faktury\/vstupne\/fa_vstupne_2026_01_03.xlsx\" target=\"_blank\">fa_vstupne_2026_01_03.xlsx<\/a><\/p>\n\t\t\t<p class=\"eeSFL_FileDesc \"><\/p>\n\t\t\n\t\t<small class=\"eeSFL_ListFileActions\">\n\t\t\t\t<a class=\"eeSFL_FileDownload\" href=\"https:\/\/www.ssdz.sk\/ssdz\/documents\/faktury\/vstupne\/fa_vstupne_2026_01_03.xlsx\" download=\"fa_vstupne_2026_01_03.xlsx\">Stiahnu\u0165<\/a>\n\t\t\t\t<a class=\"eeSFL_CopyLinkToClipboard\" onclick=\"eeSFL_CopyLinkToClipboard('https:\/\/www.ssdz.sk\/ssdz\/documents\/faktury\/vstupne\/fa_vstupne_2026_01_03.xlsx')\" href=\"#\">Copy Link<\/a>\n\t\t\n\t\t<span class=\"eeHide eeSFL_FileSize\">68.32 KB<\/span>\n\t\t<span class=\"eeHide eeSFL_FileDateAdded\">2026-04-01<\/span>\n\t\t<span class=\"eeHide eeSFL_FileDateAddedNice\">1. apr\u00edla 2026<\/span>\n\t\t<span class=\"eeHide eeSFL_FileDateChanged\">2026-04-01<\/span>\n\t\t<span class=\"eeHide eeSFL_FileDateChangedNice\">1. apr\u00edla 2026<\/span>\n\t\t\n\t\t<\/small><\/td>\n\t\t\t<td class=\"eeSFL_FileSize\">68.32 KB<\/td><td class=\"eeSFL_FileDate\"><span class=\"eeSFL_FileDateDisplayed\">1. apr\u00edla 2026<\/span><\/td>\n\t\t<\/tr>\n\n<\/tbody>\n\n<\/table>\n\n<p class=\"eeHide\"><span id=\"eeSFL_FilesCount\">1<\/span><\/p>\n\n<\/div><!-- END .eeSFL -->\n<span class=\"eeHide\" id=\"eeSFL_ActionNonce\">63145fddb7<\/span>\n<span class=\"eeHide\" id=\"eeSFL_Modal_FileID\"><\/span><\/div>\n\t\t\t\t<\/div>\n\t\t\t\t<\/div>\n\t\t\t\t\t<\/div>\n\t\t<\/div>\n\t\t\t\t\t<\/div>\n\t\t<\/section>\n\t\t\t\t<section class=\"elementor-section elementor-top-section elementor-element elementor-element-4d0bc9c elementor-section-boxed elementor-section-height-default elementor-section-height-default\" data-id=\"4d0bc9c\" data-element_type=\"section\">\n\t\t\t\t\t\t<div class=\"elementor-container elementor-column-gap-default\">\n\t\t\t\t\t<div class=\"elementor-column elementor-col-100 elementor-top-column elementor-element elementor-element-1275bfd\" data-id=\"1275bfd\" data-element_type=\"column\">\n\t\t\t<div class=\"elementor-widget-wrap elementor-element-populated\">\n\t\t\t\t\t\t<div class=\"elementor-element elementor-element-97f6099 elementor-align-center elementor-widget elementor-widget-button\" data-id=\"97f6099\" data-element_type=\"widget\" data-widget_type=\"button.default\">\n\t\t\t\t<div class=\"elementor-widget-container\">\n\t\t\t\t\t<div class=\"elementor-button-wrapper\">\n\t\t\t<a class=\"elementor-button elementor-button-link elementor-size-lg\" href=\"http:\/\/www.ssdz.sk\/ssdz\/archiv-vstupnych-faktur\/\">\n\t\t\t\t\t\t<span class=\"elementor-button-content-wrapper\">\n\t\t\t\t\t\t\t\t\t<span class=\"elementor-button-text\">Arch\u00edv vstupn\u00fdch fakt\u00far<\/span>\n\t\t\t\t\t<\/span>\n\t\t\t\t\t<\/a>\n\t\t<\/div>\n\t\t\t\t<\/div>\n\t\t\t\t<\/div>\n\t\t\t\t\t<\/div>\n\t\t<\/div>\n\t\t\t\t\t<\/div>\n\t\t<\/section>\n\t\t\t\t<\/div>\n\t\t","protected":false},"excerpt":{"rendered":"<p>Arch\u00edv vstupn\u00fdch fakt\u00far<\/p>\n","protected":false},"author":1,"featured_media":18236,"parent":0,"menu_order":0,"comment_status":"closed","ping_status":"closed","template":"","meta":{"footnotes":""},"class_list":["post-18654","page","type-page","status-publish","has-post-thumbnail","hentry"],"yoast_head":"<!-- This site is optimized with the Yoast SEO plugin v23.5 - https:\/\/yoast.com\/wordpress\/plugins\/seo\/ -->\n<title>Fakt\u00fary vstupn\u00e9 - Spr\u00e1va slu\u017eieb diplomatick\u00e9mu zboru<\/title>\n<meta name=\"robots\" content=\"index, follow, max-snippet:-1, max-image-preview:large, max-video-preview:-1\" \/>\n<link rel=\"canonical\" href=\"https:\/\/www.ssdz.sk\/ssdz\/faktury-vstupne\/\" \/>\n<meta property=\"og:locale\" content=\"sk_SK\" \/>\n<meta property=\"og:type\" content=\"article\" \/>\n<meta property=\"og:title\" content=\"Fakt\u00fary vstupn\u00e9 - Spr\u00e1va slu\u017eieb diplomatick\u00e9mu zboru\" \/>\n<meta property=\"og:description\" content=\"Arch\u00edv vstupn\u00fdch fakt\u00far\" \/>\n<meta property=\"og:url\" content=\"https:\/\/www.ssdz.sk\/ssdz\/faktury-vstupne\/\" \/>\n<meta property=\"og:site_name\" content=\"Spr\u00e1va slu\u017eieb diplomatick\u00e9mu zboru\" \/>\n<meta property=\"article:modified_time\" content=\"2020-12-06T21:53:02+00:00\" \/>\n<meta property=\"og:image\" content=\"https:\/\/www.ssdz.sk\/ssdz\/wp-content\/uploads\/2020\/09\/AC-Diplomat_Bez_Trolej.jpg\" \/>\n\t<meta property=\"og:image:width\" content=\"1623\" \/>\n\t<meta property=\"og:image:height\" content=\"1080\" \/>\n\t<meta property=\"og:image:type\" content=\"image\/jpeg\" \/>\n<meta name=\"twitter:card\" content=\"summary_large_image\" \/>\n<script type=\"application\/ld+json\" class=\"yoast-schema-graph\">{\"@context\":\"https:\/\/schema.org\",\"@graph\":[{\"@type\":\"WebPage\",\"@id\":\"https:\/\/www.ssdz.sk\/ssdz\/faktury-vstupne\/\",\"url\":\"https:\/\/www.ssdz.sk\/ssdz\/faktury-vstupne\/\",\"name\":\"Fakt\u00fary vstupn\u00e9 - Spr\u00e1va slu\u017eieb diplomatick\u00e9mu zboru\",\"isPartOf\":{\"@id\":\"https:\/\/www.ssdz.sk\/ssdz\/#website\"},\"primaryImageOfPage\":{\"@id\":\"https:\/\/www.ssdz.sk\/ssdz\/faktury-vstupne\/#primaryimage\"},\"image\":{\"@id\":\"https:\/\/www.ssdz.sk\/ssdz\/faktury-vstupne\/#primaryimage\"},\"thumbnailUrl\":\"https:\/\/www.ssdz.sk\/ssdz\/wp-content\/uploads\/2020\/09\/AC-Diplomat_Bez_Trolej.jpg\",\"datePublished\":\"2020-11-25T13:02:44+00:00\",\"dateModified\":\"2020-12-06T21:53:02+00:00\",\"breadcrumb\":{\"@id\":\"https:\/\/www.ssdz.sk\/ssdz\/faktury-vstupne\/#breadcrumb\"},\"inLanguage\":\"sk-SK\",\"potentialAction\":[{\"@type\":\"ReadAction\",\"target\":[\"https:\/\/www.ssdz.sk\/ssdz\/faktury-vstupne\/\"]}]},{\"@type\":\"ImageObject\",\"inLanguage\":\"sk-SK\",\"@id\":\"https:\/\/www.ssdz.sk\/ssdz\/faktury-vstupne\/#primaryimage\",\"url\":\"https:\/\/www.ssdz.sk\/ssdz\/wp-content\/uploads\/2020\/09\/AC-Diplomat_Bez_Trolej.jpg\",\"contentUrl\":\"https:\/\/www.ssdz.sk\/ssdz\/wp-content\/uploads\/2020\/09\/AC-Diplomat_Bez_Trolej.jpg\",\"width\":1623,\"height\":1080},{\"@type\":\"BreadcrumbList\",\"@id\":\"https:\/\/www.ssdz.sk\/ssdz\/faktury-vstupne\/#breadcrumb\",\"itemListElement\":[{\"@type\":\"ListItem\",\"position\":1,\"name\":\"Domovsk\u00e1 str\u00e1nka\",\"item\":\"https:\/\/www.ssdz.sk\/ssdz\/\"},{\"@type\":\"ListItem\",\"position\":2,\"name\":\"Fakt\u00fary vstupn\u00e9\"}]},{\"@type\":\"WebSite\",\"@id\":\"https:\/\/www.ssdz.sk\/ssdz\/#website\",\"url\":\"https:\/\/www.ssdz.sk\/ssdz\/\",\"name\":\"Spr\u00e1va slu\u017eieb diplomatick\u00e9mu zboru\",\"description\":\"\",\"potentialAction\":[{\"@type\":\"SearchAction\",\"target\":{\"@type\":\"EntryPoint\",\"urlTemplate\":\"https:\/\/www.ssdz.sk\/ssdz\/?s={search_term_string}\"},\"query-input\":{\"@type\":\"PropertyValueSpecification\",\"valueRequired\":true,\"valueName\":\"search_term_string\"}}],\"inLanguage\":\"sk-SK\"}]}<\/script>\n<!-- \/ Yoast SEO plugin. -->","yoast_head_json":{"title":"Fakt\u00fary vstupn\u00e9 - Spr\u00e1va slu\u017eieb diplomatick\u00e9mu zboru","robots":{"index":"index","follow":"follow","max-snippet":"max-snippet:-1","max-image-preview":"max-image-preview:large","max-video-preview":"max-video-preview:-1"},"canonical":"https:\/\/www.ssdz.sk\/ssdz\/faktury-vstupne\/","og_locale":"sk_SK","og_type":"article","og_title":"Fakt\u00fary vstupn\u00e9 - Spr\u00e1va slu\u017eieb diplomatick\u00e9mu zboru","og_description":"Arch\u00edv vstupn\u00fdch fakt\u00far","og_url":"https:\/\/www.ssdz.sk\/ssdz\/faktury-vstupne\/","og_site_name":"Spr\u00e1va slu\u017eieb diplomatick\u00e9mu zboru","article_modified_time":"2020-12-06T21:53:02+00:00","og_image":[{"width":1623,"height":1080,"url":"https:\/\/www.ssdz.sk\/ssdz\/wp-content\/uploads\/2020\/09\/AC-Diplomat_Bez_Trolej.jpg","type":"image\/jpeg"}],"twitter_card":"summary_large_image","schema":{"@context":"https:\/\/schema.org","@graph":[{"@type":"WebPage","@id":"https:\/\/www.ssdz.sk\/ssdz\/faktury-vstupne\/","url":"https:\/\/www.ssdz.sk\/ssdz\/faktury-vstupne\/","name":"Fakt\u00fary vstupn\u00e9 - Spr\u00e1va slu\u017eieb diplomatick\u00e9mu zboru","isPartOf":{"@id":"https:\/\/www.ssdz.sk\/ssdz\/#website"},"primaryImageOfPage":{"@id":"https:\/\/www.ssdz.sk\/ssdz\/faktury-vstupne\/#primaryimage"},"image":{"@id":"https:\/\/www.ssdz.sk\/ssdz\/faktury-vstupne\/#primaryimage"},"thumbnailUrl":"https:\/\/www.ssdz.sk\/ssdz\/wp-content\/uploads\/2020\/09\/AC-Diplomat_Bez_Trolej.jpg","datePublished":"2020-11-25T13:02:44+00:00","dateModified":"2020-12-06T21:53:02+00:00","breadcrumb":{"@id":"https:\/\/www.ssdz.sk\/ssdz\/faktury-vstupne\/#breadcrumb"},"inLanguage":"sk-SK","potentialAction":[{"@type":"ReadAction","target":["https:\/\/www.ssdz.sk\/ssdz\/faktury-vstupne\/"]}]},{"@type":"ImageObject","inLanguage":"sk-SK","@id":"https:\/\/www.ssdz.sk\/ssdz\/faktury-vstupne\/#primaryimage","url":"https:\/\/www.ssdz.sk\/ssdz\/wp-content\/uploads\/2020\/09\/AC-Diplomat_Bez_Trolej.jpg","contentUrl":"https:\/\/www.ssdz.sk\/ssdz\/wp-content\/uploads\/2020\/09\/AC-Diplomat_Bez_Trolej.jpg","width":1623,"height":1080},{"@type":"BreadcrumbList","@id":"https:\/\/www.ssdz.sk\/ssdz\/faktury-vstupne\/#breadcrumb","itemListElement":[{"@type":"ListItem","position":1,"name":"Domovsk\u00e1 str\u00e1nka","item":"https:\/\/www.ssdz.sk\/ssdz\/"},{"@type":"ListItem","position":2,"name":"Fakt\u00fary vstupn\u00e9"}]},{"@type":"WebSite","@id":"https:\/\/www.ssdz.sk\/ssdz\/#website","url":"https:\/\/www.ssdz.sk\/ssdz\/","name":"Spr\u00e1va slu\u017eieb diplomatick\u00e9mu zboru","description":"","potentialAction":[{"@type":"SearchAction","target":{"@type":"EntryPoint","urlTemplate":"https:\/\/www.ssdz.sk\/ssdz\/?s={search_term_string}"},"query-input":{"@type":"PropertyValueSpecification","valueRequired":true,"valueName":"search_term_string"}}],"inLanguage":"sk-SK"}]}},"_links":{"self":[{"href":"https:\/\/www.ssdz.sk\/ssdz\/wp-json\/wp\/v2\/pages\/18654"}],"collection":[{"href":"https:\/\/www.ssdz.sk\/ssdz\/wp-json\/wp\/v2\/pages"}],"about":[{"href":"https:\/\/www.ssdz.sk\/ssdz\/wp-json\/wp\/v2\/types\/page"}],"author":[{"embeddable":true,"href":"https:\/\/www.ssdz.sk\/ssdz\/wp-json\/wp\/v2\/users\/1"}],"replies":[{"embeddable":true,"href":"https:\/\/www.ssdz.sk\/ssdz\/wp-json\/wp\/v2\/comments?post=18654"}],"version-history":[{"count":14,"href":"https:\/\/www.ssdz.sk\/ssdz\/wp-json\/wp\/v2\/pages\/18654\/revisions"}],"predecessor-version":[{"id":18879,"href":"https:\/\/www.ssdz.sk\/ssdz\/wp-json\/wp\/v2\/pages\/18654\/revisions\/18879"}],"wp:featuredmedia":[{"embeddable":true,"href":"https:\/\/www.ssdz.sk\/ssdz\/wp-json\/wp\/v2\/media\/18236"}],"wp:attachment":[{"href":"https:\/\/www.ssdz.sk\/ssdz\/wp-json\/wp\/v2\/media?parent=18654"}],"curies":[{"name":"wp","href":"https:\/\/api.w.org\/{rel}","templated":true}]}}