{"id":18747,"date":"2020-12-06T21:28:10","date_gmt":"2020-12-06T20:28:10","guid":{"rendered":"http:\/\/new-web.ssdz.sk\/ssdz\/?page_id=18747"},"modified":"2020-12-06T22:58:00","modified_gmt":"2020-12-06T21:58:00","slug":"archiv-vystupnych-faktur","status":"publish","type":"page","link":"https:\/\/www.ssdz.sk\/ssdz\/faktury-vystupne\/archiv-vystupnych-faktur\/","title":{"rendered":"Arch\u00edv v\u00fdstupn\u00fdch fakt\u00far"},"content":{"rendered":"\t\t<div data-elementor-type=\"wp-page\" data-elementor-id=\"18747\" class=\"elementor elementor-18747\">\n\t\t\t\t\t\t<section class=\"elementor-section elementor-top-section elementor-element elementor-element-623d83e elementor-section-boxed elementor-section-height-default elementor-section-height-default\" data-id=\"623d83e\" data-element_type=\"section\">\n\t\t\t\t\t\t<div class=\"elementor-container elementor-column-gap-default\">\n\t\t\t\t\t<div class=\"elementor-column elementor-col-100 elementor-top-column elementor-element elementor-element-c5aa444\" data-id=\"c5aa444\" data-element_type=\"column\">\n\t\t\t<div class=\"elementor-widget-wrap elementor-element-populated\">\n\t\t\t\t\t\t<div class=\"elementor-element elementor-element-3b24e73 elementor-widget elementor-widget-shortcode\" data-id=\"3b24e73\" data-element_type=\"widget\" data-widget_type=\"shortcode.default\">\n\t\t\t\t<div class=\"elementor-widget-container\">\n\t\t\t\t\t<div class=\"elementor-shortcode\">\n\t\t<!-- Shortcode: [eeSFL list=\"1\" showfolder=\"faktury\/archiv\/vystupne\"] List Run: #1 -->\n\n<span id=\"eeSFL_FileListTop\"><!-- Simple File List Pro - File List Top --><\/span>\n\n<div class=\"eeSFL\" id=\"eeSFL\">\n<span class=\"eeHide\" id=\"eeSFL_ID\">1<\/span>\n\n<script>\n\tvar eeSFL_ThisURL = \"https:\/\/www.ssdz.sk\/ssdz\/wp-json\/wp\/v2\/pages\/18747\";\n\tvar eeSFL_ListID = 1;\n\tvar eeSFL_PluginURL = \"https:\/\/www.ssdz.sk\/ssdz\/wp-content\/plugins\/ee-simple-file-list-pro\/\";\n\tvar eeSFL_FileListDir = \"documents\/\";\n\tvar eeSFL_SubFolder = \"faktury\/archiv\/vystupne\/\";\n\tvar eeSFL_ShortcodeFolder = \"faktury\/archiv\/vystupne\/\";\n\tvar eeSFL_ShowListStyle = \"TABLE\";\n<\/script>\n\n<form id=\"eeSFLS_SearchFiles\" action=\"https:\/\/www.ssdz.sk\/ssdz\/wp-json\/wp\/v2\/pages\/18747\" method=\"POST\">\n\t\t\t\t\n\t\t\t<input type=\"hidden\" name=\"eeListID\" value=\"1\" \/>\n\t\t\t\t\n\t\t\t\t<input class=\"eeSFLS_Datepicker\" id=\"eeSFLS_From\" type=\"text\" placeholder=\"Od\" name=\"eeSFLS_From\" value=\"\" size=\"8\" \/>\n\t\t\t\t\n\t\t\t\t<input class=\"eeSFLS_Datepicker\" id=\"eeSFLS_To\" type=\"text\" placeholder=\"Do\" name=\"eeSFLS_To\" value=\"\" size=\"8\" \/>\t\n\t\t\t\t\n\t\t\t\t<input placeholder=\"Name or Description\" type=\"text\" name=\"eeSFLS_SearchByName\" value=\"\" id=\"eeSFLS_Search\" size=\"16\" \/>\n\t\t\t\t\n\t\t\t<input class=\"button\" type=\"submit\" name=\"eeSFLS_Searching\" value=\"H\u013eada\u0165 s\u00fabory\" \/>\n\t\t\t\t\n\t\t\t<\/form><table class=\"eeFiles\"><thead><tr><th class=\"eeSFL_Thumbnail\">N\u00e1h\u013ead<\/th><th class=\"eeSFL_FileName\">N\u00e1zov<\/th><th class=\"eeSFL_FileSize\">Ve\u013ekos\u0165<\/th><th class=\"eeSFL_FileDate\">D\u00e1tum<\/th><\/tr>\n\t\n\t<\/thead>\n\n<tbody>\n\t\t\n\t\t<tr id=\"eeSFL_FileID-34\" class=\"eeSFL_Item\">\n\t\t\t<td class=\"eeSFL_Thumbnail\"><a href=\"https:\/\/www.ssdz.sk\/ssdz\/wp-json\/wp\/v2\/pages\/18747?eeFolder=faktury\/archiv\/vystupne\/vystupne&eeFront=1&eeListID=1&ee=1\"><img decoding=\"async\" src=\"https:\/\/www.ssdz.sk\/ssdz\/wp-content\/plugins\/ee-simple-file-list-pro\/images\/thumbnails\/folder.svg\" width=\"64\" height=\"64\" alt=\"Thumb\" \/><\/a><\/td>\n\t\t<td class=\"eeSFL_FileNameCell eeSFL_FileName\">\n\t\t\t\t<span class=\"eeSFL_FilePath eeHide\">faktury\/archiv\/vystupne\/vystupne\/<\/span>\n\t\t\t<span class=\"eeSFL_RealFileName eeHide\">vystupne<\/span>\n\t\t\t<span class=\"eeSFL_FileNiceName eeHide\"><\/span><p class=\"eeSFL_FileLink\">\n\t\t\t<span class=\"eeSFL_FileMimeType eeHide\">no\/mime<\/span><a class=\"eeSFL_FileName\" href=\"https:\/\/www.ssdz.sk\/ssdz\/wp-json\/wp\/v2\/pages\/18747?eeFolder=faktury\/archiv\/vystupne\/vystupne&eeFront=1&eeListID=1&ee=1\">vystupne<\/a><\/p>\n\t\t\t<p class=\"eeSFL_FileDesc \"><\/p>\n\t\t\n\t\t<small class=\"eeSFL_ListFileActions\">\n\t\t\t\t<a class=\"eeSFL_FileOpen\" href=\"https:\/\/www.ssdz.sk\/ssdz\/wp-json\/wp\/v2\/pages\/18747?eeFolder=faktury\/archiv\/vystupne\/vystupne&eeFront=1&eeListID=1&ee=1\" >Otvori\u0165<\/a>\n\t\t\n\t\t<span class=\"eeHide eeSFL_FileSize\">0 B<\/span>\n\t\t<span class=\"eeHide eeSFL_FileDateAdded\">2020-12-03<\/span>\n\t\t<span class=\"eeHide eeSFL_FileDateAddedNice\">3. decembra 2020<\/span>\n\t\t<span class=\"eeHide eeSFL_FileDateChanged\">2020-12-03<\/span>\n\t\t<span class=\"eeHide eeSFL_FileDateChangedNice\">3. decembra 2020<\/span>\n\t\t\n\t\t<\/small><\/td>\n\t\t\t<td class=\"eeSFL_FileSize\"><span class=\"eeSFL_Count\">0<\/span> z\u00e1znamov<\/td><td class=\"eeSFL_FileDate\"><span class=\"eeSFL_FileDateDisplayed\">3. decembra 2020<\/span><\/td>\n\t\t<\/tr>\n\t\t\n\t\t<tr id=\"eeSFL_FileID-35\" class=\"eeSFL_Item\">\n\t\t\t<td class=\"eeSFL_Thumbnail\"><a href=\"https:\/\/www.ssdz.sk\/ssdz\/wp-json\/wp\/v2\/pages\/18747?eeFolder=faktury\/archiv\/vystupne\/2011&eeFront=1&eeListID=1&ee=1\"><img decoding=\"async\" src=\"https:\/\/www.ssdz.sk\/ssdz\/wp-content\/plugins\/ee-simple-file-list-pro\/images\/thumbnails\/folder.svg\" width=\"64\" height=\"64\" alt=\"Thumb\" \/><\/a><\/td>\n\t\t<td class=\"eeSFL_FileNameCell eeSFL_FileName\">\n\t\t\t\t<span class=\"eeSFL_FilePath eeHide\">faktury\/archiv\/vystupne\/2011\/<\/span>\n\t\t\t<span class=\"eeSFL_RealFileName eeHide\">2011<\/span>\n\t\t\t<span class=\"eeSFL_FileNiceName eeHide\"><\/span><p class=\"eeSFL_FileLink\">\n\t\t\t<span class=\"eeSFL_FileMimeType eeHide\">no\/mime<\/span><a class=\"eeSFL_FileName\" href=\"https:\/\/www.ssdz.sk\/ssdz\/wp-json\/wp\/v2\/pages\/18747?eeFolder=faktury\/archiv\/vystupne\/2011&eeFront=1&eeListID=1&ee=1\">2011<\/a><\/p>\n\t\t\t<p class=\"eeSFL_FileDesc \"><\/p>\n\t\t\n\t\t<small class=\"eeSFL_ListFileActions\">\n\t\t\t\t<a class=\"eeSFL_FileOpen\" href=\"https:\/\/www.ssdz.sk\/ssdz\/wp-json\/wp\/v2\/pages\/18747?eeFolder=faktury\/archiv\/vystupne\/2011&eeFront=1&eeListID=1&ee=1\" >Otvori\u0165<\/a>\n\t\t\n\t\t<span class=\"eeHide eeSFL_FileSize\">8.35 MB<\/span>\n\t\t<span class=\"eeHide eeSFL_FileDateAdded\">2020-12-03<\/span>\n\t\t<span class=\"eeHide eeSFL_FileDateAddedNice\">3. decembra 2020<\/span>\n\t\t<span class=\"eeHide eeSFL_FileDateChanged\">2020-12-03<\/span>\n\t\t<span class=\"eeHide eeSFL_FileDateChangedNice\">3. decembra 2020<\/span>\n\t\t\n\t\t<\/small><\/td>\n\t\t\t<td class=\"eeSFL_FileSize\"><span class=\"eeSFL_Count\">291<\/span> z\u00e1znamov<\/td><td class=\"eeSFL_FileDate\"><span class=\"eeSFL_FileDateDisplayed\">3. decembra 2020<\/span><\/td>\n\t\t<\/tr>\n\n<\/tbody>\n\n<\/table>\n\n<p class=\"eeHide\"><span id=\"eeSFL_FilesCount\">0<\/span><\/p>\n\n<\/div><!-- END .eeSFL -->\n<span class=\"eeHide\" id=\"eeSFL_ActionNonce\">453ebed75b<\/span>\n<span class=\"eeHide\" id=\"eeSFL_Modal_FileID\"><\/span><\/div>\n\t\t\t\t<\/div>\n\t\t\t\t<\/div>\n\t\t\t\t\t<\/div>\n\t\t<\/div>\n\t\t\t\t\t<\/div>\n\t\t<\/section>\n\t\t\t\t<\/div>\n\t\t","protected":false},"excerpt":{"rendered":"","protected":false},"author":2,"featured_media":0,"parent":18652,"menu_order":0,"comment_status":"closed","ping_status":"closed","template":"","meta":{"footnotes":""},"class_list":["post-18747","page","type-page","status-publish","hentry"],"yoast_head":"<!-- This site is optimized with the Yoast SEO plugin v23.5 - https:\/\/yoast.com\/wordpress\/plugins\/seo\/ -->\n<title>Arch\u00edv v\u00fdstupn\u00fdch fakt\u00far - Spr\u00e1va slu\u017eieb diplomatick\u00e9mu zboru<\/title>\n<meta name=\"robots\" content=\"index, follow, max-snippet:-1, max-image-preview:large, max-video-preview:-1\" \/>\n<link rel=\"canonical\" href=\"https:\/\/www.ssdz.sk\/ssdz\/faktury-vystupne\/archiv-vystupnych-faktur\/\" \/>\n<meta property=\"og:locale\" content=\"sk_SK\" \/>\n<meta property=\"og:type\" content=\"article\" \/>\n<meta property=\"og:title\" content=\"Arch\u00edv v\u00fdstupn\u00fdch fakt\u00far - Spr\u00e1va slu\u017eieb diplomatick\u00e9mu zboru\" \/>\n<meta property=\"og:url\" content=\"https:\/\/www.ssdz.sk\/ssdz\/faktury-vystupne\/archiv-vystupnych-faktur\/\" \/>\n<meta property=\"og:site_name\" content=\"Spr\u00e1va slu\u017eieb diplomatick\u00e9mu zboru\" \/>\n<meta property=\"article:modified_time\" content=\"2020-12-06T21:58:00+00:00\" \/>\n<meta name=\"twitter:card\" content=\"summary_large_image\" \/>\n<script type=\"application\/ld+json\" class=\"yoast-schema-graph\">{\"@context\":\"https:\/\/schema.org\",\"@graph\":[{\"@type\":\"WebPage\",\"@id\":\"https:\/\/www.ssdz.sk\/ssdz\/faktury-vystupne\/archiv-vystupnych-faktur\/\",\"url\":\"https:\/\/www.ssdz.sk\/ssdz\/faktury-vystupne\/archiv-vystupnych-faktur\/\",\"name\":\"Arch\u00edv v\u00fdstupn\u00fdch fakt\u00far - Spr\u00e1va slu\u017eieb diplomatick\u00e9mu zboru\",\"isPartOf\":{\"@id\":\"https:\/\/www.ssdz.sk\/ssdz\/#website\"},\"datePublished\":\"2020-12-06T20:28:10+00:00\",\"dateModified\":\"2020-12-06T21:58:00+00:00\",\"breadcrumb\":{\"@id\":\"https:\/\/www.ssdz.sk\/ssdz\/faktury-vystupne\/archiv-vystupnych-faktur\/#breadcrumb\"},\"inLanguage\":\"sk-SK\",\"potentialAction\":[{\"@type\":\"ReadAction\",\"target\":[\"https:\/\/www.ssdz.sk\/ssdz\/faktury-vystupne\/archiv-vystupnych-faktur\/\"]}]},{\"@type\":\"BreadcrumbList\",\"@id\":\"https:\/\/www.ssdz.sk\/ssdz\/faktury-vystupne\/archiv-vystupnych-faktur\/#breadcrumb\",\"itemListElement\":[{\"@type\":\"ListItem\",\"position\":1,\"name\":\"Domovsk\u00e1 str\u00e1nka\",\"item\":\"https:\/\/www.ssdz.sk\/ssdz\/\"},{\"@type\":\"ListItem\",\"position\":2,\"name\":\"Fakt\u00fary v\u00fdstupn\u00e9\",\"item\":\"https:\/\/www.ssdz.sk\/ssdz\/faktury-vystupne\/\"},{\"@type\":\"ListItem\",\"position\":3,\"name\":\"Arch\u00edv v\u00fdstupn\u00fdch fakt\u00far\"}]},{\"@type\":\"WebSite\",\"@id\":\"https:\/\/www.ssdz.sk\/ssdz\/#website\",\"url\":\"https:\/\/www.ssdz.sk\/ssdz\/\",\"name\":\"Spr\u00e1va slu\u017eieb diplomatick\u00e9mu zboru\",\"description\":\"\",\"potentialAction\":[{\"@type\":\"SearchAction\",\"target\":{\"@type\":\"EntryPoint\",\"urlTemplate\":\"https:\/\/www.ssdz.sk\/ssdz\/?s={search_term_string}\"},\"query-input\":{\"@type\":\"PropertyValueSpecification\",\"valueRequired\":true,\"valueName\":\"search_term_string\"}}],\"inLanguage\":\"sk-SK\"}]}<\/script>\n<!-- \/ Yoast SEO plugin. -->","yoast_head_json":{"title":"Arch\u00edv v\u00fdstupn\u00fdch fakt\u00far - Spr\u00e1va slu\u017eieb diplomatick\u00e9mu zboru","robots":{"index":"index","follow":"follow","max-snippet":"max-snippet:-1","max-image-preview":"max-image-preview:large","max-video-preview":"max-video-preview:-1"},"canonical":"https:\/\/www.ssdz.sk\/ssdz\/faktury-vystupne\/archiv-vystupnych-faktur\/","og_locale":"sk_SK","og_type":"article","og_title":"Arch\u00edv v\u00fdstupn\u00fdch fakt\u00far - Spr\u00e1va slu\u017eieb diplomatick\u00e9mu zboru","og_url":"https:\/\/www.ssdz.sk\/ssdz\/faktury-vystupne\/archiv-vystupnych-faktur\/","og_site_name":"Spr\u00e1va slu\u017eieb diplomatick\u00e9mu zboru","article_modified_time":"2020-12-06T21:58:00+00:00","twitter_card":"summary_large_image","schema":{"@context":"https:\/\/schema.org","@graph":[{"@type":"WebPage","@id":"https:\/\/www.ssdz.sk\/ssdz\/faktury-vystupne\/archiv-vystupnych-faktur\/","url":"https:\/\/www.ssdz.sk\/ssdz\/faktury-vystupne\/archiv-vystupnych-faktur\/","name":"Arch\u00edv v\u00fdstupn\u00fdch fakt\u00far - Spr\u00e1va slu\u017eieb diplomatick\u00e9mu zboru","isPartOf":{"@id":"https:\/\/www.ssdz.sk\/ssdz\/#website"},"datePublished":"2020-12-06T20:28:10+00:00","dateModified":"2020-12-06T21:58:00+00:00","breadcrumb":{"@id":"https:\/\/www.ssdz.sk\/ssdz\/faktury-vystupne\/archiv-vystupnych-faktur\/#breadcrumb"},"inLanguage":"sk-SK","potentialAction":[{"@type":"ReadAction","target":["https:\/\/www.ssdz.sk\/ssdz\/faktury-vystupne\/archiv-vystupnych-faktur\/"]}]},{"@type":"BreadcrumbList","@id":"https:\/\/www.ssdz.sk\/ssdz\/faktury-vystupne\/archiv-vystupnych-faktur\/#breadcrumb","itemListElement":[{"@type":"ListItem","position":1,"name":"Domovsk\u00e1 str\u00e1nka","item":"https:\/\/www.ssdz.sk\/ssdz\/"},{"@type":"ListItem","position":2,"name":"Fakt\u00fary v\u00fdstupn\u00e9","item":"https:\/\/www.ssdz.sk\/ssdz\/faktury-vystupne\/"},{"@type":"ListItem","position":3,"name":"Arch\u00edv v\u00fdstupn\u00fdch fakt\u00far"}]},{"@type":"WebSite","@id":"https:\/\/www.ssdz.sk\/ssdz\/#website","url":"https:\/\/www.ssdz.sk\/ssdz\/","name":"Spr\u00e1va slu\u017eieb diplomatick\u00e9mu zboru","description":"","potentialAction":[{"@type":"SearchAction","target":{"@type":"EntryPoint","urlTemplate":"https:\/\/www.ssdz.sk\/ssdz\/?s={search_term_string}"},"query-input":{"@type":"PropertyValueSpecification","valueRequired":true,"valueName":"search_term_string"}}],"inLanguage":"sk-SK"}]}},"_links":{"self":[{"href":"https:\/\/www.ssdz.sk\/ssdz\/wp-json\/wp\/v2\/pages\/18747"}],"collection":[{"href":"https:\/\/www.ssdz.sk\/ssdz\/wp-json\/wp\/v2\/pages"}],"about":[{"href":"https:\/\/www.ssdz.sk\/ssdz\/wp-json\/wp\/v2\/types\/page"}],"author":[{"embeddable":true,"href":"https:\/\/www.ssdz.sk\/ssdz\/wp-json\/wp\/v2\/users\/2"}],"replies":[{"embeddable":true,"href":"https:\/\/www.ssdz.sk\/ssdz\/wp-json\/wp\/v2\/comments?post=18747"}],"version-history":[{"count":5,"href":"https:\/\/www.ssdz.sk\/ssdz\/wp-json\/wp\/v2\/pages\/18747\/revisions"}],"predecessor-version":[{"id":18752,"href":"https:\/\/www.ssdz.sk\/ssdz\/wp-json\/wp\/v2\/pages\/18747\/revisions\/18752"}],"up":[{"embeddable":true,"href":"https:\/\/www.ssdz.sk\/ssdz\/wp-json\/wp\/v2\/pages\/18652"}],"wp:attachment":[{"href":"https:\/\/www.ssdz.sk\/ssdz\/wp-json\/wp\/v2\/media?parent=18747"}],"curies":[{"name":"wp","href":"https:\/\/api.w.org\/{rel}","templated":true}]}}