{"id":18936,"date":"2020-12-07T20:57:34","date_gmt":"2020-12-07T19:57:34","guid":{"rendered":"http:\/\/new-web.ssdz.sk\/ssdz\/about-us\/"},"modified":"2025-02-07T10:34:18","modified_gmt":"2025-02-07T09:34:18","slug":"about-us","status":"publish","type":"page","link":"https:\/\/www.ssdz.sk\/ssdz\/about-us\/?lang=en","title":{"rendered":"About us"},"content":{"rendered":"\t\t<div data-elementor-type=\"wp-page\" data-elementor-id=\"18936\" class=\"elementor elementor-18936 elementor-18571\">\n\t\t\t\t\t\t<section class=\"elementor-section elementor-top-section elementor-element elementor-element-3a700cd elementor-section-boxed elementor-section-height-default elementor-section-height-default\" data-id=\"3a700cd\" data-element_type=\"section\">\n\t\t\t\t\t\t<div class=\"elementor-container elementor-column-gap-default\">\n\t\t\t\t\t<div class=\"elementor-column elementor-col-100 elementor-top-column elementor-element elementor-element-d00755b\" data-id=\"d00755b\" data-element_type=\"column\">\n\t\t\t<div class=\"elementor-widget-wrap elementor-element-populated\">\n\t\t\t\t\t\t<div class=\"elementor-element elementor-element-6896030 elementor-widget elementor-widget-heading\" data-id=\"6896030\" data-element_type=\"widget\" data-widget_type=\"heading.default\">\n\t\t\t\t<div class=\"elementor-widget-container\">\n\t\t\t<h1 class=\"elementor-heading-title elementor-size-default\">History and Philosophy of the Company<\/h1>\t\t<\/div>\n\t\t\t\t<\/div>\n\t\t\t\t<div class=\"elementor-element elementor-element-07e7fd7 elementor-widget elementor-widget-text-editor\" data-id=\"07e7fd7\" data-element_type=\"widget\" data-widget_type=\"text-editor.default\">\n\t\t\t\t<div class=\"elementor-widget-container\">\n\t\t\t\t\t\t\t<p class=\"rtejustify\">Diplomatic Corps Service Administration (Spr\u00e1va slu\u017eieb diplomatick\u00e9mu zboru, a.s. &#8211; SSDZ, a.s.) was established by a memorandum dated October 1 10. , 2001 following the Government Resolution No 746 dated August 15, 8. 2001 by means of which the government approved transformation of a contributory organisation named Diplomatic Corps Service Administration into a joint-stock company with a 100% state-owned share.<\/p>\n<p class=\"rtejustify\">The company took over all rights and obligations under the canceled contributory organization Diplomatic Corps Service Administration. Deposit of state assets into the company was appoved by the Government of the Slovak Republic and its Resolution No 746 dated August 15, 2001 in accordance with \u00a7 13, section 7, letter b) point 2 No of the Act No 278\/1993 Coll. on the Administration of State Property, as amended. The company was incorporated in the Commercial Register of the District Court Bratislava I on October 15, 10. 2001, Section Sa, Insert No 2834\/B.<\/p>\n<p class=\"rtejustify\">The main purpose of business for SSDZ, a.s. is the leasing of its own properties and other non-residential premises and buildings. These are modern and historical buildings in attractive locations of Bratislava, the capital city of Slovak Republic. Majority of our buildings have achieved a high European standard and aim to meet the most demanding client requirements. Besides leasing, SSDZ, a.s., also offers a wide set of supplemental services and all-purpose advisory services for property administration including: building surveillance and security; ordinary, small-scale construction; cleaning and moving work, arranging transport and storage or other similar services.<\/p>\n<p class=\"rtejustify\">Due to the knowledge of the needs and requirements of SSDZ\u2019s clients, SSDZ, a.s. is actively involved in the real estate and brokerage activities in the real estate industry. SSDZ, a.s. has therefore created a unique opportunity for clients to use complex real estate services under one roof.<\/p>\n<p class=\"rtejustify\">Investment, management and construction activities complete our overall offer of services.<\/p>\n<p class=\"rtejustify\">Our many years of success, international reputation and customer satisfaction are guarantees that SSDZ, a.s. will reliably meet your demands at a high, professional level. Our priority is to provide first-class service based on fairness, trust and reliability as well as to further improve quality of our work, to meet as far as possible the needs of clients and thus give them the maximum comfort and satisfaction.<\/p>\n\t\t\t\t\t\t<\/div>\n\t\t\t\t<\/div>\n\t\t\t\t\t<\/div>\n\t\t<\/div>\n\t\t\t\t\t<\/div>\n\t\t<\/section>\n\t\t\t\t<section class=\"elementor-section elementor-top-section elementor-element elementor-element-523db21 elementor-section-boxed elementor-section-height-default elementor-section-height-default\" data-id=\"523db21\" data-element_type=\"section\">\n\t\t\t\t\t\t<div class=\"elementor-container elementor-column-gap-default\">\n\t\t\t\t\t<div class=\"elementor-column elementor-col-100 elementor-top-column elementor-element elementor-element-909625f\" data-id=\"909625f\" data-element_type=\"column\">\n\t\t\t<div class=\"elementor-widget-wrap elementor-element-populated\">\n\t\t\t\t\t\t<div class=\"elementor-element elementor-element-b90074f elementor-widget elementor-widget-heading\" data-id=\"b90074f\" data-element_type=\"widget\" data-widget_type=\"heading.default\">\n\t\t\t\t<div class=\"elementor-widget-container\">\n\t\t\t<h1 class=\"elementor-heading-title elementor-size-default\">Company Profile<\/h1>\t\t<\/div>\n\t\t\t\t<\/div>\n\t\t\t\t<div class=\"elementor-element elementor-element-678b9a9 elementor-widget elementor-widget-text-editor\" data-id=\"678b9a9\" data-element_type=\"widget\" data-widget_type=\"text-editor.default\">\n\t\t\t\t<div class=\"elementor-widget-container\">\n\t\t\t\t\t\t\t<p class=\"rtejustify\">Diplomatic Corps Service Administration (Spr\u00e1va slu\u017eieb diplomatick\u00e9mu zboru, a.s. &#8211; SSDZ, a.s.) is a 100 % goverment-owned joint-stock company that has been operating in the Slovak market since 1993. It has played a very important rile in provision of services to diplomatic missions acting in Slovakia, international organizations, goverment representatives and constitutional functionaries within the Slovak Republic, as well as individual investors and legal corporation.<\/p>\n<p class=\"rtejustify\">The sole shareholder of the company is the Ministry of Foreign and European Affairs of the Slovak Republic. The legal representative of the shareholder is the Minister of Foreign and European Affairs of the Slovak Republic. The capital of the joint-stock company in the amount of 50,364,400 Euro is formed by non-monetary deposit of the founder and consists exclusively of real estate owned by the canceled contributory organisation Diplomatic Corps Service Administration with the registered seat in Palis\u00e1dy 31, postal code 811 06, in Bratislava. The company\u2019s shares are not publicly traded. The shareholder performes his rights and obligations under the laws and statutes, in particular through the Annual Meeting and the Supervisory Board.<\/p>\n<p class=\"rtejustify\">The core business of SSDZ, a.s. is the leasing of its own properties and other non-residential premises and buildings. These are modern and historical buildings of high European standard.<\/p>\n<p class=\"rtejustify\">Among the services provided, whose legitimacy and importance for the company have risen in the recent years, belongs also building administration. This brings along a number of technical, economic, operational and legal activities, provision of which requires experience which SSDZ, a.s. has gained by longterm administration of its own buildings.<\/p>\n<p class=\"rtejustify\">At the same time SSDZ, a.s., also offers a wide set of supplemental services and all-purpose advisory services for property administration including: building surveillance and security; ordinary, small-scale construction; cleaning and moving work, arranging transport and storage or other similar services. The complexity of services provided by SSDZ, a.s. is completed by real estate and brokerage activities in the real estate industry, along with investment and construction activities.<\/p>\n<p class=\"rtejustify\">In every area of its business, the company puts emphasis on the quality of service, which lies in discrete, individual and personalized approach to each client, where the state character of the company guarantees safety, reliability and respectability.<\/p>\n<p class=\"rtejustify\">The company\u2019s operations do not affect the environment.<\/p>\n\t\t\t\t\t\t<\/div>\n\t\t\t\t<\/div>\n\t\t\t\t\t<\/div>\n\t\t<\/div>\n\t\t\t\t\t<\/div>\n\t\t<\/section>\n\t\t\t\t<section class=\"elementor-section elementor-top-section elementor-element elementor-element-fcad062 elementor-section-boxed elementor-section-height-default elementor-section-height-default\" data-id=\"fcad062\" data-element_type=\"section\">\n\t\t\t\t\t\t<div class=\"elementor-container elementor-column-gap-default\">\n\t\t\t\t\t<div class=\"elementor-column elementor-col-100 elementor-top-column elementor-element elementor-element-790e801\" data-id=\"790e801\" data-element_type=\"column\">\n\t\t\t<div class=\"elementor-widget-wrap elementor-element-populated\">\n\t\t\t\t\t\t<div class=\"elementor-element elementor-element-2dd43f5 elementor-widget elementor-widget-heading\" data-id=\"2dd43f5\" data-element_type=\"widget\" data-widget_type=\"heading.default\">\n\t\t\t\t<div class=\"elementor-widget-container\">\n\t\t\t<h1 class=\"elementor-heading-title elementor-size-default\">Identification details<\/h1>\t\t<\/div>\n\t\t\t\t<\/div>\n\t\t\t\t<div class=\"elementor-element elementor-element-280b3cf elementor-widget elementor-widget-text-editor\" data-id=\"280b3cf\" data-element_type=\"widget\" data-widget_type=\"text-editor.default\">\n\t\t\t\t<div class=\"elementor-widget-container\">\n\t\t\t\t\t\t\t<p>Business name: Spr\u00e1va slu\u017eieb diplomatick\u00e9mu zboru, a.s.<br \/>Registered seat: Palis\u00e1dy 31, 811 06 Bratislava<br \/>Identification number: 35 822 163<br \/>Legal form: akciov\u00e1 spolo\u010dnos\u0165<br \/>Date of entry: 1. 10. 2001 10. 2001<\/p>\n\t\t\t\t\t\t<\/div>\n\t\t\t\t<\/div>\n\t\t\t\t\t<\/div>\n\t\t<\/div>\n\t\t\t\t\t<\/div>\n\t\t<\/section>\n\t\t\t\t<section class=\"elementor-section elementor-top-section elementor-element elementor-element-7009992 elementor-section-boxed elementor-section-height-default elementor-section-height-default\" data-id=\"7009992\" data-element_type=\"section\">\n\t\t\t\t\t\t<div class=\"elementor-container elementor-column-gap-default\">\n\t\t\t\t\t<div class=\"elementor-column elementor-col-100 elementor-top-column elementor-element elementor-element-0fed196\" data-id=\"0fed196\" data-element_type=\"column\">\n\t\t\t<div class=\"elementor-widget-wrap elementor-element-populated\">\n\t\t\t\t\t\t<div class=\"elementor-element elementor-element-200ffab elementor-widget elementor-widget-heading\" data-id=\"200ffab\" data-element_type=\"widget\" data-widget_type=\"heading.default\">\n\t\t\t\t<div class=\"elementor-widget-container\">\n\t\t\t<h1 class=\"elementor-heading-title elementor-size-default\">Objects of the company<\/h1>\t\t<\/div>\n\t\t\t\t<\/div>\n\t\t\t\t<div class=\"elementor-element elementor-element-dae17fe elementor-widget elementor-widget-text-editor\" data-id=\"dae17fe\" data-element_type=\"widget\" data-widget_type=\"text-editor.default\">\n\t\t\t\t<div class=\"elementor-widget-container\">\n\t\t\t\t\t\t\t<ul>\n<li>Organizational consulting for representative offices and other bodies of foreign states based in Slovakia<\/li>\n<li>Administrative work for representative offices of foreign states based in Slovakia<\/li>\n<li>Lease of premises associated with the provision of additional services<\/li>\n<li>Procurement related to administration and leasing of property<\/li>\n<li>Brokering the sale, lease and purchase of property (real estate activities)<\/li>\n<li>Operation of facilities used for relaxation and regeneration<\/li>\n<li>Accomodation services in accommodation facilities with catering operation in these facilities<\/li>\n<li>Conference service<\/li>\n<li>Organization of courses and seminars<\/li>\n<li>Purchase of goods for sale to other traders (wholesale) within the range of free trade<\/li>\n<li>Purchase of goods for sale to a final customer (retail)<\/li>\n<li>Rental of consumer and industrial goods<\/li>\n<li>Market research and public opinion<\/li>\n<li>Advertising and promotional activities<\/li>\n<li>Automated data processing<\/li>\n<li>Masonry<\/li>\n<li>Construction supervision<\/li>\n<li>Implementation of simple buildings, small buildings and their changes<\/li>\n<li>Making structures and their changes<\/li>\n<li>Garages and operation of parking areas<\/li>\n<li>Brokerage and trading services<\/li>\n<li>Plumbing and heating<\/li>\n<li>Installation, reconstruction and maintenance of listed technical equipment<\/li>\n<li>Finishing works for the implementation of exteriors and interiors<\/li>\n<li>Services in agriculture and horticulture<\/li>\n<li>Management and maintenance of residential and office premises in the scope of free trade<\/li>\n<\/ul>\n\t\t\t\t\t\t<\/div>\n\t\t\t\t<\/div>\n\t\t\t\t\t<\/div>\n\t\t<\/div>\n\t\t\t\t\t<\/div>\n\t\t<\/section>\n\t\t\t\t<\/div>\n\t\t","protected":false},"excerpt":{"rendered":"<p>History and Philosophy of the Company Diplomatic Corps Service Administration (Spr\u00e1va slu\u017eieb diplomatick\u00e9mu zboru, a.s. &#8211; SSDZ, a.s.) was established by a memorandum dated October 1 10. , 2001 following the Government Resolution No 746 dated August 15, 8. 2001 by means of which the government approved transformation of a contributory organisation named Diplomatic Corps Service Administration into a joint-stock company with a 100% &#8230;<\/p>\n","protected":false},"author":1,"featured_media":18938,"parent":0,"menu_order":0,"comment_status":"closed","ping_status":"closed","template":"","meta":{"footnotes":""},"class_list":["post-18936","page","type-page","status-publish","has-post-thumbnail","hentry"],"yoast_head":"<!-- This site is optimized with the Yoast SEO plugin v23.5 - https:\/\/yoast.com\/wordpress\/plugins\/seo\/ -->\n<title>About us - Spr\u00e1va slu\u017eieb diplomatick\u00e9mu zboru<\/title>\n<meta name=\"robots\" content=\"index, follow, max-snippet:-1, max-image-preview:large, max-video-preview:-1\" \/>\n<link rel=\"canonical\" href=\"https:\/\/www.ssdz.sk\/ssdz\/about-us\/?lang=en\" \/>\n<meta property=\"og:locale\" content=\"sk_SK\" \/>\n<meta property=\"og:type\" content=\"article\" \/>\n<meta property=\"og:title\" content=\"About us - Spr\u00e1va slu\u017eieb diplomatick\u00e9mu zboru\" \/>\n<meta property=\"og:description\" content=\"History and Philosophy of the Company Diplomatic Corps Service Administration (Spr\u00e1va slu\u017eieb diplomatick\u00e9mu zboru, a.s. &#8211; SSDZ, a.s.) was established by a memorandum dated October 1 10. , 2001 following the Government Resolution No 746 dated August 15, 8. 2001 by means of which the government approved transformation of a contributory organisation named Diplomatic Corps Service Administration into a joint-stock company with a 100% ...\" \/>\n<meta property=\"og:url\" content=\"https:\/\/www.ssdz.sk\/ssdz\/about-us\/?lang=en\" \/>\n<meta property=\"og:site_name\" content=\"Spr\u00e1va slu\u017eieb diplomatick\u00e9mu zboru\" \/>\n<meta property=\"article:modified_time\" content=\"2025-02-07T09:34:18+00:00\" \/>\n<meta property=\"og:image\" content=\"https:\/\/www.ssdz.sk\/ssdz\/wp-content\/uploads\/2020\/09\/AC-Diplomat_Bez_Trolej.jpg\" \/>\n\t<meta property=\"og:image:width\" content=\"1623\" \/>\n\t<meta property=\"og:image:height\" content=\"1080\" \/>\n\t<meta property=\"og:image:type\" content=\"image\/jpeg\" \/>\n<meta name=\"twitter:card\" content=\"summary_large_image\" \/>\n<meta name=\"twitter:label1\" content=\"Predpokladan\u00fd \u010das \u010d\u00edtania\" \/>\n\t<meta name=\"twitter:data1\" content=\"5 min\u00fat\" \/>\n<script type=\"application\/ld+json\" class=\"yoast-schema-graph\">{\"@context\":\"https:\/\/schema.org\",\"@graph\":[{\"@type\":\"WebPage\",\"@id\":\"https:\/\/www.ssdz.sk\/ssdz\/about-us\/?lang=en\",\"url\":\"https:\/\/www.ssdz.sk\/ssdz\/about-us\/?lang=en\",\"name\":\"About us - Spr\u00e1va slu\u017eieb diplomatick\u00e9mu zboru\",\"isPartOf\":{\"@id\":\"https:\/\/www.ssdz.sk\/ssdz\/#website\"},\"primaryImageOfPage\":{\"@id\":\"https:\/\/www.ssdz.sk\/ssdz\/about-us\/?lang=en#primaryimage\"},\"image\":{\"@id\":\"https:\/\/www.ssdz.sk\/ssdz\/about-us\/?lang=en#primaryimage\"},\"thumbnailUrl\":\"https:\/\/www.ssdz.sk\/ssdz\/wp-content\/uploads\/2020\/09\/AC-Diplomat_Bez_Trolej.jpg\",\"datePublished\":\"2020-12-07T19:57:34+00:00\",\"dateModified\":\"2025-02-07T09:34:18+00:00\",\"breadcrumb\":{\"@id\":\"https:\/\/www.ssdz.sk\/ssdz\/about-us\/?lang=en#breadcrumb\"},\"inLanguage\":\"sk-SK\",\"potentialAction\":[{\"@type\":\"ReadAction\",\"target\":[\"https:\/\/www.ssdz.sk\/ssdz\/about-us\/?lang=en\"]}]},{\"@type\":\"ImageObject\",\"inLanguage\":\"sk-SK\",\"@id\":\"https:\/\/www.ssdz.sk\/ssdz\/about-us\/?lang=en#primaryimage\",\"url\":\"https:\/\/www.ssdz.sk\/ssdz\/wp-content\/uploads\/2020\/09\/AC-Diplomat_Bez_Trolej.jpg\",\"contentUrl\":\"https:\/\/www.ssdz.sk\/ssdz\/wp-content\/uploads\/2020\/09\/AC-Diplomat_Bez_Trolej.jpg\",\"width\":1623,\"height\":1080},{\"@type\":\"BreadcrumbList\",\"@id\":\"https:\/\/www.ssdz.sk\/ssdz\/about-us\/?lang=en#breadcrumb\",\"itemListElement\":[{\"@type\":\"ListItem\",\"position\":1,\"name\":\"Domovsk\u00e1 str\u00e1nka\",\"item\":\"https:\/\/www.ssdz.sk\/ssdz\/\"},{\"@type\":\"ListItem\",\"position\":2,\"name\":\"About us\"}]},{\"@type\":\"WebSite\",\"@id\":\"https:\/\/www.ssdz.sk\/ssdz\/#website\",\"url\":\"https:\/\/www.ssdz.sk\/ssdz\/\",\"name\":\"Spr\u00e1va slu\u017eieb diplomatick\u00e9mu zboru\",\"description\":\"\",\"potentialAction\":[{\"@type\":\"SearchAction\",\"target\":{\"@type\":\"EntryPoint\",\"urlTemplate\":\"https:\/\/www.ssdz.sk\/ssdz\/?s={search_term_string}\"},\"query-input\":{\"@type\":\"PropertyValueSpecification\",\"valueRequired\":true,\"valueName\":\"search_term_string\"}}],\"inLanguage\":\"sk-SK\"}]}<\/script>\n<!-- \/ Yoast SEO plugin. -->","yoast_head_json":{"title":"About us - Spr\u00e1va slu\u017eieb diplomatick\u00e9mu zboru","robots":{"index":"index","follow":"follow","max-snippet":"max-snippet:-1","max-image-preview":"max-image-preview:large","max-video-preview":"max-video-preview:-1"},"canonical":"https:\/\/www.ssdz.sk\/ssdz\/about-us\/?lang=en","og_locale":"sk_SK","og_type":"article","og_title":"About us - Spr\u00e1va slu\u017eieb diplomatick\u00e9mu zboru","og_description":"History and Philosophy of the Company Diplomatic Corps Service Administration (Spr\u00e1va slu\u017eieb diplomatick\u00e9mu zboru, a.s. &#8211; SSDZ, a.s.) was established by a memorandum dated October 1 10. , 2001 following the Government Resolution No 746 dated August 15, 8. 2001 by means of which the government approved transformation of a contributory organisation named Diplomatic Corps Service Administration into a joint-stock company with a 100% ...","og_url":"https:\/\/www.ssdz.sk\/ssdz\/about-us\/?lang=en","og_site_name":"Spr\u00e1va slu\u017eieb diplomatick\u00e9mu zboru","article_modified_time":"2025-02-07T09:34:18+00:00","og_image":[{"width":1623,"height":1080,"url":"https:\/\/www.ssdz.sk\/ssdz\/wp-content\/uploads\/2020\/09\/AC-Diplomat_Bez_Trolej.jpg","type":"image\/jpeg"}],"twitter_card":"summary_large_image","twitter_misc":{"Predpokladan\u00fd \u010das \u010d\u00edtania":"5 min\u00fat"},"schema":{"@context":"https:\/\/schema.org","@graph":[{"@type":"WebPage","@id":"https:\/\/www.ssdz.sk\/ssdz\/about-us\/?lang=en","url":"https:\/\/www.ssdz.sk\/ssdz\/about-us\/?lang=en","name":"About us - Spr\u00e1va slu\u017eieb diplomatick\u00e9mu zboru","isPartOf":{"@id":"https:\/\/www.ssdz.sk\/ssdz\/#website"},"primaryImageOfPage":{"@id":"https:\/\/www.ssdz.sk\/ssdz\/about-us\/?lang=en#primaryimage"},"image":{"@id":"https:\/\/www.ssdz.sk\/ssdz\/about-us\/?lang=en#primaryimage"},"thumbnailUrl":"https:\/\/www.ssdz.sk\/ssdz\/wp-content\/uploads\/2020\/09\/AC-Diplomat_Bez_Trolej.jpg","datePublished":"2020-12-07T19:57:34+00:00","dateModified":"2025-02-07T09:34:18+00:00","breadcrumb":{"@id":"https:\/\/www.ssdz.sk\/ssdz\/about-us\/?lang=en#breadcrumb"},"inLanguage":"sk-SK","potentialAction":[{"@type":"ReadAction","target":["https:\/\/www.ssdz.sk\/ssdz\/about-us\/?lang=en"]}]},{"@type":"ImageObject","inLanguage":"sk-SK","@id":"https:\/\/www.ssdz.sk\/ssdz\/about-us\/?lang=en#primaryimage","url":"https:\/\/www.ssdz.sk\/ssdz\/wp-content\/uploads\/2020\/09\/AC-Diplomat_Bez_Trolej.jpg","contentUrl":"https:\/\/www.ssdz.sk\/ssdz\/wp-content\/uploads\/2020\/09\/AC-Diplomat_Bez_Trolej.jpg","width":1623,"height":1080},{"@type":"BreadcrumbList","@id":"https:\/\/www.ssdz.sk\/ssdz\/about-us\/?lang=en#breadcrumb","itemListElement":[{"@type":"ListItem","position":1,"name":"Domovsk\u00e1 str\u00e1nka","item":"https:\/\/www.ssdz.sk\/ssdz\/"},{"@type":"ListItem","position":2,"name":"About us"}]},{"@type":"WebSite","@id":"https:\/\/www.ssdz.sk\/ssdz\/#website","url":"https:\/\/www.ssdz.sk\/ssdz\/","name":"Spr\u00e1va slu\u017eieb diplomatick\u00e9mu zboru","description":"","potentialAction":[{"@type":"SearchAction","target":{"@type":"EntryPoint","urlTemplate":"https:\/\/www.ssdz.sk\/ssdz\/?s={search_term_string}"},"query-input":{"@type":"PropertyValueSpecification","valueRequired":true,"valueName":"search_term_string"}}],"inLanguage":"sk-SK"}]}},"_links":{"self":[{"href":"https:\/\/www.ssdz.sk\/ssdz\/wp-json\/wp\/v2\/pages\/18936"}],"collection":[{"href":"https:\/\/www.ssdz.sk\/ssdz\/wp-json\/wp\/v2\/pages"}],"about":[{"href":"https:\/\/www.ssdz.sk\/ssdz\/wp-json\/wp\/v2\/types\/page"}],"author":[{"embeddable":true,"href":"https:\/\/www.ssdz.sk\/ssdz\/wp-json\/wp\/v2\/users\/1"}],"replies":[{"embeddable":true,"href":"https:\/\/www.ssdz.sk\/ssdz\/wp-json\/wp\/v2\/comments?post=18936"}],"version-history":[{"count":11,"href":"https:\/\/www.ssdz.sk\/ssdz\/wp-json\/wp\/v2\/pages\/18936\/revisions"}],"predecessor-version":[{"id":23379,"href":"https:\/\/www.ssdz.sk\/ssdz\/wp-json\/wp\/v2\/pages\/18936\/revisions\/23379"}],"wp:featuredmedia":[{"embeddable":true,"href":"https:\/\/www.ssdz.sk\/ssdz\/wp-json\/wp\/v2\/media\/18938"}],"wp:attachment":[{"href":"https:\/\/www.ssdz.sk\/ssdz\/wp-json\/wp\/v2\/media?parent=18936"}],"curies":[{"name":"wp","href":"https:\/\/api.w.org\/{rel}","templated":true}]}}