{"id":18969,"date":"2020-11-16T19:37:58","date_gmt":"2020-11-16T18:37:58","guid":{"rendered":"http:\/\/new-web.ssdz.sk\/ssdz\/kontakty\/"},"modified":"2025-12-18T14:23:17","modified_gmt":"2025-12-18T13:23:17","slug":"kontakty","status":"publish","type":"page","link":"https:\/\/www.ssdz.sk\/ssdz\/kontakty\/?lang=en","title":{"rendered":"Contacts"},"content":{"rendered":"\t\t<div data-elementor-type=\"wp-page\" data-elementor-id=\"18969\" class=\"elementor elementor-18969 elementor-18578\">\n\t\t\t\t\t\t<section class=\"elementor-section elementor-top-section elementor-element elementor-element-cc3751d elementor-section-boxed elementor-section-height-default elementor-section-height-default\" data-id=\"cc3751d\" data-element_type=\"section\">\n\t\t\t\t\t\t<div class=\"elementor-container elementor-column-gap-default\">\n\t\t\t\t\t<div class=\"elementor-column elementor-col-100 elementor-top-column elementor-element elementor-element-502ba6c\" data-id=\"502ba6c\" data-element_type=\"column\">\n\t\t\t<div class=\"elementor-widget-wrap elementor-element-populated\">\n\t\t\t\t\t\t<div class=\"elementor-element elementor-element-b5cc525 elementor-widget elementor-widget-heading\" data-id=\"b5cc525\" data-element_type=\"widget\" data-widget_type=\"heading.default\">\n\t\t\t\t<div class=\"elementor-widget-container\">\n\t\t\t<h1 class=\"elementor-heading-title elementor-size-default\">Spr\u00e1va slu\u017eieb diplomatick\u00e9mu zboru, a.s.<\/h1>\t\t<\/div>\n\t\t\t\t<\/div>\n\t\t\t\t<div class=\"elementor-element elementor-element-c750820 elementor-widget elementor-widget-text-editor\" data-id=\"c750820\" data-element_type=\"widget\" data-widget_type=\"text-editor.default\">\n\t\t\t\t<div class=\"elementor-widget-container\">\n\t\t\t\t\t\t\t<p>Palis\u00e1dy 31<br \/>811 06 Bratislava 1<\/p><p>Identification number: 35 822 163<br \/>DI\u010c: 2021595378<br \/>Section: Sa, Insert No.: 2834\/B<\/p><p>Registered in Bussiness Register of City Court Bratislava III<\/p>\t\t\t\t\t\t<\/div>\n\t\t\t\t<\/div>\n\t\t\t\t<div class=\"elementor-element elementor-element-cbf793d elementor-widget elementor-widget-text-editor\" data-id=\"cbf793d\" data-element_type=\"widget\" data-widget_type=\"text-editor.default\">\n\t\t\t\t<div class=\"elementor-widget-container\">\n\t\t\t\t\t\t\t<h3>COMMERCIAL DEPARTMENT<\/h3><table style=\"height: 208px;\" border=\"0\" width=\"1000\" cellspacing=\"0\" cellpadding=\"1\"><tbody><tr><th>\u00a0<\/th><th>Email:<\/th><th>Mobil:<\/th><th>\u00a0<\/th><\/tr><tr><td><p><strong>Peter Babinec, BBA.HM<\/strong><\/p><\/td><td><p>babinec@ssdz.sk<\/p><\/td><td><p>+421 918 933 113<\/p><\/td><td>\u00a0<\/td><\/tr><tr><td><p><strong style=\"background-color: transparent;\">Mgr. Petra Pipa\u0161ov\u00e1<\/strong><\/p><p><strong>Ing. Lydia Barbier<\/strong><\/p><\/td><td><p>pipasova@ssdz.sk<\/p><p>barbier@ssdz.sk<\/p><\/td><td><p>+421 918 445 045<\/p><p>+421 905 065 041<\/p><\/td><td>\u00a0<\/td><\/tr><tr><td>\u00a0<\/td><td>\u00a0<\/td><td>\u00a0<\/td><td>\u00a0<\/td><\/tr><\/tbody><\/table><p>e-mail: <a href=\"mailto:reality@ssdz.sk\"><u>reality@ssdz.sk<\/u><\/a><\/p><table style=\"height: 419px;\" border=\"0\" width=\"1000\" cellspacing=\"0\" cellpadding=\"1\"><tbody><tr><th>\u00a0<\/th><th>Phone:<\/th><th>E-mail:<\/th><th>Fax:<\/th><\/tr><tr><td><p><strong>Office of the Director General<\/strong><\/p><\/td><td><p>+421 2 5920 5738, 12<\/p><\/td><td><p><a href=\"mailto:office@ssdz.sk\"><u>office@ssdz.sk<\/u><\/a><\/p><\/td><td><p>+421 2 5920 5752<\/p><\/td><\/tr><tr><td><p><strong>Economic Department<\/strong><\/p><\/td><td><p>+421 2 5920 5743<\/p><\/td><td><p><a href=\"mailto:palkovicova@ssdz.sk\">palkovicova@ssdz.sk<\/a><\/p><\/td><td><p>+421 2 5920 5752<\/p><\/td><\/tr><tr><td><p><strong>Accounting Department<\/strong><\/p><\/td><td><p>+421 2 5920 5735, 36<\/p><\/td><td>\u00a0<\/td><td>\u00a0<\/td><\/tr><tr><td><p><strong>Department of administration of residential and non-residential premises<\/strong><\/p><\/td><td><p>+421 2 5920 5744<\/p><\/td><td><p><a href=\"mailto:hrenovcik@ssdz.ak\">ferancik@ssdz.sk<\/a><\/p><\/td><td>\u00a0<\/td><\/tr><tr><td><p><strong>Investment Department<\/strong><\/p><\/td><td><p>+421 2 5920 5773<\/p><\/td><td><p><a href=\"mailto:palkovicova@ssdz.sk\">husek@ssdz.sk<\/a><\/p><\/td><td>\u00a0<\/td><\/tr><\/tbody><\/table>\t\t\t\t\t\t<\/div>\n\t\t\t\t<\/div>\n\t\t\t\t\t<\/div>\n\t\t<\/div>\n\t\t\t\t\t<\/div>\n\t\t<\/section>\n\t\t\t\t<section class=\"elementor-section elementor-top-section elementor-element elementor-element-426f5d1 elementor-section-boxed elementor-section-height-default elementor-section-height-default\" data-id=\"426f5d1\" data-element_type=\"section\">\n\t\t\t\t\t\t<div class=\"elementor-container elementor-column-gap-default\">\n\t\t\t\t\t<div class=\"elementor-column elementor-col-100 elementor-top-column elementor-element elementor-element-1839752\" data-id=\"1839752\" data-element_type=\"column\">\n\t\t\t<div class=\"elementor-widget-wrap\">\n\t\t\t\t\t\t\t<\/div>\n\t\t<\/div>\n\t\t\t\t\t<\/div>\n\t\t<\/section>\n\t\t\t\t<\/div>\n\t\t","protected":false},"excerpt":{"rendered":"<p>Spr\u00e1va slu\u017eieb diplomatick\u00e9mu zboru, a.s. Palis\u00e1dy 31811 06 Bratislava 1 Identification number: 35 822 163DI\u010c: 2021595378Section: Sa, Insert No.: 2834\/B Registered in Bussiness Register of City Court Bratislava III COMMERCIAL DEPARTMENT \u00a0 Email: Mobil: \u00a0 Peter Babinec, BBA.HM babinec@ssdz.sk +421 918 933 113 \u00a0 Mgr. Petra Pipa\u0161ov\u00e1 Ing. Lydia Barbier pipasova@ssdz.sk barbier@ssdz.sk +421 918 445 045 +421 905 065 041 \u00a0 \u00a0 \u00a0 \u00a0 &#8230;<\/p>\n","protected":false},"author":1,"featured_media":18938,"parent":0,"menu_order":0,"comment_status":"closed","ping_status":"closed","template":"","meta":{"footnotes":""},"class_list":["post-18969","page","type-page","status-publish","has-post-thumbnail","hentry"],"yoast_head":"<!-- This site is optimized with the Yoast SEO plugin v23.5 - https:\/\/yoast.com\/wordpress\/plugins\/seo\/ -->\n<title>Contacts - Spr\u00e1va slu\u017eieb diplomatick\u00e9mu zboru<\/title>\n<meta name=\"robots\" content=\"index, follow, max-snippet:-1, max-image-preview:large, max-video-preview:-1\" \/>\n<link rel=\"canonical\" href=\"https:\/\/www.ssdz.sk\/ssdz\/kontakty\/?lang=en\" \/>\n<meta property=\"og:locale\" content=\"sk_SK\" \/>\n<meta property=\"og:type\" content=\"article\" \/>\n<meta property=\"og:title\" content=\"Contacts - Spr\u00e1va slu\u017eieb diplomatick\u00e9mu zboru\" \/>\n<meta property=\"og:description\" content=\"Spr\u00e1va slu\u017eieb diplomatick\u00e9mu zboru, a.s. Palis\u00e1dy 31811 06 Bratislava 1 Identification number: 35 822 163DI\u010c: 2021595378Section: Sa, Insert No.: 2834\/B Registered in Bussiness Register of City Court Bratislava III COMMERCIAL DEPARTMENT \u00a0 Email: Mobil: \u00a0 Peter Babinec, BBA.HM babinec@ssdz.sk +421 918 933 113 \u00a0 Mgr. Petra Pipa\u0161ov\u00e1 Ing. Lydia Barbier pipasova@ssdz.sk barbier@ssdz.sk +421 918 445 045 +421 905 065 041 \u00a0 \u00a0 \u00a0 \u00a0 ...\" \/>\n<meta property=\"og:url\" content=\"https:\/\/www.ssdz.sk\/ssdz\/kontakty\/?lang=en\" \/>\n<meta property=\"og:site_name\" content=\"Spr\u00e1va slu\u017eieb diplomatick\u00e9mu zboru\" \/>\n<meta property=\"article:modified_time\" content=\"2025-12-18T13:23:17+00:00\" \/>\n<meta property=\"og:image\" content=\"https:\/\/www.ssdz.sk\/ssdz\/wp-content\/uploads\/2020\/09\/AC-Diplomat_Bez_Trolej.jpg\" \/>\n\t<meta property=\"og:image:width\" content=\"1623\" \/>\n\t<meta property=\"og:image:height\" content=\"1080\" \/>\n\t<meta property=\"og:image:type\" content=\"image\/jpeg\" \/>\n<meta name=\"twitter:card\" content=\"summary_large_image\" \/>\n<meta name=\"twitter:label1\" content=\"Predpokladan\u00fd \u010das \u010d\u00edtania\" \/>\n\t<meta name=\"twitter:data1\" content=\"1 min\u00fata\" \/>\n<script type=\"application\/ld+json\" class=\"yoast-schema-graph\">{\"@context\":\"https:\/\/schema.org\",\"@graph\":[{\"@type\":\"WebPage\",\"@id\":\"https:\/\/www.ssdz.sk\/ssdz\/kontakty\/?lang=en\",\"url\":\"https:\/\/www.ssdz.sk\/ssdz\/kontakty\/?lang=en\",\"name\":\"Contacts - Spr\u00e1va slu\u017eieb diplomatick\u00e9mu zboru\",\"isPartOf\":{\"@id\":\"https:\/\/www.ssdz.sk\/ssdz\/#website\"},\"primaryImageOfPage\":{\"@id\":\"https:\/\/www.ssdz.sk\/ssdz\/kontakty\/?lang=en#primaryimage\"},\"image\":{\"@id\":\"https:\/\/www.ssdz.sk\/ssdz\/kontakty\/?lang=en#primaryimage\"},\"thumbnailUrl\":\"https:\/\/www.ssdz.sk\/ssdz\/wp-content\/uploads\/2020\/09\/AC-Diplomat_Bez_Trolej.jpg\",\"datePublished\":\"2020-11-16T18:37:58+00:00\",\"dateModified\":\"2025-12-18T13:23:17+00:00\",\"breadcrumb\":{\"@id\":\"https:\/\/www.ssdz.sk\/ssdz\/kontakty\/?lang=en#breadcrumb\"},\"inLanguage\":\"sk-SK\",\"potentialAction\":[{\"@type\":\"ReadAction\",\"target\":[\"https:\/\/www.ssdz.sk\/ssdz\/kontakty\/?lang=en\"]}]},{\"@type\":\"ImageObject\",\"inLanguage\":\"sk-SK\",\"@id\":\"https:\/\/www.ssdz.sk\/ssdz\/kontakty\/?lang=en#primaryimage\",\"url\":\"https:\/\/www.ssdz.sk\/ssdz\/wp-content\/uploads\/2020\/09\/AC-Diplomat_Bez_Trolej.jpg\",\"contentUrl\":\"https:\/\/www.ssdz.sk\/ssdz\/wp-content\/uploads\/2020\/09\/AC-Diplomat_Bez_Trolej.jpg\",\"width\":1623,\"height\":1080},{\"@type\":\"BreadcrumbList\",\"@id\":\"https:\/\/www.ssdz.sk\/ssdz\/kontakty\/?lang=en#breadcrumb\",\"itemListElement\":[{\"@type\":\"ListItem\",\"position\":1,\"name\":\"Domovsk\u00e1 str\u00e1nka\",\"item\":\"https:\/\/www.ssdz.sk\/ssdz\/\"},{\"@type\":\"ListItem\",\"position\":2,\"name\":\"Contacts\"}]},{\"@type\":\"WebSite\",\"@id\":\"https:\/\/www.ssdz.sk\/ssdz\/#website\",\"url\":\"https:\/\/www.ssdz.sk\/ssdz\/\",\"name\":\"Spr\u00e1va slu\u017eieb diplomatick\u00e9mu zboru\",\"description\":\"\",\"potentialAction\":[{\"@type\":\"SearchAction\",\"target\":{\"@type\":\"EntryPoint\",\"urlTemplate\":\"https:\/\/www.ssdz.sk\/ssdz\/?s={search_term_string}\"},\"query-input\":{\"@type\":\"PropertyValueSpecification\",\"valueRequired\":true,\"valueName\":\"search_term_string\"}}],\"inLanguage\":\"sk-SK\"}]}<\/script>\n<!-- \/ Yoast SEO plugin. -->","yoast_head_json":{"title":"Contacts - Spr\u00e1va slu\u017eieb diplomatick\u00e9mu zboru","robots":{"index":"index","follow":"follow","max-snippet":"max-snippet:-1","max-image-preview":"max-image-preview:large","max-video-preview":"max-video-preview:-1"},"canonical":"https:\/\/www.ssdz.sk\/ssdz\/kontakty\/?lang=en","og_locale":"sk_SK","og_type":"article","og_title":"Contacts - Spr\u00e1va slu\u017eieb diplomatick\u00e9mu zboru","og_description":"Spr\u00e1va slu\u017eieb diplomatick\u00e9mu zboru, a.s. Palis\u00e1dy 31811 06 Bratislava 1 Identification number: 35 822 163DI\u010c: 2021595378Section: Sa, Insert No.: 2834\/B Registered in Bussiness Register of City Court Bratislava III COMMERCIAL DEPARTMENT \u00a0 Email: Mobil: \u00a0 Peter Babinec, BBA.HM babinec@ssdz.sk +421 918 933 113 \u00a0 Mgr. Petra Pipa\u0161ov\u00e1 Ing. Lydia Barbier pipasova@ssdz.sk barbier@ssdz.sk +421 918 445 045 +421 905 065 041 \u00a0 \u00a0 \u00a0 \u00a0 ...","og_url":"https:\/\/www.ssdz.sk\/ssdz\/kontakty\/?lang=en","og_site_name":"Spr\u00e1va slu\u017eieb diplomatick\u00e9mu zboru","article_modified_time":"2025-12-18T13:23:17+00:00","og_image":[{"width":1623,"height":1080,"url":"https:\/\/www.ssdz.sk\/ssdz\/wp-content\/uploads\/2020\/09\/AC-Diplomat_Bez_Trolej.jpg","type":"image\/jpeg"}],"twitter_card":"summary_large_image","twitter_misc":{"Predpokladan\u00fd \u010das \u010d\u00edtania":"1 min\u00fata"},"schema":{"@context":"https:\/\/schema.org","@graph":[{"@type":"WebPage","@id":"https:\/\/www.ssdz.sk\/ssdz\/kontakty\/?lang=en","url":"https:\/\/www.ssdz.sk\/ssdz\/kontakty\/?lang=en","name":"Contacts - Spr\u00e1va slu\u017eieb diplomatick\u00e9mu zboru","isPartOf":{"@id":"https:\/\/www.ssdz.sk\/ssdz\/#website"},"primaryImageOfPage":{"@id":"https:\/\/www.ssdz.sk\/ssdz\/kontakty\/?lang=en#primaryimage"},"image":{"@id":"https:\/\/www.ssdz.sk\/ssdz\/kontakty\/?lang=en#primaryimage"},"thumbnailUrl":"https:\/\/www.ssdz.sk\/ssdz\/wp-content\/uploads\/2020\/09\/AC-Diplomat_Bez_Trolej.jpg","datePublished":"2020-11-16T18:37:58+00:00","dateModified":"2025-12-18T13:23:17+00:00","breadcrumb":{"@id":"https:\/\/www.ssdz.sk\/ssdz\/kontakty\/?lang=en#breadcrumb"},"inLanguage":"sk-SK","potentialAction":[{"@type":"ReadAction","target":["https:\/\/www.ssdz.sk\/ssdz\/kontakty\/?lang=en"]}]},{"@type":"ImageObject","inLanguage":"sk-SK","@id":"https:\/\/www.ssdz.sk\/ssdz\/kontakty\/?lang=en#primaryimage","url":"https:\/\/www.ssdz.sk\/ssdz\/wp-content\/uploads\/2020\/09\/AC-Diplomat_Bez_Trolej.jpg","contentUrl":"https:\/\/www.ssdz.sk\/ssdz\/wp-content\/uploads\/2020\/09\/AC-Diplomat_Bez_Trolej.jpg","width":1623,"height":1080},{"@type":"BreadcrumbList","@id":"https:\/\/www.ssdz.sk\/ssdz\/kontakty\/?lang=en#breadcrumb","itemListElement":[{"@type":"ListItem","position":1,"name":"Domovsk\u00e1 str\u00e1nka","item":"https:\/\/www.ssdz.sk\/ssdz\/"},{"@type":"ListItem","position":2,"name":"Contacts"}]},{"@type":"WebSite","@id":"https:\/\/www.ssdz.sk\/ssdz\/#website","url":"https:\/\/www.ssdz.sk\/ssdz\/","name":"Spr\u00e1va slu\u017eieb diplomatick\u00e9mu zboru","description":"","potentialAction":[{"@type":"SearchAction","target":{"@type":"EntryPoint","urlTemplate":"https:\/\/www.ssdz.sk\/ssdz\/?s={search_term_string}"},"query-input":{"@type":"PropertyValueSpecification","valueRequired":true,"valueName":"search_term_string"}}],"inLanguage":"sk-SK"}]}},"_links":{"self":[{"href":"https:\/\/www.ssdz.sk\/ssdz\/wp-json\/wp\/v2\/pages\/18969"}],"collection":[{"href":"https:\/\/www.ssdz.sk\/ssdz\/wp-json\/wp\/v2\/pages"}],"about":[{"href":"https:\/\/www.ssdz.sk\/ssdz\/wp-json\/wp\/v2\/types\/page"}],"author":[{"embeddable":true,"href":"https:\/\/www.ssdz.sk\/ssdz\/wp-json\/wp\/v2\/users\/1"}],"replies":[{"embeddable":true,"href":"https:\/\/www.ssdz.sk\/ssdz\/wp-json\/wp\/v2\/comments?post=18969"}],"version-history":[{"count":30,"href":"https:\/\/www.ssdz.sk\/ssdz\/wp-json\/wp\/v2\/pages\/18969\/revisions"}],"predecessor-version":[{"id":24497,"href":"https:\/\/www.ssdz.sk\/ssdz\/wp-json\/wp\/v2\/pages\/18969\/revisions\/24497"}],"wp:featuredmedia":[{"embeddable":true,"href":"https:\/\/www.ssdz.sk\/ssdz\/wp-json\/wp\/v2\/media\/18938"}],"wp:attachment":[{"href":"https:\/\/www.ssdz.sk\/ssdz\/wp-json\/wp\/v2\/media?parent=18969"}],"curies":[{"name":"wp","href":"https:\/\/api.w.org\/{rel}","templated":true}]}}