{"id":19840,"date":"2020-12-10T18:33:43","date_gmt":"2020-12-10T17:33:43","guid":{"rendered":"http:\/\/new-web.ssdz.sk\/ssdz\/?page_id=19840"},"modified":"2020-12-13T11:44:46","modified_gmt":"2020-12-13T10:44:46","slug":"kodex-etiky","status":"publish","type":"page","link":"https:\/\/www.ssdz.sk\/ssdz\/ine\/kodex-etiky\/","title":{"rendered":"K\u00f3dex etiky"},"content":{"rendered":"\t\t<div data-elementor-type=\"wp-page\" data-elementor-id=\"19840\" class=\"elementor elementor-19840\">\n\t\t\t\t\t\t<section class=\"elementor-section elementor-top-section elementor-element elementor-element-d09583c elementor-section-boxed elementor-section-height-default elementor-section-height-default\" data-id=\"d09583c\" data-element_type=\"section\">\n\t\t\t\t\t\t<div class=\"elementor-container elementor-column-gap-default\">\n\t\t\t\t\t<div class=\"elementor-column elementor-col-100 elementor-top-column elementor-element elementor-element-124fa2b\" data-id=\"124fa2b\" data-element_type=\"column\">\n\t\t\t<div class=\"elementor-widget-wrap elementor-element-populated\">\n\t\t\t\t\t\t<div class=\"elementor-element elementor-element-afb214d elementor-widget elementor-widget-text-editor\" data-id=\"afb214d\" data-element_type=\"widget\" data-widget_type=\"text-editor.default\">\n\t\t\t\t<div class=\"elementor-widget-container\">\n\t\t\t\t\t\t\t<p>K\u00f3dex etiky zamestnancov spolo\u010dnosti Spr\u00e1va slu\u017eieb diplomatick\u00e9mu zboru, a.s. (\u010falej len \u201eSSDZ, a.s.\u201c) definuje z\u00e1kladn\u00e9 princ\u00edpy a pravidl\u00e1 spr\u00e1vania sa zamestnancov SSDZ, a.s. D\u00f4le\u017eitos\u0165 etick\u00fdch noriem je dan\u00e1 povahou SSDZ, a.s. ako akciovej spolo\u010dnosti so 100% majetkovou \u00fa\u010das\u0165ou \u0161t\u00e1tu, ktorej jedin\u00fdm akcion\u00e1rom je Ministerstvo zahrani\u010dn\u00fdch vec\u00ed a\u00a0eur\u00f3pskych z\u00e1le\u017eitost\u00ed Slovenskej republiky a ktorej hlavn\u00fdm predmetom \u010dinnosti je pren\u00e1jom vlastn\u00fdch bytov\u00fdch a nebytov\u00fdch priestorov a\u00a0objektov a\u00a0poskytovanie s\u00a0t\u00fdm spojen\u00fdch slu\u017eieb diplomatick\u00fdm misi\u00e1m, medzin\u00e1rodn\u00fdm organiz\u00e1ci\u00e1m a obchodn\u00fdm zastupite\u013estv\u00e1m p\u00f4sobiacim na Slovensku, \u010do vy\u017eaduje ochranu z\u00e1ujmov klientov a pr\u00edsne dodr\u017eiavanie obchodn\u00e9ho tajomstva.<\/p>\t\t\t\t\t\t<\/div>\n\t\t\t\t<\/div>\n\t\t\t\t\t<\/div>\n\t\t<\/div>\n\t\t\t\t\t<\/div>\n\t\t<\/section>\n\t\t\t\t<section class=\"elementor-section elementor-top-section elementor-element elementor-element-ea12629 elementor-section-boxed elementor-section-height-default elementor-section-height-default\" data-id=\"ea12629\" data-element_type=\"section\">\n\t\t\t\t\t\t<div class=\"elementor-container elementor-column-gap-default\">\n\t\t\t\t\t<div class=\"elementor-column elementor-col-100 elementor-top-column elementor-element elementor-element-1e38d66\" data-id=\"1e38d66\" data-element_type=\"column\">\n\t\t\t<div class=\"elementor-widget-wrap elementor-element-populated\">\n\t\t\t\t\t\t<div class=\"elementor-element elementor-element-1a7af9f elementor-widget elementor-widget-spacer\" data-id=\"1a7af9f\" data-element_type=\"widget\" data-widget_type=\"spacer.default\">\n\t\t\t\t<div class=\"elementor-widget-container\">\n\t\t\t\t\t<div class=\"elementor-spacer\">\n\t\t\t<div class=\"elementor-spacer-inner\"><\/div>\n\t\t<\/div>\n\t\t\t\t<\/div>\n\t\t\t\t<\/div>\n\t\t\t\t<div class=\"elementor-element elementor-element-79a2ede elementor-align-center elementor-widget elementor-widget-button\" data-id=\"79a2ede\" data-element_type=\"widget\" data-widget_type=\"button.default\">\n\t\t\t\t<div class=\"elementor-widget-container\">\n\t\t\t\t\t<div class=\"elementor-button-wrapper\">\n\t\t\t<a class=\"elementor-button elementor-button-link elementor-size-md\" href=\"http:\/\/www.ssdz.sk\/ssdz\/wp-content\/uploads\/2020\/12\/kodex_etiky.pdf\">\n\t\t\t\t\t\t<span class=\"elementor-button-content-wrapper\">\n\t\t\t\t\t\t\t\t\t<span class=\"elementor-button-text\">K\u00f3dex etiky (PDF)<\/span>\n\t\t\t\t\t<\/span>\n\t\t\t\t\t<\/a>\n\t\t<\/div>\n\t\t\t\t<\/div>\n\t\t\t\t<\/div>\n\t\t\t\t<div class=\"elementor-element elementor-element-efb0bd1 elementor-widget elementor-widget-spacer\" data-id=\"efb0bd1\" data-element_type=\"widget\" data-widget_type=\"spacer.default\">\n\t\t\t\t<div class=\"elementor-widget-container\">\n\t\t\t\t\t<div class=\"elementor-spacer\">\n\t\t\t<div class=\"elementor-spacer-inner\"><\/div>\n\t\t<\/div>\n\t\t\t\t<\/div>\n\t\t\t\t<\/div>\n\t\t\t\t\t<\/div>\n\t\t<\/div>\n\t\t\t\t\t<\/div>\n\t\t<\/section>\n\t\t\t\t<\/div>\n\t\t","protected":false},"excerpt":{"rendered":"<p>K\u00f3dex etiky zamestnancov spolo\u010dnosti Spr\u00e1va slu\u017eieb diplomatick\u00e9mu zboru, a.s. (\u010falej len \u201eSSDZ, a.s.\u201c) definuje z\u00e1kladn\u00e9 princ\u00edpy a pravidl\u00e1 spr\u00e1vania sa zamestnancov SSDZ, a.s. D\u00f4le\u017eitos\u0165 etick\u00fdch noriem je dan\u00e1 povahou SSDZ, a.s. ako akciovej spolo\u010dnosti so 100% majetkovou \u00fa\u010das\u0165ou \u0161t\u00e1tu, ktorej jedin\u00fdm akcion\u00e1rom je Ministerstvo zahrani\u010dn\u00fdch vec\u00ed a\u00a0eur\u00f3pskych z\u00e1le\u017eitost\u00ed Slovenskej republiky a ktorej hlavn\u00fdm predmetom \u010dinnosti je pren\u00e1jom vlastn\u00fdch bytov\u00fdch a nebytov\u00fdch priestorov a\u00a0objektov a\u00a0poskytovanie &#8230;<\/p>\n","protected":false},"author":2,"featured_media":0,"parent":18660,"menu_order":0,"comment_status":"closed","ping_status":"closed","template":"","meta":{"footnotes":""},"class_list":["post-19840","page","type-page","status-publish","hentry"],"yoast_head":"<!-- This site is optimized with the Yoast SEO plugin v23.5 - https:\/\/yoast.com\/wordpress\/plugins\/seo\/ -->\n<title>K\u00f3dex etiky - Spr\u00e1va slu\u017eieb diplomatick\u00e9mu zboru<\/title>\n<meta name=\"robots\" content=\"index, follow, max-snippet:-1, max-image-preview:large, max-video-preview:-1\" \/>\n<link rel=\"canonical\" href=\"https:\/\/www.ssdz.sk\/ssdz\/ine\/kodex-etiky\/\" \/>\n<meta property=\"og:locale\" content=\"sk_SK\" \/>\n<meta property=\"og:type\" content=\"article\" \/>\n<meta property=\"og:title\" content=\"K\u00f3dex etiky - Spr\u00e1va slu\u017eieb diplomatick\u00e9mu zboru\" \/>\n<meta property=\"og:description\" content=\"K\u00f3dex etiky zamestnancov spolo\u010dnosti Spr\u00e1va slu\u017eieb diplomatick\u00e9mu zboru, a.s. (\u010falej len \u201eSSDZ, a.s.\u201c) definuje z\u00e1kladn\u00e9 princ\u00edpy a pravidl\u00e1 spr\u00e1vania sa zamestnancov SSDZ, a.s. D\u00f4le\u017eitos\u0165 etick\u00fdch noriem je dan\u00e1 povahou SSDZ, a.s. ako akciovej spolo\u010dnosti so 100% majetkovou \u00fa\u010das\u0165ou \u0161t\u00e1tu, ktorej jedin\u00fdm akcion\u00e1rom je Ministerstvo zahrani\u010dn\u00fdch vec\u00ed a\u00a0eur\u00f3pskych z\u00e1le\u017eitost\u00ed Slovenskej republiky a ktorej hlavn\u00fdm predmetom \u010dinnosti je pren\u00e1jom vlastn\u00fdch bytov\u00fdch a nebytov\u00fdch priestorov a\u00a0objektov a\u00a0poskytovanie ...\" \/>\n<meta property=\"og:url\" content=\"https:\/\/www.ssdz.sk\/ssdz\/ine\/kodex-etiky\/\" \/>\n<meta property=\"og:site_name\" content=\"Spr\u00e1va slu\u017eieb diplomatick\u00e9mu zboru\" \/>\n<meta property=\"article:modified_time\" content=\"2020-12-13T10:44:46+00:00\" \/>\n<meta name=\"twitter:card\" content=\"summary_large_image\" \/>\n<meta name=\"twitter:label1\" content=\"Predpokladan\u00fd \u010das \u010d\u00edtania\" \/>\n\t<meta name=\"twitter:data1\" content=\"1 min\u00fata\" \/>\n<script type=\"application\/ld+json\" class=\"yoast-schema-graph\">{\"@context\":\"https:\/\/schema.org\",\"@graph\":[{\"@type\":\"WebPage\",\"@id\":\"https:\/\/www.ssdz.sk\/ssdz\/ine\/kodex-etiky\/\",\"url\":\"https:\/\/www.ssdz.sk\/ssdz\/ine\/kodex-etiky\/\",\"name\":\"K\u00f3dex etiky - Spr\u00e1va slu\u017eieb diplomatick\u00e9mu zboru\",\"isPartOf\":{\"@id\":\"https:\/\/www.ssdz.sk\/ssdz\/#website\"},\"datePublished\":\"2020-12-10T17:33:43+00:00\",\"dateModified\":\"2020-12-13T10:44:46+00:00\",\"breadcrumb\":{\"@id\":\"https:\/\/www.ssdz.sk\/ssdz\/ine\/kodex-etiky\/#breadcrumb\"},\"inLanguage\":\"sk-SK\",\"potentialAction\":[{\"@type\":\"ReadAction\",\"target\":[\"https:\/\/www.ssdz.sk\/ssdz\/ine\/kodex-etiky\/\"]}]},{\"@type\":\"BreadcrumbList\",\"@id\":\"https:\/\/www.ssdz.sk\/ssdz\/ine\/kodex-etiky\/#breadcrumb\",\"itemListElement\":[{\"@type\":\"ListItem\",\"position\":1,\"name\":\"Domovsk\u00e1 str\u00e1nka\",\"item\":\"https:\/\/www.ssdz.sk\/ssdz\/\"},{\"@type\":\"ListItem\",\"position\":2,\"name\":\"In\u00e9\",\"item\":\"https:\/\/www.ssdz.sk\/ssdz\/ine\/\"},{\"@type\":\"ListItem\",\"position\":3,\"name\":\"K\u00f3dex etiky\"}]},{\"@type\":\"WebSite\",\"@id\":\"https:\/\/www.ssdz.sk\/ssdz\/#website\",\"url\":\"https:\/\/www.ssdz.sk\/ssdz\/\",\"name\":\"Spr\u00e1va slu\u017eieb diplomatick\u00e9mu zboru\",\"description\":\"\",\"potentialAction\":[{\"@type\":\"SearchAction\",\"target\":{\"@type\":\"EntryPoint\",\"urlTemplate\":\"https:\/\/www.ssdz.sk\/ssdz\/?s={search_term_string}\"},\"query-input\":{\"@type\":\"PropertyValueSpecification\",\"valueRequired\":true,\"valueName\":\"search_term_string\"}}],\"inLanguage\":\"sk-SK\"}]}<\/script>\n<!-- \/ Yoast SEO plugin. -->","yoast_head_json":{"title":"K\u00f3dex etiky - Spr\u00e1va slu\u017eieb diplomatick\u00e9mu zboru","robots":{"index":"index","follow":"follow","max-snippet":"max-snippet:-1","max-image-preview":"max-image-preview:large","max-video-preview":"max-video-preview:-1"},"canonical":"https:\/\/www.ssdz.sk\/ssdz\/ine\/kodex-etiky\/","og_locale":"sk_SK","og_type":"article","og_title":"K\u00f3dex etiky - Spr\u00e1va slu\u017eieb diplomatick\u00e9mu zboru","og_description":"K\u00f3dex etiky zamestnancov spolo\u010dnosti Spr\u00e1va slu\u017eieb diplomatick\u00e9mu zboru, a.s. (\u010falej len \u201eSSDZ, a.s.\u201c) definuje z\u00e1kladn\u00e9 princ\u00edpy a pravidl\u00e1 spr\u00e1vania sa zamestnancov SSDZ, a.s. D\u00f4le\u017eitos\u0165 etick\u00fdch noriem je dan\u00e1 povahou SSDZ, a.s. ako akciovej spolo\u010dnosti so 100% majetkovou \u00fa\u010das\u0165ou \u0161t\u00e1tu, ktorej jedin\u00fdm akcion\u00e1rom je Ministerstvo zahrani\u010dn\u00fdch vec\u00ed a\u00a0eur\u00f3pskych z\u00e1le\u017eitost\u00ed Slovenskej republiky a ktorej hlavn\u00fdm predmetom \u010dinnosti je pren\u00e1jom vlastn\u00fdch bytov\u00fdch a nebytov\u00fdch priestorov a\u00a0objektov a\u00a0poskytovanie ...","og_url":"https:\/\/www.ssdz.sk\/ssdz\/ine\/kodex-etiky\/","og_site_name":"Spr\u00e1va slu\u017eieb diplomatick\u00e9mu zboru","article_modified_time":"2020-12-13T10:44:46+00:00","twitter_card":"summary_large_image","twitter_misc":{"Predpokladan\u00fd \u010das \u010d\u00edtania":"1 min\u00fata"},"schema":{"@context":"https:\/\/schema.org","@graph":[{"@type":"WebPage","@id":"https:\/\/www.ssdz.sk\/ssdz\/ine\/kodex-etiky\/","url":"https:\/\/www.ssdz.sk\/ssdz\/ine\/kodex-etiky\/","name":"K\u00f3dex etiky - Spr\u00e1va slu\u017eieb diplomatick\u00e9mu zboru","isPartOf":{"@id":"https:\/\/www.ssdz.sk\/ssdz\/#website"},"datePublished":"2020-12-10T17:33:43+00:00","dateModified":"2020-12-13T10:44:46+00:00","breadcrumb":{"@id":"https:\/\/www.ssdz.sk\/ssdz\/ine\/kodex-etiky\/#breadcrumb"},"inLanguage":"sk-SK","potentialAction":[{"@type":"ReadAction","target":["https:\/\/www.ssdz.sk\/ssdz\/ine\/kodex-etiky\/"]}]},{"@type":"BreadcrumbList","@id":"https:\/\/www.ssdz.sk\/ssdz\/ine\/kodex-etiky\/#breadcrumb","itemListElement":[{"@type":"ListItem","position":1,"name":"Domovsk\u00e1 str\u00e1nka","item":"https:\/\/www.ssdz.sk\/ssdz\/"},{"@type":"ListItem","position":2,"name":"In\u00e9","item":"https:\/\/www.ssdz.sk\/ssdz\/ine\/"},{"@type":"ListItem","position":3,"name":"K\u00f3dex etiky"}]},{"@type":"WebSite","@id":"https:\/\/www.ssdz.sk\/ssdz\/#website","url":"https:\/\/www.ssdz.sk\/ssdz\/","name":"Spr\u00e1va slu\u017eieb diplomatick\u00e9mu zboru","description":"","potentialAction":[{"@type":"SearchAction","target":{"@type":"EntryPoint","urlTemplate":"https:\/\/www.ssdz.sk\/ssdz\/?s={search_term_string}"},"query-input":{"@type":"PropertyValueSpecification","valueRequired":true,"valueName":"search_term_string"}}],"inLanguage":"sk-SK"}]}},"_links":{"self":[{"href":"https:\/\/www.ssdz.sk\/ssdz\/wp-json\/wp\/v2\/pages\/19840"}],"collection":[{"href":"https:\/\/www.ssdz.sk\/ssdz\/wp-json\/wp\/v2\/pages"}],"about":[{"href":"https:\/\/www.ssdz.sk\/ssdz\/wp-json\/wp\/v2\/types\/page"}],"author":[{"embeddable":true,"href":"https:\/\/www.ssdz.sk\/ssdz\/wp-json\/wp\/v2\/users\/2"}],"replies":[{"embeddable":true,"href":"https:\/\/www.ssdz.sk\/ssdz\/wp-json\/wp\/v2\/comments?post=19840"}],"version-history":[{"count":17,"href":"https:\/\/www.ssdz.sk\/ssdz\/wp-json\/wp\/v2\/pages\/19840\/revisions"}],"predecessor-version":[{"id":20030,"href":"https:\/\/www.ssdz.sk\/ssdz\/wp-json\/wp\/v2\/pages\/19840\/revisions\/20030"}],"up":[{"embeddable":true,"href":"https:\/\/www.ssdz.sk\/ssdz\/wp-json\/wp\/v2\/pages\/18660"}],"wp:attachment":[{"href":"https:\/\/www.ssdz.sk\/ssdz\/wp-json\/wp\/v2\/media?parent=19840"}],"curies":[{"name":"wp","href":"https:\/\/api.w.org\/{rel}","templated":true}]}}