{"id":19867,"date":"2020-12-10T18:48:45","date_gmt":"2020-12-10T17:48:45","guid":{"rendered":"http:\/\/new-web.ssdz.sk\/ssdz\/?page_id=19867"},"modified":"2024-09-18T09:20:48","modified_gmt":"2024-09-18T07:20:48","slug":"sponzoring-a-2-percenta-z-dane","status":"publish","type":"page","link":"https:\/\/www.ssdz.sk\/ssdz\/ine\/sponzoring-a-2-percenta-z-dane\/","title":{"rendered":"Sponzoring a 2 percent\u00e1 z dane"},"content":{"rendered":"<p>V r\u00e1mci pride\u013eovan\u00ed sponzorsk\u00fdch pr\u00edspevkov a poukazovan\u00ed 2% podielu zo zaplatenej dane sa spolo\u010dnos\u0165 Spr\u00e1va slu\u017eieb diplomatick\u00e9mu zboru, a.s. s\u00fastre\u010fuje prioritne na oblasti\u00a0<strong>deti a zdravie, kult\u00fara, znev\u00fdhodnen\u00e9 skupiny a \u0161port.<\/strong><\/p>\n<p>\u00a0<\/p>\n<p><strong>Mo\u017en\u00e9 formy podpory<\/strong><br \/>1\/ sponzorsk\u00fd pr\u00edspevok (dar)<br \/>2\/ asign\u00e1cia 2% dane z pr\u00edjmu<\/p>\n<h3>Zoznam poskytnut\u00fdch sponzorsk\u00fdch pr\u00edspevkov\/darov<\/h3>\n<table border=\"0\" width=\"100%\" cellspacing=\"3\" cellpadding=\"0\">\n<tbody>\n<tr>\n<td>\n<p align=\"center\"><strong>N\u00e1zov<\/strong><\/p>\n<\/td>\n<td>\n<p align=\"center\"><strong>Term\u00edn podpisu<\/strong><\/p>\n<\/td>\n<td>\n<p align=\"center\"><strong>Sponzorsk\u00fd pr\u00edspevok\/dar<\/strong><\/p>\n<\/td>\n<td>\n<p align=\"center\"><strong>Zmluvn\u00fd partner<\/strong><\/p>\n<\/td>\n<\/tr>\n<tr>\n<td>Sponzorsk\u00e1 zmluva<\/td>\n<td>10.07.12<\/td>\n<td>350,00 \u20ac<\/td>\n<td>Ob\u010dianske zdru\u017eenie Seniori Slovenskej Diplomacie<\/td>\n<\/tr>\n<tr>\n<td>Darovacia zmluva<\/td>\n<td>12.12.12<\/td>\n<td>150,00 \u20ac<\/td>\n<td>PLAMIENOK, n.o.<\/td>\n<\/tr>\n<tr>\n<td>Sponzorsk\u00e1 zmluva<\/td>\n<td>25.04.13<\/td>\n<td>350,00 \u20ac<\/td>\n<td>Ob\u010dianske zdru\u017eenie Seniori Slovenskej Diplomacie<\/td>\n<\/tr>\n<tr>\n<td>Sponzorsk\u00e1 zmluva<\/td>\n<td>31.10.13<\/td>\n<td>400,00 \u20ac<\/td>\n<td>Slovensk\u00e1 agent\u00fara na podporu zdravotne postihnut\u00fdch ob\u010danov<\/td>\n<\/tr>\n<tr>\n<td>Sponzorsk\u00e1 zmluva<\/td>\n<td>16.04.14<\/td>\n<td>350,00 \u20ac<\/td>\n<td>Ob\u010dianske zdru\u017eenie Seniori Slovenskej Diplomacie<\/td>\n<\/tr>\n<tr>\n<td>Darovacia zmluva<\/td>\n<td>18.12.14<\/td>\n<td>500,00 \u20ac<\/td>\n<td>PLAMIENOK, n.o.<\/td>\n<\/tr>\n<tr>\n<td>Sponzorsk\u00e1 zmluva<\/td>\n<td>19.03.15<\/td>\n<td>600,00 \u20ac<\/td>\n<td>Ob\u010dianske zdru\u017eenie seniorov diplomacie<\/td>\n<\/tr>\n<tr>\n<td>Darovacia zmluva<\/td>\n<td>03.12.15<\/td>\n<td>400,00 \u20ac<\/td>\n<td>PLAMIENOK, n.o.<\/td>\n<\/tr>\n<tr>\n<td>Darovacia zmluva<\/td>\n<td>02.12.16<\/td>\n<td>500,00 \u20ac<\/td>\n<td>PLAMIENOK, n.o.<\/td>\n<\/tr>\n<tr>\n<td>Sponzorsk\u00e1 zmluva<\/td>\n<td>30.03.17<\/td>\n<td>500,00 \u20ac<\/td>\n<td>Ob\u010dianske zdru\u017eenie seniorov diplomacie<\/td>\n<\/tr>\n<tr>\n<td>Darovacia zmluva<\/td>\n<td>18.12.17<\/td>\n<td>500,00 \u20ac<\/td>\n<td>PLAMIENOK, n.o.<\/td>\n<\/tr>\n<tr>\n<td>Sponzorsk\u00e1 zmluva<\/td>\n<td>21.06.18<\/td>\n<td>500,00 \u20ac<\/td>\n<td>Ob\u010dianske zdru\u017eenie seniorov diplomacie<\/td>\n<\/tr>\n<tr>\n<td>\n<p>Sponzorsk\u00e1 zmluva<\/p>\n<p>Sponzorsk\u00e1\u00a0zmluva<\/p>\n<p>Sponzorsk\u00e1 zmluva<\/p>\n<p>Sponzorsk\u00e1 zmluva<\/p>\n<p>Sponzorsk\u00e1 zmluva<\/p>\n<\/td>\n<td>\n<p>21.05.19<\/p>\n<p>\u00a003.03.20<\/p>\n<p>24.06.21<\/p>\n<p>07.06.22<\/p>\n<p>14.03.2023<\/p>\n<\/td>\n<td>\n<p>500,00 \u20ac<\/p>\n<p>500,00\u00a0\u20ac<\/p>\n<p>500,00\u00a0\u20ac<\/p>\n<p>500,00\u00a0\u20ac<\/p>\n<p>300,00 \u20ac<\/p>\n<\/td>\n<td>\n<p>Ob\u010dianske zdru\u017eenie seniorov diplomacie<\/p>\n<p>Ob\u010dianske zdru\u017eenie seniorov diplomacie<\/p>\n<p>Ob\u010dianske zdru\u017eenie seniorov diplomacie<\/p>\n<p>Ob\u010dianske zdru\u017eenie seniorov diplomacie<\/p>\n<p>Ob\u010dianske zdru\u017eenie seniorov diplomacie<\/p>\n<p>\u00a0<\/p>\n<p>\u00a0<\/p>\n<\/td>\n<\/tr>\n<\/tbody>\n<\/table>\n<h3>Zoznam prij\u00edmate\u013eov podielu zaplatenej dane na osobitn\u00e9 \u00fa\u010dely (tzv. 2% z dane)<\/h3>\n<table border=\"0\" width=\"100%\" cellspacing=\"3\" cellpadding=\"0\">\n<tbody>\n<tr>\n<td>\n<p align=\"center\"><strong>Za rok<\/strong><\/p>\n<\/td>\n<td>\n<p align=\"center\"><strong>Prij\u00edmate\u013e podielu zaplatenej dane na osobitn\u00e9 \u00fa\u010dely<\/strong><\/p>\n<\/td>\n<td>\n<p align=\"center\"><strong>Podiel zaplatenej dane na osobitn\u00e9 \u00fa\u010dely v EUR<\/strong><\/p>\n<\/td>\n<\/tr>\n<tr>\n<td>2012<\/td>\n<td>&#8212;&#8212;&#8212;&#8212;&#8212;&#8212;&#8212;&#8212;&#8212;&#8212;<\/td>\n<td>0<\/td>\n<\/tr>\n<tr>\n<td>2013<\/td>\n<td>PLAMIENOK n.o.<\/td>\n<td>28,99<\/td>\n<\/tr>\n<tr>\n<td>2014<\/td>\n<td>PLAMIENOK n.o.<\/td>\n<td>122,85<\/td>\n<\/tr>\n<tr>\n<td>2015<\/td>\n<td>PLAMIENOK n.o.<\/td>\n<td>310,22<\/td>\n<\/tr>\n<tr>\n<td>2016<\/td>\n<td>PLAMIENOK n.o.<\/td>\n<td>498,36<\/td>\n<\/tr>\n<tr>\n<td>2017<\/td>\n<td>PLAMIENOK n.o.<\/td>\n<td>1784,08<\/td>\n<\/tr>\n<tr>\n<td>\n<p>2018<\/p>\n<p>2019<\/p>\n<p>2020<\/p>\n<p>2021<\/p>\n<p>2022<\/p>\n<p>2023<\/p>\n<p>\u00a0<\/p>\n<\/td>\n<td>\n<p>PLAMIENOK n.o.<\/p>\n<p>PLAMIENOK n.o.<\/p>\n<p>PLAMIENOK n.o.<\/p>\n<p>PLAMIENOK n.o.<\/p>\n<p>PLAMIENOK n.o.<\/p>\n<p>PLAMIENOK n.o.<\/p>\n<\/td>\n<td>\n<p>831,76<\/p>\n<p>4551,58<\/p>\n<p>1718,64<\/p>\n<p>1674,52<\/p>\n<p>1170,25<\/p>\n<p>897,96<\/p>\n<p>\u00a0<\/p>\n<\/td>\n<\/tr>\n<\/tbody>\n<\/table>\n","protected":false},"excerpt":{"rendered":"<p>V r\u00e1mci pride\u013eovan\u00ed sponzorsk\u00fdch pr\u00edspevkov a poukazovan\u00ed 2% podielu zo zaplatenej dane sa spolo\u010dnos\u0165 Spr\u00e1va slu\u017eieb diplomatick\u00e9mu zboru, a.s. s\u00fastre\u010fuje prioritne na oblasti\u00a0deti a zdravie, kult\u00fara, znev\u00fdhodnen\u00e9 skupiny a \u0161port. \u00a0 Mo\u017en\u00e9 formy podpory1\/ sponzorsk\u00fd pr\u00edspevok (dar)2\/ asign\u00e1cia 2% dane z pr\u00edjmu Zoznam poskytnut\u00fdch sponzorsk\u00fdch pr\u00edspevkov\/darov N\u00e1zov Term\u00edn podpisu Sponzorsk\u00fd pr\u00edspevok\/dar Zmluvn\u00fd partner Sponzorsk\u00e1 zmluva 10.07.12 350,00 \u20ac Ob\u010dianske zdru\u017eenie Seniori Slovenskej Diplomacie Darovacia &#8230;<\/p>\n","protected":false},"author":2,"featured_media":0,"parent":18660,"menu_order":0,"comment_status":"closed","ping_status":"closed","template":"","meta":{"footnotes":""},"class_list":["post-19867","page","type-page","status-publish","hentry"],"yoast_head":"<!-- This site is optimized with the Yoast SEO plugin v23.5 - https:\/\/yoast.com\/wordpress\/plugins\/seo\/ -->\n<title>Sponzoring a 2 percent\u00e1 z dane - Spr\u00e1va slu\u017eieb diplomatick\u00e9mu zboru<\/title>\n<meta name=\"robots\" content=\"index, follow, max-snippet:-1, max-image-preview:large, max-video-preview:-1\" \/>\n<link rel=\"canonical\" href=\"https:\/\/www.ssdz.sk\/ssdz\/ine\/sponzoring-a-2-percenta-z-dane\/\" \/>\n<meta property=\"og:locale\" content=\"sk_SK\" \/>\n<meta property=\"og:type\" content=\"article\" \/>\n<meta property=\"og:title\" content=\"Sponzoring a 2 percent\u00e1 z dane - Spr\u00e1va slu\u017eieb diplomatick\u00e9mu zboru\" \/>\n<meta property=\"og:description\" content=\"V r\u00e1mci pride\u013eovan\u00ed sponzorsk\u00fdch pr\u00edspevkov a poukazovan\u00ed 2% podielu zo zaplatenej dane sa spolo\u010dnos\u0165 Spr\u00e1va slu\u017eieb diplomatick\u00e9mu zboru, a.s. s\u00fastre\u010fuje prioritne na oblasti\u00a0deti a zdravie, kult\u00fara, znev\u00fdhodnen\u00e9 skupiny a \u0161port. \u00a0 Mo\u017en\u00e9 formy podpory1\/ sponzorsk\u00fd pr\u00edspevok (dar)2\/ asign\u00e1cia 2% dane z pr\u00edjmu Zoznam poskytnut\u00fdch sponzorsk\u00fdch pr\u00edspevkov\/darov N\u00e1zov Term\u00edn podpisu Sponzorsk\u00fd pr\u00edspevok\/dar Zmluvn\u00fd partner Sponzorsk\u00e1 zmluva 10.07.12 350,00 \u20ac Ob\u010dianske zdru\u017eenie Seniori Slovenskej Diplomacie Darovacia ...\" \/>\n<meta property=\"og:url\" content=\"https:\/\/www.ssdz.sk\/ssdz\/ine\/sponzoring-a-2-percenta-z-dane\/\" \/>\n<meta property=\"og:site_name\" content=\"Spr\u00e1va slu\u017eieb diplomatick\u00e9mu zboru\" \/>\n<meta property=\"article:modified_time\" content=\"2024-09-18T07:20:48+00:00\" \/>\n<meta name=\"twitter:card\" content=\"summary_large_image\" \/>\n<meta name=\"twitter:label1\" content=\"Predpokladan\u00fd \u010das \u010d\u00edtania\" \/>\n\t<meta name=\"twitter:data1\" content=\"2 min\u00faty\" \/>\n<script type=\"application\/ld+json\" class=\"yoast-schema-graph\">{\"@context\":\"https:\/\/schema.org\",\"@graph\":[{\"@type\":\"WebPage\",\"@id\":\"https:\/\/www.ssdz.sk\/ssdz\/ine\/sponzoring-a-2-percenta-z-dane\/\",\"url\":\"https:\/\/www.ssdz.sk\/ssdz\/ine\/sponzoring-a-2-percenta-z-dane\/\",\"name\":\"Sponzoring a 2 percent\u00e1 z dane - Spr\u00e1va slu\u017eieb diplomatick\u00e9mu zboru\",\"isPartOf\":{\"@id\":\"https:\/\/www.ssdz.sk\/ssdz\/#website\"},\"datePublished\":\"2020-12-10T17:48:45+00:00\",\"dateModified\":\"2024-09-18T07:20:48+00:00\",\"breadcrumb\":{\"@id\":\"https:\/\/www.ssdz.sk\/ssdz\/ine\/sponzoring-a-2-percenta-z-dane\/#breadcrumb\"},\"inLanguage\":\"sk-SK\",\"potentialAction\":[{\"@type\":\"ReadAction\",\"target\":[\"https:\/\/www.ssdz.sk\/ssdz\/ine\/sponzoring-a-2-percenta-z-dane\/\"]}]},{\"@type\":\"BreadcrumbList\",\"@id\":\"https:\/\/www.ssdz.sk\/ssdz\/ine\/sponzoring-a-2-percenta-z-dane\/#breadcrumb\",\"itemListElement\":[{\"@type\":\"ListItem\",\"position\":1,\"name\":\"Domovsk\u00e1 str\u00e1nka\",\"item\":\"https:\/\/www.ssdz.sk\/ssdz\/\"},{\"@type\":\"ListItem\",\"position\":2,\"name\":\"In\u00e9\",\"item\":\"https:\/\/www.ssdz.sk\/ssdz\/ine\/\"},{\"@type\":\"ListItem\",\"position\":3,\"name\":\"Sponzoring a 2 percent\u00e1 z dane\"}]},{\"@type\":\"WebSite\",\"@id\":\"https:\/\/www.ssdz.sk\/ssdz\/#website\",\"url\":\"https:\/\/www.ssdz.sk\/ssdz\/\",\"name\":\"Spr\u00e1va slu\u017eieb diplomatick\u00e9mu zboru\",\"description\":\"\",\"potentialAction\":[{\"@type\":\"SearchAction\",\"target\":{\"@type\":\"EntryPoint\",\"urlTemplate\":\"https:\/\/www.ssdz.sk\/ssdz\/?s={search_term_string}\"},\"query-input\":{\"@type\":\"PropertyValueSpecification\",\"valueRequired\":true,\"valueName\":\"search_term_string\"}}],\"inLanguage\":\"sk-SK\"}]}<\/script>\n<!-- \/ Yoast SEO plugin. -->","yoast_head_json":{"title":"Sponzoring a 2 percent\u00e1 z dane - Spr\u00e1va slu\u017eieb diplomatick\u00e9mu zboru","robots":{"index":"index","follow":"follow","max-snippet":"max-snippet:-1","max-image-preview":"max-image-preview:large","max-video-preview":"max-video-preview:-1"},"canonical":"https:\/\/www.ssdz.sk\/ssdz\/ine\/sponzoring-a-2-percenta-z-dane\/","og_locale":"sk_SK","og_type":"article","og_title":"Sponzoring a 2 percent\u00e1 z dane - Spr\u00e1va slu\u017eieb diplomatick\u00e9mu zboru","og_description":"V r\u00e1mci pride\u013eovan\u00ed sponzorsk\u00fdch pr\u00edspevkov a poukazovan\u00ed 2% podielu zo zaplatenej dane sa spolo\u010dnos\u0165 Spr\u00e1va slu\u017eieb diplomatick\u00e9mu zboru, a.s. s\u00fastre\u010fuje prioritne na oblasti\u00a0deti a zdravie, kult\u00fara, znev\u00fdhodnen\u00e9 skupiny a \u0161port. \u00a0 Mo\u017en\u00e9 formy podpory1\/ sponzorsk\u00fd pr\u00edspevok (dar)2\/ asign\u00e1cia 2% dane z pr\u00edjmu Zoznam poskytnut\u00fdch sponzorsk\u00fdch pr\u00edspevkov\/darov N\u00e1zov Term\u00edn podpisu Sponzorsk\u00fd pr\u00edspevok\/dar Zmluvn\u00fd partner Sponzorsk\u00e1 zmluva 10.07.12 350,00 \u20ac Ob\u010dianske zdru\u017eenie Seniori Slovenskej Diplomacie Darovacia ...","og_url":"https:\/\/www.ssdz.sk\/ssdz\/ine\/sponzoring-a-2-percenta-z-dane\/","og_site_name":"Spr\u00e1va slu\u017eieb diplomatick\u00e9mu zboru","article_modified_time":"2024-09-18T07:20:48+00:00","twitter_card":"summary_large_image","twitter_misc":{"Predpokladan\u00fd \u010das \u010d\u00edtania":"2 min\u00faty"},"schema":{"@context":"https:\/\/schema.org","@graph":[{"@type":"WebPage","@id":"https:\/\/www.ssdz.sk\/ssdz\/ine\/sponzoring-a-2-percenta-z-dane\/","url":"https:\/\/www.ssdz.sk\/ssdz\/ine\/sponzoring-a-2-percenta-z-dane\/","name":"Sponzoring a 2 percent\u00e1 z dane - Spr\u00e1va slu\u017eieb diplomatick\u00e9mu zboru","isPartOf":{"@id":"https:\/\/www.ssdz.sk\/ssdz\/#website"},"datePublished":"2020-12-10T17:48:45+00:00","dateModified":"2024-09-18T07:20:48+00:00","breadcrumb":{"@id":"https:\/\/www.ssdz.sk\/ssdz\/ine\/sponzoring-a-2-percenta-z-dane\/#breadcrumb"},"inLanguage":"sk-SK","potentialAction":[{"@type":"ReadAction","target":["https:\/\/www.ssdz.sk\/ssdz\/ine\/sponzoring-a-2-percenta-z-dane\/"]}]},{"@type":"BreadcrumbList","@id":"https:\/\/www.ssdz.sk\/ssdz\/ine\/sponzoring-a-2-percenta-z-dane\/#breadcrumb","itemListElement":[{"@type":"ListItem","position":1,"name":"Domovsk\u00e1 str\u00e1nka","item":"https:\/\/www.ssdz.sk\/ssdz\/"},{"@type":"ListItem","position":2,"name":"In\u00e9","item":"https:\/\/www.ssdz.sk\/ssdz\/ine\/"},{"@type":"ListItem","position":3,"name":"Sponzoring a 2 percent\u00e1 z dane"}]},{"@type":"WebSite","@id":"https:\/\/www.ssdz.sk\/ssdz\/#website","url":"https:\/\/www.ssdz.sk\/ssdz\/","name":"Spr\u00e1va slu\u017eieb diplomatick\u00e9mu zboru","description":"","potentialAction":[{"@type":"SearchAction","target":{"@type":"EntryPoint","urlTemplate":"https:\/\/www.ssdz.sk\/ssdz\/?s={search_term_string}"},"query-input":{"@type":"PropertyValueSpecification","valueRequired":true,"valueName":"search_term_string"}}],"inLanguage":"sk-SK"}]}},"_links":{"self":[{"href":"https:\/\/www.ssdz.sk\/ssdz\/wp-json\/wp\/v2\/pages\/19867"}],"collection":[{"href":"https:\/\/www.ssdz.sk\/ssdz\/wp-json\/wp\/v2\/pages"}],"about":[{"href":"https:\/\/www.ssdz.sk\/ssdz\/wp-json\/wp\/v2\/types\/page"}],"author":[{"embeddable":true,"href":"https:\/\/www.ssdz.sk\/ssdz\/wp-json\/wp\/v2\/users\/2"}],"replies":[{"embeddable":true,"href":"https:\/\/www.ssdz.sk\/ssdz\/wp-json\/wp\/v2\/comments?post=19867"}],"version-history":[{"count":52,"href":"https:\/\/www.ssdz.sk\/ssdz\/wp-json\/wp\/v2\/pages\/19867\/revisions"}],"predecessor-version":[{"id":23050,"href":"https:\/\/www.ssdz.sk\/ssdz\/wp-json\/wp\/v2\/pages\/19867\/revisions\/23050"}],"up":[{"embeddable":true,"href":"https:\/\/www.ssdz.sk\/ssdz\/wp-json\/wp\/v2\/pages\/18660"}],"wp:attachment":[{"href":"https:\/\/www.ssdz.sk\/ssdz\/wp-json\/wp\/v2\/media?parent=19867"}],"curies":[{"name":"wp","href":"https:\/\/api.w.org\/{rel}","templated":true}]}}